{"id":743,"date":"2021-04-02T18:47:02","date_gmt":"2021-04-02T18:47:02","guid":{"rendered":"http:\/\/edulingua.net\/edupage\/?page_id=743"},"modified":"2021-05-03T06:16:20","modified_gmt":"2021-05-03T06:16:20","slug":"romani-3","status":"publish","type":"page","link":"https:\/\/edulingua.net\/edupage\/romani-3\/","title":{"rendered":"Romani"},"content":{"rendered":"\t\t<div data-elementor-type=\"wp-page\" data-elementor-id=\"743\" class=\"elementor elementor-743\" data-elementor-post-type=\"page\">\n\t\t\t\t\t\t<section class=\"elementor-section elementor-top-section elementor-element elementor-element-0430701 elementor-section-boxed elementor-section-height-default elementor-section-height-default\" data-id=\"0430701\" data-element_type=\"section\" data-e-type=\"section\">\n\t\t\t\t\t\t<div class=\"elementor-container elementor-column-gap-default\">\n\t\t\t\t\t<div class=\"elementor-column elementor-col-33 elementor-top-column elementor-element elementor-element-433857e\" data-id=\"433857e\" data-element_type=\"column\" data-e-type=\"column\">\n\t\t\t<div class=\"elementor-widget-wrap elementor-element-populated\">\n\t\t\t\t\t\t<div class=\"elementor-element elementor-element-f2547d6 elementor-widget elementor-widget-image\" data-id=\"f2547d6\" data-element_type=\"widget\" data-e-type=\"widget\" data-widget_type=\"image.default\">\n\t\t\t\t<div class=\"elementor-widget-container\">\n\t\t\t\t\t\t\t\t\t\t\t\t<figure class=\"wp-caption\">\n\t\t\t\t\t\t\t\t\t\t\t<a href=\"http:\/\/edulingua.net\/document\/NyelvEs\u00e9ly%20Projekt%20\u2013%20\u201eMi%20vil\u00e1gunk%20Kedvesh\u00e1z\u201d.pdf\">\n\t\t\t\t\t\t\t<img fetchpriority=\"high\" decoding=\"async\" width=\"508\" height=\"664\" src=\"https:\/\/edulingua.net\/edupage\/wp-content\/uploads\/2021\/04\/Edu_fuzet.jpg\" class=\"attachment-large size-large wp-image-998\" alt=\"\" srcset=\"https:\/\/edulingua.net\/edupage\/wp-content\/uploads\/2021\/04\/Edu_fuzet.jpg 508w, https:\/\/edulingua.net\/edupage\/wp-content\/uploads\/2021\/04\/Edu_fuzet-230x300.jpg 230w\" sizes=\"(max-width: 508px) 100vw, 508px\" \/>\t\t\t\t\t\t\t\t<\/a>\n\t\t\t\t\t\t\t\t\t\t\t<figcaption class=\"widget-image-caption wp-caption-text\">NyelvEs\u00e9ly Projekt \u2013 \u201eMi vil\u00e1gunk Kedvesh\u00e1z\u201d <br><\/figcaption>\n\t\t\t\t\t\t\t\t\t\t<\/figure>\n\t\t\t\t\t\t\t\t\t<\/div>\n\t\t\t\t<\/div>\n\t\t\t\t\t<\/div>\n\t\t<\/div>\n\t\t\t\t<div class=\"elementor-column elementor-col-33 elementor-top-column elementor-element elementor-element-c7d5bee\" data-id=\"c7d5bee\" data-element_type=\"column\" data-e-type=\"column\">\n\t\t\t<div class=\"elementor-widget-wrap elementor-element-populated\">\n\t\t\t\t\t\t<div class=\"elementor-element elementor-element-4d2046f elementor-widget elementor-widget-image\" data-id=\"4d2046f\" data-element_type=\"widget\" data-e-type=\"widget\" data-widget_type=\"image.default\">\n\t\t\t\t<div class=\"elementor-widget-container\">\n\t\t\t\t\t\t\t\t\t\t\t\t<figure class=\"wp-caption\">\n\t\t\t\t\t\t\t\t\t\t\t<a href=\"http:\/\/edulingua.net\/document\/Romani_magyar_pedag\u00f3gussz\u00f3t\u00e1r.pdf\">\n\t\t\t\t\t\t\t<img fetchpriority=\"high\" decoding=\"async\" width=\"508\" height=\"664\" src=\"https:\/\/edulingua.net\/edupage\/wp-content\/uploads\/2021\/04\/Edu_fuzet.jpg\" class=\"attachment-large size-large wp-image-998\" alt=\"\" srcset=\"https:\/\/edulingua.net\/edupage\/wp-content\/uploads\/2021\/04\/Edu_fuzet.jpg 508w, https:\/\/edulingua.net\/edupage\/wp-content\/uploads\/2021\/04\/Edu_fuzet-230x300.jpg 230w\" sizes=\"(max-width: 508px) 100vw, 508px\" \/>\t\t\t\t\t\t\t\t<\/a>\n\t\t\t\t\t\t\t\t\t\t\t<figcaption class=\"widget-image-caption wp-caption-text\">Romani magyar pedag\u00f3gussz\u00f3t\u00e1r <br><\/figcaption>\n\t\t\t\t\t\t\t\t\t\t<\/figure>\n\t\t\t\t\t\t\t\t\t<\/div>\n\t\t\t\t<\/div>\n\t\t\t\t\t<\/div>\n\t\t<\/div>\n\t\t\t\t<div class=\"elementor-column elementor-col-33 elementor-top-column elementor-element elementor-element-58babba\" data-id=\"58babba\" data-element_type=\"column\" data-e-type=\"column\">\n\t\t\t<div class=\"elementor-widget-wrap elementor-element-populated\">\n\t\t\t\t\t\t<div class=\"elementor-element elementor-element-12c89a0 elementor-widget elementor-widget-image\" data-id=\"12c89a0\" data-element_type=\"widget\" data-e-type=\"widget\" data-widget_type=\"image.default\">\n\t\t\t\t<div class=\"elementor-widget-container\">\n\t\t\t\t\t\t\t\t\t\t\t\t<figure class=\"wp-caption\">\n\t\t\t\t\t\t\t\t\t\t\t<a href=\"http:\/\/edulingua.net\/document\/TAN\u00c1RI%20MONITOR%20NAPL\u00d3.pdf\">\n\t\t\t\t\t\t\t<img fetchpriority=\"high\" decoding=\"async\" width=\"508\" height=\"664\" src=\"https:\/\/edulingua.net\/edupage\/wp-content\/uploads\/2021\/04\/Edu_fuzet.jpg\" class=\"attachment-large size-large wp-image-998\" alt=\"\" srcset=\"https:\/\/edulingua.net\/edupage\/wp-content\/uploads\/2021\/04\/Edu_fuzet.jpg 508w, https:\/\/edulingua.net\/edupage\/wp-content\/uploads\/2021\/04\/Edu_fuzet-230x300.jpg 230w\" sizes=\"(max-width: 508px) 100vw, 508px\" \/>\t\t\t\t\t\t\t\t<\/a>\n\t\t\t\t\t\t\t\t\t\t\t<figcaption class=\"widget-image-caption wp-caption-text\">Tan\u00e1ri monitor napl\u00f3<br><\/figcaption>\n\t\t\t\t\t\t\t\t\t\t<\/figure>\n\t\t\t\t\t\t\t\t\t<\/div>\n\t\t\t\t<\/div>\n\t\t\t\t\t<\/div>\n\t\t<\/div>\n\t\t\t\t\t<\/div>\n\t\t<\/section>\n\t\t\t\t<section class=\"elementor-section elementor-top-section elementor-element elementor-element-e027467 elementor-section-boxed elementor-section-height-default elementor-section-height-default\" data-id=\"e027467\" data-element_type=\"section\" data-e-type=\"section\">\n\t\t\t\t\t\t<div class=\"elementor-container elementor-column-gap-default\">\n\t\t\t\t\t<div class=\"elementor-column elementor-col-33 elementor-top-column elementor-element elementor-element-7722567\" data-id=\"7722567\" data-element_type=\"column\" data-e-type=\"column\">\n\t\t\t<div class=\"elementor-widget-wrap\">\n\t\t\t\t\t\t\t<\/div>\n\t\t<\/div>\n\t\t\t\t<div class=\"elementor-column elementor-col-33 elementor-top-column elementor-element elementor-element-87ead2a\" data-id=\"87ead2a\" data-element_type=\"column\" data-e-type=\"column\">\n\t\t\t<div class=\"elementor-widget-wrap elementor-element-populated\">\n\t\t\t\t\t\t<div class=\"elementor-element elementor-element-e8d01b9 elementor-widget elementor-widget-image\" data-id=\"e8d01b9\" data-element_type=\"widget\" data-e-type=\"widget\" data-widget_type=\"image.default\">\n\t\t\t\t<div class=\"elementor-widget-container\">\n\t\t\t\t\t\t\t\t\t\t\t\t<figure class=\"wp-caption\">\n\t\t\t\t\t\t\t\t\t\t\t<a href=\"http:\/\/edulingua.net\/document\/f_2.%20oldal%20m\u00e9ret%20Nyelvi%20f\u00e9szek_Tan\u00e1ri%20seg\u00e9dlet.pdf\">\n\t\t\t\t\t\t\t<img fetchpriority=\"high\" decoding=\"async\" width=\"508\" height=\"664\" src=\"https:\/\/edulingua.net\/edupage\/wp-content\/uploads\/2021\/04\/Edu_fuzet.jpg\" class=\"attachment-large size-large wp-image-998\" alt=\"\" srcset=\"https:\/\/edulingua.net\/edupage\/wp-content\/uploads\/2021\/04\/Edu_fuzet.jpg 508w, https:\/\/edulingua.net\/edupage\/wp-content\/uploads\/2021\/04\/Edu_fuzet-230x300.jpg 230w\" sizes=\"(max-width: 508px) 100vw, 508px\" \/>\t\t\t\t\t\t\t\t<\/a>\n\t\t\t\t\t\t\t\t\t\t\t<figcaption class=\"widget-image-caption wp-caption-text\">Nyelvi f\u00e9szek \u00e9s kisebbs\u00e9gi nyelvi nevel\u00e9s<\/figcaption>\n\t\t\t\t\t\t\t\t\t\t<\/figure>\n\t\t\t\t\t\t\t\t\t<\/div>\n\t\t\t\t<\/div>\n\t\t\t\t\t<\/div>\n\t\t<\/div>\n\t\t\t\t<div class=\"elementor-column elementor-col-33 elementor-top-column elementor-element elementor-element-4df3ee4\" data-id=\"4df3ee4\" data-element_type=\"column\" data-e-type=\"column\">\n\t\t\t<div class=\"elementor-widget-wrap\">\n\t\t\t\t\t\t\t<\/div>\n\t\t<\/div>\n\t\t\t\t\t<\/div>\n\t\t<\/section>\n\t\t\t\t<\/div>\n\t\t","protected":false},"excerpt":{"rendered":"<p>NyelvEs\u00e9ly Projekt \u2013 \u201eMi vil\u00e1gunk Kedvesh\u00e1z\u201d Romani magyar pedag\u00f3gussz\u00f3t\u00e1r Tan\u00e1ri monitor napl\u00f3 Nyelvi f\u00e9szek \u00e9s kisebbs\u00e9gi nyelvi nevel\u00e9s<\/p>\n","protected":false},"author":1,"featured_media":0,"parent":0,"menu_order":0,"comment_status":"closed","ping_status":"closed","template":"","meta":{"footnotes":""},"class_list":["post-743","page","type-page","status-publish","hentry"],"jetpack_sharing_enabled":true,"_links":{"self":[{"href":"https:\/\/edulingua.net\/edupage\/wp-json\/wp\/v2\/pages\/743","targetHints":{"allow":["GET"]}}],"collection":[{"href":"https:\/\/edulingua.net\/edupage\/wp-json\/wp\/v2\/pages"}],"about":[{"href":"https:\/\/edulingua.net\/edupage\/wp-json\/wp\/v2\/types\/page"}],"author":[{"embeddable":true,"href":"https:\/\/edulingua.net\/edupage\/wp-json\/wp\/v2\/users\/1"}],"replies":[{"embeddable":true,"href":"https:\/\/edulingua.net\/edupage\/wp-json\/wp\/v2\/comments?post=743"}],"version-history":[{"count":16,"href":"https:\/\/edulingua.net\/edupage\/wp-json\/wp\/v2\/pages\/743\/revisions"}],"predecessor-version":[{"id":3453,"href":"https:\/\/edulingua.net\/edupage\/wp-json\/wp\/v2\/pages\/743\/revisions\/3453"}],"wp:attachment":[{"href":"https:\/\/edulingua.net\/edupage\/wp-json\/wp\/v2\/media?parent=743"}],"curies":[{"name":"wp","href":"https:\/\/api.w.org\/{rel}","templated":true}]}}