{"id":622,"date":"2021-03-31T16:56:20","date_gmt":"2021-03-31T16:56:20","guid":{"rendered":"http:\/\/edulingua.net\/edupage\/?page_id=622"},"modified":"2021-04-01T19:40:12","modified_gmt":"2021-04-01T19:40:12","slug":"bevonodas","status":"publish","type":"page","link":"https:\/\/edulingua.net\/edupage\/bevonodas\/","title":{"rendered":"Bevon\u00f3d\u00e1s"},"content":{"rendered":"\t\t<div data-elementor-type=\"wp-page\" data-elementor-id=\"622\" class=\"elementor elementor-622\" data-elementor-post-type=\"page\">\n\t\t\t\t\t\t<section class=\"elementor-section elementor-top-section elementor-element elementor-element-c0d4ab1 elementor-section-boxed elementor-section-height-default elementor-section-height-default\" data-id=\"c0d4ab1\" data-element_type=\"section\" data-e-type=\"section\">\n\t\t\t\t\t\t<div class=\"elementor-container elementor-column-gap-default\">\n\t\t\t\t\t<div class=\"elementor-column elementor-col-100 elementor-top-column elementor-element elementor-element-ccd5afe\" data-id=\"ccd5afe\" data-element_type=\"column\" data-e-type=\"column\">\n\t\t\t<div class=\"elementor-widget-wrap elementor-element-populated\">\n\t\t\t\t\t\t<div class=\"elementor-element elementor-element-aae9df4 elementor-widget elementor-widget-gallery\" data-id=\"aae9df4\" data-element_type=\"widget\" data-e-type=\"widget\" data-settings=\"{&quot;lazyload&quot;:&quot;yes&quot;,&quot;gallery_layout&quot;:&quot;grid&quot;,&quot;columns&quot;:4,&quot;columns_tablet&quot;:2,&quot;columns_mobile&quot;:1,&quot;gap&quot;:{&quot;unit&quot;:&quot;px&quot;,&quot;size&quot;:10,&quot;sizes&quot;:[]},&quot;gap_tablet&quot;:{&quot;unit&quot;:&quot;px&quot;,&quot;size&quot;:10,&quot;sizes&quot;:[]},&quot;gap_mobile&quot;:{&quot;unit&quot;:&quot;px&quot;,&quot;size&quot;:10,&quot;sizes&quot;:[]},&quot;link_to&quot;:&quot;file&quot;,&quot;aspect_ratio&quot;:&quot;3:2&quot;,&quot;overlay_background&quot;:&quot;yes&quot;,&quot;content_hover_animation&quot;:&quot;fade-in&quot;}\" data-widget_type=\"gallery.default\">\n\t\t\t\t<div class=\"elementor-widget-container\">\n\t\t\t\t\t\t\t<div class=\"elementor-gallery__container\">\n\t\t\t\t\t\t\t<a class=\"e-gallery-item elementor-gallery-item elementor-animated-content\" href=\"https:\/\/edulingua.net\/edupage\/wp-content\/uploads\/2021\/04\/1-scaled.jpg\" data-elementor-open-lightbox=\"yes\" data-elementor-lightbox-slideshow=\"aae9df4\" data-elementor-lightbox-title=\"1\" data-elementor-lightbox-description=\"1.\tJelnyelvi verseny I. \u2013 a What can Sign Language and Deaf Research add to Science, Art and Society? c\u00edm\u0171, saj\u00e1t szervez\u00e9s\u0171, nemzetk\u00f6zi konferenci\u00e1n\" data-e-action-hash=\"#elementor-action%3Aaction%3Dlightbox%26settings%3DeyJpZCI6Njg0LCJ1cmwiOiJodHRwczpcL1wvZWR1bGluZ3VhLm5ldFwvZWR1cGFnZVwvd3AtY29udGVudFwvdXBsb2Fkc1wvMjAyMVwvMDRcLzEtc2NhbGVkLmpwZyIsInNsaWRlc2hvdyI6ImFhZTlkZjQifQ%3D%3D\">\n\t\t\t\t\t<div class=\"e-gallery-image elementor-gallery-item__image\" data-thumbnail=\"https:\/\/edulingua.net\/edupage\/wp-content\/uploads\/2021\/04\/1-scaled-300x169.jpg\" data-width=\"300\" data-height=\"169\" aria-label=\"\" role=\"img\" ><\/div>\n\t\t\t\t\t\t\t\t\t\t\t<div class=\"elementor-gallery-item__overlay\"><\/div>\n\t\t\t\t\t\t\t\t\t\t\t\t\t\t<\/a>\n\t\t\t\t\t\t\t<a class=\"e-gallery-item elementor-gallery-item elementor-animated-content\" href=\"https:\/\/edulingua.net\/edupage\/wp-content\/uploads\/2021\/04\/2-scaled.jpg\" data-elementor-open-lightbox=\"yes\" data-elementor-lightbox-slideshow=\"aae9df4\" data-elementor-lightbox-title=\"2\" data-elementor-lightbox-description=\"2.\tJelnyelvi verseny II. \u2013 a What can Sign Language and Deaf Research add to Science, Art and Society? c\u00edm\u0171, saj\u00e1t szervez\u00e9s\u0171 nemzetk\u00f6zi konferenci\u00e1n\" data-e-action-hash=\"#elementor-action%3Aaction%3Dlightbox%26settings%3DeyJpZCI6NjkxLCJ1cmwiOiJodHRwczpcL1wvZWR1bGluZ3VhLm5ldFwvZWR1cGFnZVwvd3AtY29udGVudFwvdXBsb2Fkc1wvMjAyMVwvMDRcLzItc2NhbGVkLmpwZyIsInNsaWRlc2hvdyI6ImFhZTlkZjQifQ%3D%3D\">\n\t\t\t\t\t<div class=\"e-gallery-image elementor-gallery-item__image\" data-thumbnail=\"https:\/\/edulingua.net\/edupage\/wp-content\/uploads\/2021\/04\/2-scaled-300x169.jpg\" data-width=\"300\" data-height=\"169\" aria-label=\"\" role=\"img\" ><\/div>\n\t\t\t\t\t\t\t\t\t\t\t<div class=\"elementor-gallery-item__overlay\"><\/div>\n\t\t\t\t\t\t\t\t\t\t\t\t\t\t<\/a>\n\t\t\t\t\t\t\t<a class=\"e-gallery-item elementor-gallery-item elementor-animated-content\" href=\"https:\/\/edulingua.net\/edupage\/wp-content\/uploads\/2021\/04\/3-scaled.jpg\" data-elementor-open-lightbox=\"yes\" data-elementor-lightbox-slideshow=\"aae9df4\" data-elementor-lightbox-title=\"3\" data-elementor-lightbox-description=\"3.\tEl\u0151ad\u00e1s I. \u2013 a What can Sign Language and Deaf Research add to Science, Art and Society? c\u00edm\u0171, saj\u00e1t szervez\u00e9s\u0171, nemzetk\u00f6zi konferenci\u00e1n\" data-e-action-hash=\"#elementor-action%3Aaction%3Dlightbox%26settings%3DeyJpZCI6NjkyLCJ1cmwiOiJodHRwczpcL1wvZWR1bGluZ3VhLm5ldFwvZWR1cGFnZVwvd3AtY29udGVudFwvdXBsb2Fkc1wvMjAyMVwvMDRcLzMtc2NhbGVkLmpwZyIsInNsaWRlc2hvdyI6ImFhZTlkZjQifQ%3D%3D\">\n\t\t\t\t\t<div class=\"e-gallery-image elementor-gallery-item__image\" data-thumbnail=\"https:\/\/edulingua.net\/edupage\/wp-content\/uploads\/2021\/04\/3-scaled-300x169.jpg\" data-width=\"300\" data-height=\"169\" aria-label=\"\" role=\"img\" ><\/div>\n\t\t\t\t\t\t\t\t\t\t\t<div class=\"elementor-gallery-item__overlay\"><\/div>\n\t\t\t\t\t\t\t\t\t\t\t\t\t\t<\/a>\n\t\t\t\t\t\t\t<a class=\"e-gallery-item elementor-gallery-item elementor-animated-content\" href=\"https:\/\/edulingua.net\/edupage\/wp-content\/uploads\/2021\/04\/4-scaled.jpg\" data-elementor-open-lightbox=\"yes\" data-elementor-lightbox-slideshow=\"aae9df4\" data-elementor-lightbox-title=\"4\" data-elementor-lightbox-description=\"4.\tEl\u0151ad\u00e1s II. \u2013 a What can Sign Language and Deaf Research add to Science, Art and Society? c\u00edm\u0171, saj\u00e1t szervez\u00e9s\u0171, nemzetk\u00f6zi konferenci\u00e1n.\" data-e-action-hash=\"#elementor-action%3Aaction%3Dlightbox%26settings%3DeyJpZCI6NjkzLCJ1cmwiOiJodHRwczpcL1wvZWR1bGluZ3VhLm5ldFwvZWR1cGFnZVwvd3AtY29udGVudFwvdXBsb2Fkc1wvMjAyMVwvMDRcLzQtc2NhbGVkLmpwZyIsInNsaWRlc2hvdyI6ImFhZTlkZjQifQ%3D%3D\">\n\t\t\t\t\t<div class=\"e-gallery-image elementor-gallery-item__image\" data-thumbnail=\"https:\/\/edulingua.net\/edupage\/wp-content\/uploads\/2021\/04\/4-scaled-300x169.jpg\" data-width=\"300\" data-height=\"169\" aria-label=\"\" role=\"img\" ><\/div>\n\t\t\t\t\t\t\t\t\t\t\t<div class=\"elementor-gallery-item__overlay\"><\/div>\n\t\t\t\t\t\t\t\t\t\t\t\t\t\t<\/a>\n\t\t\t\t\t\t\t<a class=\"e-gallery-item elementor-gallery-item elementor-animated-content\" href=\"https:\/\/edulingua.net\/edupage\/wp-content\/uploads\/2021\/04\/5-scaled.jpg\" data-elementor-open-lightbox=\"yes\" data-elementor-lightbox-slideshow=\"aae9df4\" data-elementor-lightbox-title=\"5\" data-elementor-lightbox-description=\"5.\tEs\u00e9lyovi \u2013 NyelvEs\u00e9ly szakmai nap \u00e9s tapasztalatcsere pedag\u00f3gusokkal I. \u2013 Hod\u00e1sz, 2019.05.23.\" data-e-action-hash=\"#elementor-action%3Aaction%3Dlightbox%26settings%3DeyJpZCI6Njk0LCJ1cmwiOiJodHRwczpcL1wvZWR1bGluZ3VhLm5ldFwvZWR1cGFnZVwvd3AtY29udGVudFwvdXBsb2Fkc1wvMjAyMVwvMDRcLzUtc2NhbGVkLmpwZyIsInNsaWRlc2hvdyI6ImFhZTlkZjQifQ%3D%3D\">\n\t\t\t\t\t<div class=\"e-gallery-image elementor-gallery-item__image\" data-thumbnail=\"https:\/\/edulingua.net\/edupage\/wp-content\/uploads\/2021\/04\/5-scaled-225x300.jpg\" data-width=\"225\" data-height=\"300\" aria-label=\"\" role=\"img\" ><\/div>\n\t\t\t\t\t\t\t\t\t\t\t<div class=\"elementor-gallery-item__overlay\"><\/div>\n\t\t\t\t\t\t\t\t\t\t\t\t\t\t<\/a>\n\t\t\t\t\t\t\t<a class=\"e-gallery-item elementor-gallery-item elementor-animated-content\" href=\"https:\/\/edulingua.net\/edupage\/wp-content\/uploads\/2021\/04\/6-scaled.jpg\" data-elementor-open-lightbox=\"yes\" data-elementor-lightbox-slideshow=\"aae9df4\" data-elementor-lightbox-title=\"6\" data-elementor-lightbox-description=\"6.\tEs\u00e9lyovi \u2013 NyelvEs\u00e9ly szakmai nap \u00e9s tapasztalatcsere pedag\u00f3gusokkal II. \u2013 Hod\u00e1sz, 2019.05.23.\" data-e-action-hash=\"#elementor-action%3Aaction%3Dlightbox%26settings%3DeyJpZCI6Njk1LCJ1cmwiOiJodHRwczpcL1wvZWR1bGluZ3VhLm5ldFwvZWR1cGFnZVwvd3AtY29udGVudFwvdXBsb2Fkc1wvMjAyMVwvMDRcLzYtc2NhbGVkLmpwZyIsInNsaWRlc2hvdyI6ImFhZTlkZjQifQ%3D%3D\">\n\t\t\t\t\t<div class=\"e-gallery-image elementor-gallery-item__image\" data-thumbnail=\"https:\/\/edulingua.net\/edupage\/wp-content\/uploads\/2021\/04\/6-scaled-300x225.jpg\" data-width=\"300\" data-height=\"225\" aria-label=\"\" role=\"img\" ><\/div>\n\t\t\t\t\t\t\t\t\t\t\t<div class=\"elementor-gallery-item__overlay\"><\/div>\n\t\t\t\t\t\t\t\t\t\t\t\t\t\t<\/a>\n\t\t\t\t\t\t\t<a class=\"e-gallery-item elementor-gallery-item elementor-animated-content\" href=\"https:\/\/edulingua.net\/edupage\/wp-content\/uploads\/2021\/04\/7-scaled.jpg\" data-elementor-open-lightbox=\"yes\" data-elementor-lightbox-slideshow=\"aae9df4\" data-elementor-lightbox-title=\"7\" data-elementor-lightbox-description=\"7.\tA kutat\u00f3csoport bemutatkoz\u00e1sa a 2019-es Egyetemi Anyanyelvi Napokon (ELTE, BTK) I.\" data-e-action-hash=\"#elementor-action%3Aaction%3Dlightbox%26settings%3DeyJpZCI6Njk2LCJ1cmwiOiJodHRwczpcL1wvZWR1bGluZ3VhLm5ldFwvZWR1cGFnZVwvd3AtY29udGVudFwvdXBsb2Fkc1wvMjAyMVwvMDRcLzctc2NhbGVkLmpwZyIsInNsaWRlc2hvdyI6ImFhZTlkZjQifQ%3D%3D\">\n\t\t\t\t\t<div class=\"e-gallery-image elementor-gallery-item__image\" data-thumbnail=\"https:\/\/edulingua.net\/edupage\/wp-content\/uploads\/2021\/04\/7-scaled-300x169.jpg\" data-width=\"300\" data-height=\"169\" aria-label=\"\" role=\"img\" ><\/div>\n\t\t\t\t\t\t\t\t\t\t\t<div class=\"elementor-gallery-item__overlay\"><\/div>\n\t\t\t\t\t\t\t\t\t\t\t\t\t\t<\/a>\n\t\t\t\t\t\t\t<a class=\"e-gallery-item elementor-gallery-item elementor-animated-content\" href=\"https:\/\/edulingua.net\/edupage\/wp-content\/uploads\/2021\/04\/8-scaled.jpg\" data-elementor-open-lightbox=\"yes\" data-elementor-lightbox-slideshow=\"aae9df4\" data-elementor-lightbox-title=\"8\" data-elementor-lightbox-description=\"8.\tA kutat\u00f3csoport bemutatkoz\u00e1sa a 2019-es Egyetemi Anyanyelvi Napokon (ELTE, BTK) II.\" data-e-action-hash=\"#elementor-action%3Aaction%3Dlightbox%26settings%3DeyJpZCI6Njk3LCJ1cmwiOiJodHRwczpcL1wvZWR1bGluZ3VhLm5ldFwvZWR1cGFnZVwvd3AtY29udGVudFwvdXBsb2Fkc1wvMjAyMVwvMDRcLzgtc2NhbGVkLmpwZyIsInNsaWRlc2hvdyI6ImFhZTlkZjQifQ%3D%3D\">\n\t\t\t\t\t<div class=\"e-gallery-image elementor-gallery-item__image\" data-thumbnail=\"https:\/\/edulingua.net\/edupage\/wp-content\/uploads\/2021\/04\/8-scaled-300x169.jpg\" data-width=\"300\" data-height=\"169\" aria-label=\"\" role=\"img\" ><\/div>\n\t\t\t\t\t\t\t\t\t\t\t<div class=\"elementor-gallery-item__overlay\"><\/div>\n\t\t\t\t\t\t\t\t\t\t\t\t\t\t<\/a>\n\t\t\t\t\t\t\t<a class=\"e-gallery-item elementor-gallery-item elementor-animated-content\" href=\"https:\/\/edulingua.net\/edupage\/wp-content\/uploads\/2021\/04\/9.jpg\" data-elementor-open-lightbox=\"yes\" data-elementor-lightbox-slideshow=\"aae9df4\" data-elementor-lightbox-title=\"9\" data-elementor-lightbox-description=\"9.\tA \u201eMi vil\u00e1gunk\u201d alkot\u00f3p\u00e1ly\u00e1zat eredm\u00e9nyhirdet\u00e9se I. \u2013 a Nyelvi \u00e9s kultur\u00e1lis tal\u00e1lkoz\u00e1sok a 21. sz\u00e1zadi tud\u00e1sszerz\u00e9sben c\u00edm\u0171, saj\u00e1t szervez\u00e9s\u0171,  konferenci\u00e1n.\" data-e-action-hash=\"#elementor-action%3Aaction%3Dlightbox%26settings%3DeyJpZCI6Njk5LCJ1cmwiOiJodHRwczpcL1wvZWR1bGluZ3VhLm5ldFwvZWR1cGFnZVwvd3AtY29udGVudFwvdXBsb2Fkc1wvMjAyMVwvMDRcLzkuanBnIiwic2xpZGVzaG93IjoiYWFlOWRmNCJ9\">\n\t\t\t\t\t<div class=\"e-gallery-image elementor-gallery-item__image\" data-thumbnail=\"https:\/\/edulingua.net\/edupage\/wp-content\/uploads\/2021\/04\/9-300x200.jpg\" data-width=\"300\" data-height=\"200\" aria-label=\"\" role=\"img\" ><\/div>\n\t\t\t\t\t\t\t\t\t\t\t<div class=\"elementor-gallery-item__overlay\"><\/div>\n\t\t\t\t\t\t\t\t\t\t\t\t\t\t<\/a>\n\t\t\t\t\t\t\t<a class=\"e-gallery-item elementor-gallery-item elementor-animated-content\" href=\"https:\/\/edulingua.net\/edupage\/wp-content\/uploads\/2021\/04\/10.jpg\" data-elementor-open-lightbox=\"yes\" data-elementor-lightbox-slideshow=\"aae9df4\" data-elementor-lightbox-title=\"10\" data-elementor-lightbox-description=\"10.\tA \u201eMi vil\u00e1gunk\u201d alkot\u00f3p\u00e1ly\u00e1zat eredm\u00e9nyhirdet\u00e9se II. \u2013 a Nyelvi \u00e9s kultur\u00e1lis tal\u00e1lkoz\u00e1sok a 21. sz\u00e1zadi tud\u00e1sszerz\u00e9sben c\u00edm\u0171, saj\u00e1t szervez\u00e9s\u0171,  konferenci\u00e1n\" data-e-action-hash=\"#elementor-action%3Aaction%3Dlightbox%26settings%3DeyJpZCI6Njk4LCJ1cmwiOiJodHRwczpcL1wvZWR1bGluZ3VhLm5ldFwvZWR1cGFnZVwvd3AtY29udGVudFwvdXBsb2Fkc1wvMjAyMVwvMDRcLzEwLmpwZyIsInNsaWRlc2hvdyI6ImFhZTlkZjQifQ%3D%3D\">\n\t\t\t\t\t<div class=\"e-gallery-image elementor-gallery-item__image\" data-thumbnail=\"https:\/\/edulingua.net\/edupage\/wp-content\/uploads\/2021\/04\/10-300x200.jpg\" data-width=\"300\" data-height=\"200\" aria-label=\"\" role=\"img\" ><\/div>\n\t\t\t\t\t\t\t\t\t\t\t<div class=\"elementor-gallery-item__overlay\"><\/div>\n\t\t\t\t\t\t\t\t\t\t\t\t\t\t<\/a>\n\t\t\t\t\t\t\t<a class=\"e-gallery-item elementor-gallery-item elementor-animated-content\" href=\"https:\/\/edulingua.net\/edupage\/wp-content\/uploads\/2021\/04\/11-scaled.jpg\" data-elementor-open-lightbox=\"yes\" data-elementor-lightbox-slideshow=\"aae9df4\" data-elementor-lightbox-title=\"11\" data-elementor-lightbox-description=\"11.\tGyermekt\u00e1bor G\u00e9berj\u00e9nben I.\" data-e-action-hash=\"#elementor-action%3Aaction%3Dlightbox%26settings%3DeyJpZCI6Njg1LCJ1cmwiOiJodHRwczpcL1wvZWR1bGluZ3VhLm5ldFwvZWR1cGFnZVwvd3AtY29udGVudFwvdXBsb2Fkc1wvMjAyMVwvMDRcLzExLXNjYWxlZC5qcGciLCJzbGlkZXNob3ciOiJhYWU5ZGY0In0%3D\">\n\t\t\t\t\t<div class=\"e-gallery-image elementor-gallery-item__image\" data-thumbnail=\"https:\/\/edulingua.net\/edupage\/wp-content\/uploads\/2021\/04\/11-scaled-300x225.jpg\" data-width=\"300\" data-height=\"225\" aria-label=\"\" role=\"img\" ><\/div>\n\t\t\t\t\t\t\t\t\t\t\t<div class=\"elementor-gallery-item__overlay\"><\/div>\n\t\t\t\t\t\t\t\t\t\t\t\t\t\t<\/a>\n\t\t\t\t\t\t\t<a class=\"e-gallery-item elementor-gallery-item elementor-animated-content\" href=\"https:\/\/edulingua.net\/edupage\/wp-content\/uploads\/2021\/04\/12.jpg\" data-elementor-open-lightbox=\"yes\" data-elementor-lightbox-slideshow=\"aae9df4\" data-elementor-lightbox-title=\"12\" data-elementor-lightbox-description=\"12.\tGyermekt\u00e1bor G\u00e9berj\u00e9nben II.\" data-e-action-hash=\"#elementor-action%3Aaction%3Dlightbox%26settings%3DeyJpZCI6Njg2LCJ1cmwiOiJodHRwczpcL1wvZWR1bGluZ3VhLm5ldFwvZWR1cGFnZVwvd3AtY29udGVudFwvdXBsb2Fkc1wvMjAyMVwvMDRcLzEyLmpwZyIsInNsaWRlc2hvdyI6ImFhZTlkZjQifQ%3D%3D\">\n\t\t\t\t\t<div class=\"e-gallery-image elementor-gallery-item__image\" data-thumbnail=\"https:\/\/edulingua.net\/edupage\/wp-content\/uploads\/2021\/04\/12-225x300.jpg\" data-width=\"225\" data-height=\"300\" aria-label=\"\" role=\"img\" ><\/div>\n\t\t\t\t\t\t\t\t\t\t\t<div class=\"elementor-gallery-item__overlay\"><\/div>\n\t\t\t\t\t\t\t\t\t\t\t\t\t\t<\/a>\n\t\t\t\t\t\t\t<a class=\"e-gallery-item elementor-gallery-item elementor-animated-content\" href=\"https:\/\/edulingua.net\/edupage\/wp-content\/uploads\/2021\/04\/13-scaled.jpg\" data-elementor-open-lightbox=\"yes\" data-elementor-lightbox-slideshow=\"aae9df4\" data-elementor-lightbox-title=\"13\" data-elementor-lightbox-description=\"13.\tMesemond\u00f3 verseny I. \u2013 D\u00e1ny, D\u00e1nyi Sz\u00e9chenyi Istv\u00e1n \u00c1ltal\u00e1nos Iskola.\" data-e-action-hash=\"#elementor-action%3Aaction%3Dlightbox%26settings%3DeyJpZCI6Njg3LCJ1cmwiOiJodHRwczpcL1wvZWR1bGluZ3VhLm5ldFwvZWR1cGFnZVwvd3AtY29udGVudFwvdXBsb2Fkc1wvMjAyMVwvMDRcLzEzLXNjYWxlZC5qcGciLCJzbGlkZXNob3ciOiJhYWU5ZGY0In0%3D\">\n\t\t\t\t\t<div class=\"e-gallery-image elementor-gallery-item__image\" data-thumbnail=\"https:\/\/edulingua.net\/edupage\/wp-content\/uploads\/2021\/04\/13-scaled-300x169.jpg\" data-width=\"300\" data-height=\"169\" aria-label=\"\" role=\"img\" ><\/div>\n\t\t\t\t\t\t\t\t\t\t\t<div class=\"elementor-gallery-item__overlay\"><\/div>\n\t\t\t\t\t\t\t\t\t\t\t\t\t\t<\/a>\n\t\t\t\t\t\t\t<a class=\"e-gallery-item elementor-gallery-item elementor-animated-content\" href=\"https:\/\/edulingua.net\/edupage\/wp-content\/uploads\/2021\/04\/14-scaled.jpg\" data-elementor-open-lightbox=\"yes\" data-elementor-lightbox-slideshow=\"aae9df4\" data-elementor-lightbox-title=\"14\" data-elementor-lightbox-description=\"14.\tMesemond\u00f3 verseny II. \u2013 D\u00e1ny, D\u00e1nyi Sz\u00e9chenyi Istv\u00e1n \u00c1ltal\u00e1nos Iskola.\" data-e-action-hash=\"#elementor-action%3Aaction%3Dlightbox%26settings%3DeyJpZCI6Njg4LCJ1cmwiOiJodHRwczpcL1wvZWR1bGluZ3VhLm5ldFwvZWR1cGFnZVwvd3AtY29udGVudFwvdXBsb2Fkc1wvMjAyMVwvMDRcLzE0LXNjYWxlZC5qcGciLCJzbGlkZXNob3ciOiJhYWU5ZGY0In0%3D\">\n\t\t\t\t\t<div class=\"e-gallery-image elementor-gallery-item__image\" data-thumbnail=\"https:\/\/edulingua.net\/edupage\/wp-content\/uploads\/2021\/04\/14-scaled-300x169.jpg\" data-width=\"300\" data-height=\"169\" aria-label=\"\" role=\"img\" ><\/div>\n\t\t\t\t\t\t\t\t\t\t\t<div class=\"elementor-gallery-item__overlay\"><\/div>\n\t\t\t\t\t\t\t\t\t\t\t\t\t\t<\/a>\n\t\t\t\t\t\t\t<a class=\"e-gallery-item elementor-gallery-item elementor-animated-content\" href=\"https:\/\/edulingua.net\/edupage\/wp-content\/uploads\/2021\/04\/15.jpg\" data-elementor-open-lightbox=\"yes\" data-elementor-lightbox-slideshow=\"aae9df4\" data-elementor-lightbox-title=\"15\" data-elementor-lightbox-description=\"15.\tNyelvi kalandoz\u00e1sok verseny I. \u2013 az Egyetemi Anyanyelvi napokon (ELTE, BTK)\" data-e-action-hash=\"#elementor-action%3Aaction%3Dlightbox%26settings%3DeyJpZCI6Njg5LCJ1cmwiOiJodHRwczpcL1wvZWR1bGluZ3VhLm5ldFwvZWR1cGFnZVwvd3AtY29udGVudFwvdXBsb2Fkc1wvMjAyMVwvMDRcLzE1LmpwZyIsInNsaWRlc2hvdyI6ImFhZTlkZjQifQ%3D%3D\">\n\t\t\t\t\t<div class=\"e-gallery-image elementor-gallery-item__image\" data-thumbnail=\"https:\/\/edulingua.net\/edupage\/wp-content\/uploads\/2021\/04\/15-300x169.jpg\" data-width=\"300\" data-height=\"169\" aria-label=\"\" role=\"img\" ><\/div>\n\t\t\t\t\t\t\t\t\t\t\t<div class=\"elementor-gallery-item__overlay\"><\/div>\n\t\t\t\t\t\t\t\t\t\t\t\t\t\t<\/a>\n\t\t\t\t\t\t\t<a class=\"e-gallery-item elementor-gallery-item elementor-animated-content\" href=\"https:\/\/edulingua.net\/edupage\/wp-content\/uploads\/2021\/04\/16.jpg\" data-elementor-open-lightbox=\"yes\" data-elementor-lightbox-slideshow=\"aae9df4\" data-elementor-lightbox-title=\"16\" data-elementor-lightbox-description=\"16.\tNyelvi kalandoz\u00e1sok verseny II. \u2013 az Egyetemi Anyanyelvi napokon (ELTE, BTK)\" data-e-action-hash=\"#elementor-action%3Aaction%3Dlightbox%26settings%3DeyJpZCI6NjkwLCJ1cmwiOiJodHRwczpcL1wvZWR1bGluZ3VhLm5ldFwvZWR1cGFnZVwvd3AtY29udGVudFwvdXBsb2Fkc1wvMjAyMVwvMDRcLzE2LmpwZyIsInNsaWRlc2hvdyI6ImFhZTlkZjQifQ%3D%3D\">\n\t\t\t\t\t<div class=\"e-gallery-image elementor-gallery-item__image\" data-thumbnail=\"https:\/\/edulingua.net\/edupage\/wp-content\/uploads\/2021\/04\/16-300x169.jpg\" data-width=\"300\" data-height=\"169\" aria-label=\"\" role=\"img\" ><\/div>\n\t\t\t\t\t\t\t\t\t\t\t<div class=\"elementor-gallery-item__overlay\"><\/div>\n\t\t\t\t\t\t\t\t\t\t\t\t\t\t<\/a>\n\t\t\t\t\t<\/div>\n\t\t\t\t\t<\/div>\n\t\t\t\t<\/div>\n\t\t\t\t\t<\/div>\n\t\t<\/div>\n\t\t\t\t\t<\/div>\n\t\t<\/section>\n\t\t\t\t<section class=\"elementor-section elementor-top-section elementor-element elementor-element-5ebd0c1 elementor-section-boxed elementor-section-height-default elementor-section-height-default\" data-id=\"5ebd0c1\" data-element_type=\"section\" data-e-type=\"section\">\n\t\t\t\t\t\t<div class=\"elementor-container elementor-column-gap-default\">\n\t\t\t\t\t<div class=\"elementor-column elementor-col-100 elementor-top-column elementor-element elementor-element-70d065f\" data-id=\"70d065f\" data-element_type=\"column\" data-e-type=\"column\">\n\t\t\t<div class=\"elementor-widget-wrap elementor-element-populated\">\n\t\t\t\t\t\t<div class=\"elementor-element elementor-element-bc89672 elementor-widget elementor-widget-text-editor\" data-id=\"bc89672\" data-element_type=\"widget\" data-e-type=\"widget\" data-widget_type=\"text-editor.default\">\n\t\t\t\t<div class=\"elementor-widget-container\">\n\t\t\t\t\t\t\t\t\t<ol><li><strong><em>Jelnyelvi verseny I. \u2013 a <\/em><em>What can Sign Language and Deaf Research add to Science, Art and Society? c\u00edm\u0171, saj\u00e1t szervez\u00e9s\u0171, nemzetk\u00f6zi konferenci\u00e1n<\/em><\/strong><\/li><li><strong><em>Jelnyelvi verseny II. \u2013 a <\/em><em>What can Sign Language and Deaf Research add to Science, Art and Society? c\u00edm\u0171, saj\u00e1t szervez\u00e9s\u0171 nemzetk\u00f6zi konferenci\u00e1n<\/em><\/strong><\/li><li><strong><em>El\u0151ad\u00e1s I. \u2013 a <\/em><em>What can Sign Language and Deaf Research add to Science, Art and Society? c\u00edm\u0171, saj\u00e1t szervez\u00e9s\u0171, nemzetk\u00f6zi konferenci\u00e1n<\/em><\/strong><\/li><li><strong><em>El\u0151ad\u00e1s II. \u2013 a <\/em><em>What can Sign Language and Deaf Research add to Science, Art and Society? c\u00edm\u0171, saj\u00e1t szervez\u00e9s\u0171, nemzetk\u00f6zi konferenci\u00e1n.<\/em><\/strong><\/li><li><strong><em>Es\u00e9lyovi \u2013 NyelvEs\u00e9ly szakmai nap \u00e9s tapasztalatcsere pedag\u00f3gusokkal I. \u2013 Hod\u00e1sz, 2019.05.23.<\/em><\/strong><\/li><li><strong><em>Es\u00e9lyovi \u2013 NyelvEs\u00e9ly szakmai nap \u00e9s tapasztalatcsere pedag\u00f3gusokkal II. \u2013 Hod\u00e1sz, 2019.05.23.<\/em><\/strong><\/li><li><strong><em>A kutat\u00f3csoport bemutatkoz\u00e1sa a 2019-es Egyetemi Anyanyelvi Napokon (ELTE, BTK) I.<\/em><\/strong><\/li><li><strong><em>A kutat\u00f3csoport bemutatkoz\u00e1sa a 2019-es Egyetemi Anyanyelvi Napokon (ELTE, BTK) II.<\/em><\/strong><\/li><li><strong><em>A \u201eMi vil\u00e1gunk\u201d alkot\u00f3p\u00e1ly\u00e1zat eredm\u00e9nyhirdet\u00e9se I. \u2013 a Nyelvi \u00e9s kultur\u00e1lis tal\u00e1lkoz\u00e1sok a 21. sz\u00e1zadi tud\u00e1sszerz\u00e9sben <\/em><em>c\u00edm\u0171, saj\u00e1t szervez\u00e9s\u0171, <\/em><em>konferenci\u00e1n.<\/em><\/strong><\/li><li><strong><em>A \u201eMi vil\u00e1gunk\u201d alkot\u00f3p\u00e1ly\u00e1zat eredm\u00e9nyhirdet\u00e9se II. \u2013 a Nyelvi \u00e9s kultur\u00e1lis tal\u00e1lkoz\u00e1sok a 21. sz\u00e1zadi tud\u00e1sszerz\u00e9sben <\/em><em>c\u00edm\u0171, saj\u00e1t szervez\u00e9s\u0171, <\/em><em>konferenci\u00e1n<\/em><\/strong><\/li><li><strong><em>Gyermekt\u00e1bor G\u00e9berj\u00e9nben I.<\/em><\/strong><\/li><li><strong><em>Gyermekt\u00e1bor G\u00e9berj\u00e9nben II.<\/em><\/strong><\/li><li><strong><em>Mesemond\u00f3 verseny I. \u2013 D\u00e1ny, D\u00e1nyi Sz\u00e9chenyi Istv\u00e1n \u00c1ltal\u00e1nos Iskola.<\/em><\/strong><\/li><li><strong><em>Mesemond\u00f3 verseny II. \u2013 D\u00e1ny, D\u00e1nyi Sz\u00e9chenyi Istv\u00e1n \u00c1ltal\u00e1nos Iskola.<\/em><\/strong><\/li><li><strong><em>Nyelvi kalandoz\u00e1sok verseny I. \u2013 az Egyetemi Anyanyelvi napokon (ELTE, BTK)<\/em><\/strong><\/li><li><strong><em>Nyelvi kalandoz\u00e1sok verseny II. \u2013 az Egyetemi Anyanyelvi napokon (ELTE, BTK)<\/em><\/strong><\/li><\/ol><p><strong><em>\u00a0<\/em><\/strong><\/p>\t\t\t\t\t\t\t\t<\/div>\n\t\t\t\t<\/div>\n\t\t\t\t\t<\/div>\n\t\t<\/div>\n\t\t\t\t\t<\/div>\n\t\t<\/section>\n\t\t\t\t<\/div>\n\t\t","protected":false},"excerpt":{"rendered":"<p>Jelnyelvi verseny I. \u2013 a What can Sign Language and Deaf Research add to Science, Art and Society? c\u00edm\u0171, saj\u00e1t szervez\u00e9s\u0171, nemzetk\u00f6zi konferenci\u00e1n Jelnyelvi verseny II. \u2013 a What can Sign Language and Deaf Research add to Science, Art and &hellip; <\/p>\n","protected":false},"author":1,"featured_media":0,"parent":0,"menu_order":0,"comment_status":"closed","ping_status":"closed","template":"","meta":{"footnotes":""},"class_list":["post-622","page","type-page","status-publish","hentry"],"jetpack_sharing_enabled":true,"_links":{"self":[{"href":"https:\/\/edulingua.net\/edupage\/wp-json\/wp\/v2\/pages\/622","targetHints":{"allow":["GET"]}}],"collection":[{"href":"https:\/\/edulingua.net\/edupage\/wp-json\/wp\/v2\/pages"}],"about":[{"href":"https:\/\/edulingua.net\/edupage\/wp-json\/wp\/v2\/types\/page"}],"author":[{"embeddable":true,"href":"https:\/\/edulingua.net\/edupage\/wp-json\/wp\/v2\/users\/1"}],"replies":[{"embeddable":true,"href":"https:\/\/edulingua.net\/edupage\/wp-json\/wp\/v2\/comments?post=622"}],"version-history":[{"count":4,"href":"https:\/\/edulingua.net\/edupage\/wp-json\/wp\/v2\/pages\/622\/revisions"}],"predecessor-version":[{"id":702,"href":"https:\/\/edulingua.net\/edupage\/wp-json\/wp\/v2\/pages\/622\/revisions\/702"}],"wp:attachment":[{"href":"https:\/\/edulingua.net\/edupage\/wp-json\/wp\/v2\/media?parent=622"}],"curies":[{"name":"wp","href":"https:\/\/api.w.org\/{rel}","templated":true}]}}