{"id":620,"date":"2021-03-31T16:55:52","date_gmt":"2021-03-31T16:55:52","guid":{"rendered":"http:\/\/edulingua.net\/edupage\/?page_id=620"},"modified":"2021-05-03T06:56:04","modified_gmt":"2021-05-03T06:56:04","slug":"romani-pedagogus-szotar","status":"publish","type":"page","link":"https:\/\/edulingua.net\/edupage\/romani-pedagogus-szotar\/","title":{"rendered":"Romani pedag\u00f3gus sz\u00f3t\u00e1r"},"content":{"rendered":"\t\t<div data-elementor-type=\"wp-page\" data-elementor-id=\"620\" class=\"elementor elementor-620\" data-elementor-post-type=\"page\">\n\t\t\t\t\t\t<section class=\"elementor-section elementor-top-section elementor-element elementor-element-ace3f2f elementor-section-boxed elementor-section-height-default elementor-section-height-default\" data-id=\"ace3f2f\" data-element_type=\"section\" data-e-type=\"section\">\n\t\t\t\t\t\t<div class=\"elementor-container elementor-column-gap-default\">\n\t\t\t\t\t<div class=\"elementor-column elementor-col-50 elementor-top-column elementor-element elementor-element-e5aae6a\" data-id=\"e5aae6a\" data-element_type=\"column\" data-e-type=\"column\">\n\t\t\t<div class=\"elementor-widget-wrap elementor-element-populated\">\n\t\t\t\t\t\t<div class=\"elementor-element elementor-element-3001b58 elementor-widget elementor-widget-image\" data-id=\"3001b58\" data-element_type=\"widget\" data-e-type=\"widget\" data-widget_type=\"image.default\">\n\t\t\t\t<div class=\"elementor-widget-container\">\n\t\t\t\t\t\t\t\t\t\t\t\t<figure class=\"wp-caption\">\n\t\t\t\t\t\t\t\t\t\t\t<a href=\"http:\/\/edulingua.net\/document\/Romani_magyar_pedag\u00f3gussz\u00f3t\u00e1r.pdf\">\n\t\t\t\t\t\t\t<img fetchpriority=\"high\" decoding=\"async\" width=\"230\" height=\"300\" src=\"https:\/\/edulingua.net\/edupage\/wp-content\/uploads\/2021\/04\/Edu_fuzet-230x300.jpg\" class=\"attachment-medium size-medium wp-image-998\" alt=\"\" srcset=\"https:\/\/edulingua.net\/edupage\/wp-content\/uploads\/2021\/04\/Edu_fuzet-230x300.jpg 230w, https:\/\/edulingua.net\/edupage\/wp-content\/uploads\/2021\/04\/Edu_fuzet.jpg 508w\" sizes=\"(max-width: 230px) 100vw, 230px\" \/>\t\t\t\t\t\t\t\t<\/a>\n\t\t\t\t\t\t\t\t\t\t\t<figcaption class=\"widget-image-caption wp-caption-text\">Romani magyar pedag\u00f3gussz\u00f3t\u00e1r <br><\/figcaption>\n\t\t\t\t\t\t\t\t\t\t<\/figure>\n\t\t\t\t\t\t\t\t\t<\/div>\n\t\t\t\t<\/div>\n\t\t\t\t\t<\/div>\n\t\t<\/div>\n\t\t\t\t<div class=\"elementor-column elementor-col-50 elementor-top-column elementor-element elementor-element-cec20e2\" data-id=\"cec20e2\" data-element_type=\"column\" data-e-type=\"column\">\n\t\t\t<div class=\"elementor-widget-wrap elementor-element-populated\">\n\t\t\t\t\t\t<div class=\"elementor-element elementor-element-a933d64 elementor-widget elementor-widget-image\" data-id=\"a933d64\" data-element_type=\"widget\" data-e-type=\"widget\" data-widget_type=\"image.default\">\n\t\t\t\t<div class=\"elementor-widget-container\">\n\t\t\t\t\t\t\t\t\t\t\t\t<figure class=\"wp-caption\">\n\t\t\t\t\t\t\t\t\t\t\t<a href=\"http:\/\/edulingua.net\/document\/TAN\u00c1RI%20MONITOR%20NAPL\u00d3.pdf\">\n\t\t\t\t\t\t\t<img fetchpriority=\"high\" decoding=\"async\" width=\"230\" height=\"300\" src=\"https:\/\/edulingua.net\/edupage\/wp-content\/uploads\/2021\/04\/Edu_fuzet-230x300.jpg\" class=\"attachment-medium size-medium wp-image-998\" alt=\"\" srcset=\"https:\/\/edulingua.net\/edupage\/wp-content\/uploads\/2021\/04\/Edu_fuzet-230x300.jpg 230w, https:\/\/edulingua.net\/edupage\/wp-content\/uploads\/2021\/04\/Edu_fuzet.jpg 508w\" sizes=\"(max-width: 230px) 100vw, 230px\" \/>\t\t\t\t\t\t\t\t<\/a>\n\t\t\t\t\t\t\t\t\t\t\t<figcaption class=\"widget-image-caption wp-caption-text\">Tan\u00e1ri monitor napl\u00f3<br><\/figcaption>\n\t\t\t\t\t\t\t\t\t\t<\/figure>\n\t\t\t\t\t\t\t\t\t<\/div>\n\t\t\t\t<\/div>\n\t\t\t\t\t<\/div>\n\t\t<\/div>\n\t\t\t\t\t<\/div>\n\t\t<\/section>\n\t\t\t\t<\/div>\n\t\t","protected":false},"excerpt":{"rendered":"<p>Romani magyar pedag\u00f3gussz\u00f3t\u00e1r Tan\u00e1ri monitor napl\u00f3<\/p>\n","protected":false},"author":1,"featured_media":0,"parent":0,"menu_order":0,"comment_status":"closed","ping_status":"closed","template":"","meta":{"footnotes":""},"class_list":["post-620","page","type-page","status-publish","hentry"],"jetpack_sharing_enabled":true,"_links":{"self":[{"href":"https:\/\/edulingua.net\/edupage\/wp-json\/wp\/v2\/pages\/620","targetHints":{"allow":["GET"]}}],"collection":[{"href":"https:\/\/edulingua.net\/edupage\/wp-json\/wp\/v2\/pages"}],"about":[{"href":"https:\/\/edulingua.net\/edupage\/wp-json\/wp\/v2\/types\/page"}],"author":[{"embeddable":true,"href":"https:\/\/edulingua.net\/edupage\/wp-json\/wp\/v2\/users\/1"}],"replies":[{"embeddable":true,"href":"https:\/\/edulingua.net\/edupage\/wp-json\/wp\/v2\/comments?post=620"}],"version-history":[{"count":10,"href":"https:\/\/edulingua.net\/edupage\/wp-json\/wp\/v2\/pages\/620\/revisions"}],"predecessor-version":[{"id":3475,"href":"https:\/\/edulingua.net\/edupage\/wp-json\/wp\/v2\/pages\/620\/revisions\/3475"}],"wp:attachment":[{"href":"https:\/\/edulingua.net\/edupage\/wp-json\/wp\/v2\/media?parent=620"}],"curies":[{"name":"wp","href":"https:\/\/api.w.org\/{rel}","templated":true}]}}