{"id":605,"date":"2021-03-31T16:50:54","date_gmt":"2021-03-31T16:50:54","guid":{"rendered":"http:\/\/edulingua.net\/edupage\/?page_id=605"},"modified":"2021-08-26T18:25:12","modified_gmt":"2021-08-26T18:25:12","slug":"tananyagok-es-segedanyagok","status":"publish","type":"page","link":"https:\/\/edulingua.net\/edupage\/tananyagok-es-segedanyagok\/","title":{"rendered":"Tananyagok \u00e9s seg\u00e9danyagok"},"content":{"rendered":"\t\t<div data-elementor-type=\"wp-page\" data-elementor-id=\"605\" class=\"elementor elementor-605\" data-elementor-post-type=\"page\">\n\t\t\t\t\t\t<section class=\"elementor-section elementor-top-section elementor-element elementor-element-52cb9f4 elementor-section-boxed elementor-section-height-default elementor-section-height-default\" data-id=\"52cb9f4\" data-element_type=\"section\" data-e-type=\"section\">\n\t\t\t\t\t\t<div class=\"elementor-container elementor-column-gap-default\">\n\t\t\t\t\t<div class=\"elementor-column elementor-col-100 elementor-top-column elementor-element elementor-element-6d40d74\" data-id=\"6d40d74\" data-element_type=\"column\" data-e-type=\"column\">\n\t\t\t<div class=\"elementor-widget-wrap elementor-element-populated\">\n\t\t\t\t\t\t<div class=\"elementor-element elementor-element-f52a9d9 elementor-widget elementor-widget-text-editor\" data-id=\"f52a9d9\" data-element_type=\"widget\" data-e-type=\"widget\" data-widget_type=\"text-editor.default\">\n\t\t\t\t<div class=\"elementor-widget-container\">\n\t\t\t\t\t\t\t\t\t<h5><strong>A projekt sor\u00e1n sz\u00e1mos oktat\u00e1si \u00e9s oktat\u00e1s-, tanul\u00e1sseg\u00edt\u0151 tartalmat \u00e9s seg\u00e9dletet hoztunk l\u00e9tre. Ezek egyik r\u00e9sze jelnyelvi, jelnyelvi-magyar k\u00e9tnyelv\u0171 vagy romani nyelv\u0171 mes\u00e9ket, t\u00f6rt\u00e9neteket vagy magyar irodalmi m\u0171veket foglal mag\u00e1ban; m\u00e1sik r\u00e9sz\u00e9t ezekhez kapcsol\u00f3d\u00f3 digit\u00e1lis feladatok, online j\u00e1t\u00e9kok \u00e9s k\u00fcl\u00f6nf\u00e9le multimod\u00e1lis, interakt\u00edv tanul\u00e1si seg\u00e9dletek alkotj\u00e1k. Ezek l\u00e9trehoz\u00e1s\u00e1val a 21. sz\u00e1zadi tanul\u00e1s \u00e9s tud\u00e1sszerz\u00e9s \u00faj \u00fatjainak felt\u00e1r\u00e1sa, az oktat\u00e1skutat\u00e1s \u00faj eredm\u00e9nyeinek felhaszn\u00e1l\u00e1sa \u00e9s az oktat\u00e1s m\u00f3dszertani meg\u00fajul\u00e1s\u00e1nak el\u0151seg\u00edt\u00e9se volt a c\u00e9lunk, k\u00fcl\u00f6n\u00f6sen a jelnyelvhaszn\u00e1l\u00f3 hall\u00e1ss\u00e9r\u00fclt gyermekek, valamint a romani nyelv\u0171 vagy romani\u2013magyar k\u00e9tnyelv\u0171 gyermekek oktat\u00e1s\u00e1ban. A mes\u00e9k \u00e9s feladatok k\u00f6z\u00fcl ugyanakkor j\u00f3 n\u00e9h\u00e1ny az egynyelv\u0171 magyar gyermekek sz\u00e1m\u00e1ra is haszn\u00e1lhat\u00f3.<\/strong><\/h5><h5><strong>\u00a0<\/strong><\/h5><h5><strong>Az anyagokat t\u00f6bb nagy csoportba oszthatjuk c\u00e9lcsoport \u00e9s jelleg\u00fck alapj\u00e1n is. Az egyik nagy csoportot egyes egynyelv\u0171, jelnyelvi vagy romani nyelv\u0171 alkot\u00e1sok, mes\u00e9k, mond\u00f3k\u00e1k, versek felv\u00e9telei alkotj\u00e1k, amelyek f\u0151leg (b\u00e1r nem kiz\u00e1r\u00f3lag) kisebb (\u00f3vod\u00e1s, kisiskol\u00e1s) gyermekeknek sz\u00f3lnak (pl. jelnyelven: A gomba alatt; romani nyelven: O Milaj). Egy m\u00e1sik csoportba az olyan mes\u00e9k vagy t\u00f6rt\u00e9netek tartoznak, amelyeket kifejezetten az iskolai oktat\u00e1shoz kapcsol\u00f3dva dolgoztunk fel (pl. NAT 2020-ban szerepl\u0151 olvasm\u00e1ny), \u00e9s amelyekhez c\u00e9lzottan fejlesztett\u00fcnk e-learning feladatokat is. Ezek k\u00fcl\u00f6nb\u00f6z\u0151 oktat\u00e1si \u00e9s fejleszt\u00e9si c\u00e9lokra alkalmas, t\u00f6bbf\u00e9le t\u00e9m\u00e1j\u00fa \u00e9s neh\u00e9zs\u00e9g\u0171 sz\u00f6vegeket, k\u00fcl\u00f6nf\u00e9le feladatt\u00edpusokat \u00e9s gyakorl\u00f3feladatokat foglalnak magukban (pl. A r\u00f3ka \u00e9s a holl\u00f3). K\u00fcl\u00f6n r\u00e9szt alkotnak a \u201em\u00f3dszertani csomagok\u201d: ezek \u00f6n\u00e1ll\u00f3, nagyobb m\u00f3dszertani egys\u00e9gk\u00e9nt kidolgozott, a gyakorlatban kipr\u00f3b\u00e1lt \u00e9s tesztelt, t\u00e1gabb tud\u00e1sanyagot \u00e9s sokf\u00e9le oktat\u00e1si c\u00e9lt \u00e1tfog\u00f3 feladatk\u00e9szletek a hozz\u00e1juk tartoz\u00f3 r\u00f6vid le\u00edr\u00e1ssal. Ilyen pl. a \u201eMes\u00e9re \u00e9p\u00fcl\u0151 komplex fejleszt\u00e9si csomag\u201d \u00e9s az \u201e\u00d3vodai Jelnyelvi M\u00f3dszertani Csomag\u201d, t\u00f6bb mes\u00e9vel \u00e9s multimod\u00e1lis feladatokkal. Ki kell emelni a nagyobb di\u00e1koknak sz\u00f3l\u00f3 tartalmakat is, amelyek k\u00f6zt magyar sz\u00e9pirodalmi m\u0171vek feldolgoz\u00e1sai \u00e9s a jelnyelvi, jelnyelv\u00e9szeti k\u00e9rd\u00e9seket tematiz\u00e1l\u00f3 alkot\u00e1sok is vannak. V\u00e9g\u00fcl l\u00e9trehoztunk sok \u00e1ltal\u00e1nosan haszn\u00e1lhat\u00f3 digit\u00e1lis tanul\u00e1si seg\u00e9dletet is, els\u0151sorban jelnyelven (pl. Interakt\u00edv Jelnyelvi T\u00e9rk\u00e9p, melyre kattintva megjelenik az eur\u00f3pai orsz\u00e1gok, a legfontosabb magyarorsz\u00e1gi \u00e9s erd\u00e9lyi telep\u00fcl\u00e9sek jelnyelvi jele, magyar neve, t\u00e9rk\u00e9pe, z\u00e1szl\u00f3ja, c\u00edmere, vagy az \u00faj magyar daktilt\u00e1bl\u00e1zat fejleszt\u00e9s\u00e9n alapul\u00f3 oktat\u00e1si seg\u00e9danyagok: tanul\u00f3k\u00e1rty\u00e1k, feladatok, stb.). Mindezek c\u00e9lzott tanul\u00e1sra \u00e9s \u00f6n\u00e1ll\u00f3, k\u00f6tetlen j\u00e1t\u00e9kos tev\u00e9kenys\u00e9gre is alkalmasak. Az anyagok, e-learning feladatok \u00e9s seg\u00e9dletek a projekt honlapj\u00e1n el\u00e9rhet\u0151k, m\u00e1s m\u00f3dszertani eszk\u00f6z\u00f6kkel egy\u00fctt; valamint egy \u00f6n\u00e1ll\u00f3 m\u00f3dszertani gy\u0171jtem\u00e9ny, az Edulingua M\u00f3dszertani F\u00fczetek sorozat egyik let\u00f6lthet\u0151 kiadv\u00e1ny\u00e1n kereszt\u00fcl is hozz\u00e1f\u00e9rhet\u0151k.<\/strong><\/h5>\t\t\t\t\t\t\t\t<\/div>\n\t\t\t\t<\/div>\n\t\t\t\t\t<\/div>\n\t\t<\/div>\n\t\t\t\t\t<\/div>\n\t\t<\/section>\n\t\t\t\t<\/div>\n\t\t","protected":false},"excerpt":{"rendered":"<p>A projekt sor\u00e1n sz\u00e1mos oktat\u00e1si \u00e9s oktat\u00e1s-, tanul\u00e1sseg\u00edt\u0151 tartalmat \u00e9s seg\u00e9dletet hoztunk l\u00e9tre. Ezek egyik r\u00e9sze jelnyelvi, jelnyelvi-magyar k\u00e9tnyelv\u0171 vagy romani nyelv\u0171 mes\u00e9ket, t\u00f6rt\u00e9neteket vagy magyar irodalmi m\u0171veket foglal mag\u00e1ban; m\u00e1sik r\u00e9sz\u00e9t ezekhez kapcsol\u00f3d\u00f3 digit\u00e1lis feladatok, online j\u00e1t\u00e9kok \u00e9s k\u00fcl\u00f6nf\u00e9le &hellip; <\/p>\n","protected":false},"author":1,"featured_media":0,"parent":0,"menu_order":0,"comment_status":"closed","ping_status":"closed","template":"","meta":{"footnotes":""},"class_list":["post-605","page","type-page","status-publish","hentry"],"jetpack_sharing_enabled":true,"_links":{"self":[{"href":"https:\/\/edulingua.net\/edupage\/wp-json\/wp\/v2\/pages\/605","targetHints":{"allow":["GET"]}}],"collection":[{"href":"https:\/\/edulingua.net\/edupage\/wp-json\/wp\/v2\/pages"}],"about":[{"href":"https:\/\/edulingua.net\/edupage\/wp-json\/wp\/v2\/types\/page"}],"author":[{"embeddable":true,"href":"https:\/\/edulingua.net\/edupage\/wp-json\/wp\/v2\/users\/1"}],"replies":[{"embeddable":true,"href":"https:\/\/edulingua.net\/edupage\/wp-json\/wp\/v2\/comments?post=605"}],"version-history":[{"count":10,"href":"https:\/\/edulingua.net\/edupage\/wp-json\/wp\/v2\/pages\/605\/revisions"}],"predecessor-version":[{"id":3637,"href":"https:\/\/edulingua.net\/edupage\/wp-json\/wp\/v2\/pages\/605\/revisions\/3637"}],"wp:attachment":[{"href":"https:\/\/edulingua.net\/edupage\/wp-json\/wp\/v2\/media?parent=605"}],"curies":[{"name":"wp","href":"https:\/\/api.w.org\/{rel}","templated":true}]}}