{"id":596,"date":"2021-03-31T16:37:56","date_gmt":"2021-03-31T16:37:56","guid":{"rendered":"http:\/\/edulingua.net\/edupage\/?page_id=596"},"modified":"2021-03-31T16:37:58","modified_gmt":"2021-03-31T16:37:58","slug":"modszertani-fejlesztesek-es-modszertar","status":"publish","type":"page","link":"https:\/\/edulingua.net\/edupage\/modszertani-fejlesztesek-es-modszertar\/","title":{"rendered":"M\u00f3dszertani fejleszt\u00e9sek \u00e9s M\u00f3dszert\u00e1r"},"content":{"rendered":"","protected":false},"excerpt":{"rendered":"","protected":false},"author":1,"featured_media":0,"parent":0,"menu_order":0,"comment_status":"closed","ping_status":"closed","template":"","meta":{"footnotes":""},"class_list":["post-596","page","type-page","status-publish","hentry"],"jetpack_sharing_enabled":true,"_links":{"self":[{"href":"https:\/\/edulingua.net\/edupage\/wp-json\/wp\/v2\/pages\/596","targetHints":{"allow":["GET"]}}],"collection":[{"href":"https:\/\/edulingua.net\/edupage\/wp-json\/wp\/v2\/pages"}],"about":[{"href":"https:\/\/edulingua.net\/edupage\/wp-json\/wp\/v2\/types\/page"}],"author":[{"embeddable":true,"href":"https:\/\/edulingua.net\/edupage\/wp-json\/wp\/v2\/users\/1"}],"replies":[{"embeddable":true,"href":"https:\/\/edulingua.net\/edupage\/wp-json\/wp\/v2\/comments?post=596"}],"version-history":[{"count":1,"href":"https:\/\/edulingua.net\/edupage\/wp-json\/wp\/v2\/pages\/596\/revisions"}],"predecessor-version":[{"id":597,"href":"https:\/\/edulingua.net\/edupage\/wp-json\/wp\/v2\/pages\/596\/revisions\/597"}],"wp:attachment":[{"href":"https:\/\/edulingua.net\/edupage\/wp-json\/wp\/v2\/media?parent=596"}],"curies":[{"name":"wp","href":"https:\/\/api.w.org\/{rel}","templated":true}]}}