{"id":594,"date":"2021-03-31T16:36:35","date_gmt":"2021-03-31T16:36:35","guid":{"rendered":"http:\/\/edulingua.net\/edupage\/?page_id=594"},"modified":"2021-04-07T13:30:21","modified_gmt":"2021-04-07T13:30:21","slug":"jelnyelvi-es-siketkutatasok-nemzetkozi-eredmenyei","status":"publish","type":"page","link":"https:\/\/edulingua.net\/edupage\/jelnyelvi-es-siketkutatasok-nemzetkozi-eredmenyei\/","title":{"rendered":"Jelnyelvi \u00e9s siketkutat\u00e1sok nemzetk\u00f6zi eredm\u00e9nyei"},"content":{"rendered":"\t\t<div data-elementor-type=\"wp-page\" data-elementor-id=\"594\" class=\"elementor elementor-594\" data-elementor-post-type=\"page\">\n\t\t\t\t\t\t<section class=\"elementor-section elementor-top-section elementor-element elementor-element-2b8dbb9 elementor-section-boxed elementor-section-height-default elementor-section-height-default\" data-id=\"2b8dbb9\" data-element_type=\"section\" data-e-type=\"section\">\n\t\t\t\t\t\t<div class=\"elementor-container elementor-column-gap-default\">\n\t\t\t\t\t<div class=\"elementor-column elementor-col-100 elementor-top-column elementor-element elementor-element-29abde8\" data-id=\"29abde8\" data-element_type=\"column\" data-e-type=\"column\">\n\t\t\t<div class=\"elementor-widget-wrap elementor-element-populated\">\n\t\t\t\t\t\t<div class=\"elementor-element elementor-element-2b3ae0d elementor-widget elementor-widget-text-editor\" data-id=\"2b3ae0d\" data-element_type=\"widget\" data-e-type=\"widget\" data-widget_type=\"text-editor.default\">\n\t\t\t\t<div class=\"elementor-widget-container\">\n\t\t\t\t\t\t\t\t\t<h2 class=\"mbr-section-title align-center mbr-bold pb-3 mbr-fonts-style display-2\"><strong>Siket gyermekek, jelnyelvek \u00e9s bimod\u00e1lis k\u00e9tnyelv\u0171s\u00e9g \u2013 A kutat\u00e1s nemzetk\u00f6zi bizony\u00edt\u00e9kai<\/strong><\/h2><p class=\"mbr-text align-center pb-3 mbr-fonts-style display-7\"><strong>A korai nyelvi-interakci\u00f3s tapasztalatok a kommunik\u00e1ci\u00f3 modalit\u00e1s\u00e1t\u00f3l f\u00fcggetlen\u00fcl teremtik meg annak lehet\u0151s\u00e9g\u00e9t, hogy egy eg\u00e9sz \u00e9leten \u00e1t tanulni tudjunk. A m\u00e9g jelenleg is fenn\u00e1ll\u00f3 korai fejleszt\u00e9si \u00e9s oktat\u00e1si gyakorlat azonban a siket gyermekek sz\u00e1m\u00e1ra nem teszi hozz\u00e1f\u00e9rhet\u0151v\u00e9 a jelnyelvet, arra a hossz\u00fa ideje meghaladott elk\u00e9pzel\u00e9sre \u00e9p\u00edtve, melyet sajn\u00e1latos m\u00f3don a hall\u00f3 sz\u00fcl\u0151k sz\u00e1m\u00e1ra m\u00e1ig k\u00f6zvet\u00edtenek, miszerint a jelnyelv akad\u00e1lyozza a besz\u00e9dk\u00e9szs\u00e9g kialakul\u00e1s\u00e1t. Ma azonban nincsen semmilyen tudom\u00e1nyos bizony\u00edt\u00e9k arra, hogy egy jelnyelv b\u00e1rmilyen m\u00f3don megakad\u00e1lyozn\u00e1 a siket \u00e9s nagyothall\u00f3 gyerekek hangz\u00f3 nyelvi fejl\u0151d\u00e9s\u00e9t. A korai hozz\u00e1f\u00e9r\u00e9s a nyelvhez, legyen az b\u00e1rmilyen modalit\u00e1s\u00fa, olyan alapot teremt, amely k\u00e9szs\u00e9gekre egy m\u00e1s modalit\u00e1s\u00fa nyelv is \u00e9p\u00edthet. M\u00e1ra tudom\u00e1nyos bizony\u00edt\u00e9kok sora igazolja azt is, hogy mindez, ezzel egy\u00fctt a s a korai jelnyelvi input sz\u00fcks\u00e9gess\u00e9ge ugyan\u00fagy \u00e9rv\u00e9nyes a cochle\u00e1ris implant\u00e1ci\u00f3n \u00e1tesett gyermekekre is. A nyelv az, mely el\u0151seg\u00edti a hangz\u00f3 modalit\u00e1s\u00fa nyelv elsaj\u00e1t\u00edt\u00e1s\u00e1t is, nem pedig a kommunik\u00e1ci\u00f3 m\u00f3dja.<\/strong><\/p><p><strong>A TKK \u00e9s a NyelvEs\u00e9ly Kutat\u00f3csoport saj\u00e1t empirikus kutat\u00e1sai eredm\u00e9nyeivel \u00e9s bizony\u00edt\u00e9kaival, szeml\u00e9letform\u00e1l\u00f3 tev\u00e9kenys\u00e9g\u00e9vel \u00e9s szakmai aj\u00e1nl\u00e1saival h\u00fasz \u00e9ve t\u00f6lt be \u00fatt\u00f6r\u0151 szerepet a fenti elvekre \u00e9p\u00fcl\u0151 szakpolitikai szeml\u00e9let \u00e9s oktat\u00e1si gyakorlat form\u00e1l\u00e1s\u00e1ban.<\/strong><\/p><p><strong>E tev\u00e9kenys\u00e9g\u00fcnk hiteless\u00e9g\u00e9nek kontrolljak\u00e9nt, egyszersmind a sz\u00fcl\u0151k, pedag\u00f3gusok, szakpolitikusok hiteles \u00e9s kiegyenl\u00edtett inform\u00e1l\u00e1sa \u00e9rdek\u00e9ben ugyanakkor fontosnak tartjuk, hogy folyamatosan hozz\u00e1f\u00e9rhet\u0151v\u00e9 tegy\u00fck a nemzetk\u00f6zi kutat\u00e1s \u00e9s gyakorlat \u00e9lvonal\u00e1b\u00f3l, leghitelesebbnek sz\u00e1m\u00edt\u00f3 k\u00f6zpontjaib\u00f3l sz\u00e1rmaz\u00f3, az \u00e9vtizedek sor\u00e1n felhalmoz\u00f3dott idegtudom\u00e1nyi, pszichol\u00f3giai, nyelv\u00e9szeti, pedag\u00f3giai, stb. vizsg\u00e1latokb\u00f3l, m\u00e9r\u00e9sekb\u0151l sz\u00e1rmaz\u00f3 eredm\u00e9nyeket is.<\/strong><\/p><p><strong>Ennek els\u0151 jelent\u0151s l\u00e9p\u00e9sek\u00e9nt k\u00fcl\u00f6nb\u00f6z\u0151 ter\u00fcletek szakembereinek bevon\u00e1s\u00e1val k\u00e9sz\u00fclt el a washingtoni Gallaudet Egyetem VL2 k\u00f6zpontja p\u00e9lda\u00e9rt\u00e9k\u0171, tizenegy kiadv\u00e1nyb\u00f3l \u00e1ll\u00f3 sorozat\u00e1nak magyar v\u00e1ltozata. E kutat\u00e1si \u00f6sszefoglal\u00f3k az aj\u00e1nl\u00e1sok megfogalmaz\u00e1sa \u00e1ltal seg\u00edtenek az eredm\u00e9nyek gyakorlatba \u00fcltet\u00e9s\u00e9ben is azon pedag\u00f3gusok, sz\u00fcl\u0151k sz\u00e1m\u00e1ra, akik a siket \u00e9s nagyothall\u00f3 gyermekeik oktat\u00e1s\u00e1nak sokr\u00e9t\u0171 kih\u00edv\u00e1saival szembes\u00fclnek.\u00a0<\/strong><\/p>\t\t\t\t\t\t\t\t<\/div>\n\t\t\t\t<\/div>\n\t\t\t\t\t<\/div>\n\t\t<\/div>\n\t\t\t\t\t<\/div>\n\t\t<\/section>\n\t\t\t\t<section class=\"elementor-section elementor-top-section elementor-element elementor-element-d70dce2 elementor-section-boxed elementor-section-height-default elementor-section-height-default\" data-id=\"d70dce2\" data-element_type=\"section\" data-e-type=\"section\">\n\t\t\t\t\t\t<div class=\"elementor-container elementor-column-gap-default\">\n\t\t\t\t\t<div class=\"elementor-column elementor-col-33 elementor-top-column elementor-element elementor-element-6c5a61d\" data-id=\"6c5a61d\" data-element_type=\"column\" data-e-type=\"column\">\n\t\t\t<div class=\"elementor-widget-wrap elementor-element-populated\">\n\t\t\t\t\t\t<div class=\"elementor-element elementor-element-d1472ad elementor-widget elementor-widget-image\" data-id=\"d1472ad\" data-element_type=\"widget\" data-e-type=\"widget\" data-widget_type=\"image.default\">\n\t\t\t\t<div class=\"elementor-widget-container\">\n\t\t\t\t\t\t\t\t\t\t\t\t<figure class=\"wp-caption\">\n\t\t\t\t\t\t\t\t\t\t\t<a href=\"http:\/\/edulingua.net\/document\/RB-01-magyar.pdf\">\n\t\t\t\t\t\t\t<img fetchpriority=\"high\" decoding=\"async\" width=\"492\" height=\"683\" src=\"https:\/\/edulingua.net\/edupage\/wp-content\/uploads\/2021\/04\/rb-01-a4-492x683-1.jpg\" class=\"attachment-large size-large wp-image-1075\" alt=\"\" srcset=\"https:\/\/edulingua.net\/edupage\/wp-content\/uploads\/2021\/04\/rb-01-a4-492x683-1.jpg 492w, https:\/\/edulingua.net\/edupage\/wp-content\/uploads\/2021\/04\/rb-01-a4-492x683-1-216x300.jpg 216w\" sizes=\"(max-width: 492px) 100vw, 492px\" \/>\t\t\t\t\t\t\t\t<\/a>\n\t\t\t\t\t\t\t\t\t\t\t<figcaption class=\"widget-image-caption wp-caption-text\">Research Brief 01<\/figcaption>\n\t\t\t\t\t\t\t\t\t\t<\/figure>\n\t\t\t\t\t\t\t\t\t<\/div>\n\t\t\t\t<\/div>\n\t\t\t\t\t<\/div>\n\t\t<\/div>\n\t\t\t\t<div class=\"elementor-column elementor-col-33 elementor-top-column elementor-element elementor-element-a2a8763\" data-id=\"a2a8763\" data-element_type=\"column\" data-e-type=\"column\">\n\t\t\t<div class=\"elementor-widget-wrap elementor-element-populated\">\n\t\t\t\t\t\t<div class=\"elementor-element elementor-element-70f92b9 elementor-widget elementor-widget-image\" data-id=\"70f92b9\" data-element_type=\"widget\" data-e-type=\"widget\" data-widget_type=\"image.default\">\n\t\t\t\t<div class=\"elementor-widget-container\">\n\t\t\t\t\t\t\t\t\t\t\t\t<figure class=\"wp-caption\">\n\t\t\t\t\t\t\t\t\t\t\t<a href=\"http:\/\/edulingua.net\/document\/RB-02-magyar.pdf\">\n\t\t\t\t\t\t\t<img decoding=\"async\" width=\"492\" height=\"683\" src=\"https:\/\/edulingua.net\/edupage\/wp-content\/uploads\/2021\/04\/rb-02-a4-492x683-1.jpg\" class=\"attachment-large size-large wp-image-1077\" alt=\"\" srcset=\"https:\/\/edulingua.net\/edupage\/wp-content\/uploads\/2021\/04\/rb-02-a4-492x683-1.jpg 492w, https:\/\/edulingua.net\/edupage\/wp-content\/uploads\/2021\/04\/rb-02-a4-492x683-1-216x300.jpg 216w\" sizes=\"(max-width: 492px) 100vw, 492px\" \/>\t\t\t\t\t\t\t\t<\/a>\n\t\t\t\t\t\t\t\t\t\t\t<figcaption class=\"widget-image-caption wp-caption-text\">Research Brief 02<\/figcaption>\n\t\t\t\t\t\t\t\t\t\t<\/figure>\n\t\t\t\t\t\t\t\t\t<\/div>\n\t\t\t\t<\/div>\n\t\t\t\t\t<\/div>\n\t\t<\/div>\n\t\t\t\t<div class=\"elementor-column elementor-col-33 elementor-top-column elementor-element elementor-element-c9b3f9c\" data-id=\"c9b3f9c\" data-element_type=\"column\" data-e-type=\"column\">\n\t\t\t<div class=\"elementor-widget-wrap elementor-element-populated\">\n\t\t\t\t\t\t<div class=\"elementor-element elementor-element-e5b1809 elementor-widget elementor-widget-image\" data-id=\"e5b1809\" data-element_type=\"widget\" data-e-type=\"widget\" data-widget_type=\"image.default\">\n\t\t\t\t<div class=\"elementor-widget-container\">\n\t\t\t\t\t\t\t\t\t\t\t\t<figure class=\"wp-caption\">\n\t\t\t\t\t\t\t\t\t\t\t<a href=\"http:\/\/edulingua.net\/document\/RB-03-magyar.pdf\">\n\t\t\t\t\t\t\t<img decoding=\"async\" width=\"492\" height=\"683\" src=\"https:\/\/edulingua.net\/edupage\/wp-content\/uploads\/2021\/04\/rb-03-a4-492x683-1.jpg\" class=\"attachment-large size-large wp-image-1078\" alt=\"\" srcset=\"https:\/\/edulingua.net\/edupage\/wp-content\/uploads\/2021\/04\/rb-03-a4-492x683-1.jpg 492w, https:\/\/edulingua.net\/edupage\/wp-content\/uploads\/2021\/04\/rb-03-a4-492x683-1-216x300.jpg 216w\" sizes=\"(max-width: 492px) 100vw, 492px\" \/>\t\t\t\t\t\t\t\t<\/a>\n\t\t\t\t\t\t\t\t\t\t\t<figcaption class=\"widget-image-caption wp-caption-text\">Research Brief 03<\/figcaption>\n\t\t\t\t\t\t\t\t\t\t<\/figure>\n\t\t\t\t\t\t\t\t\t<\/div>\n\t\t\t\t<\/div>\n\t\t\t\t\t<\/div>\n\t\t<\/div>\n\t\t\t\t\t<\/div>\n\t\t<\/section>\n\t\t\t\t<section class=\"elementor-section elementor-top-section elementor-element elementor-element-9aec0cb elementor-section-boxed elementor-section-height-default elementor-section-height-default\" data-id=\"9aec0cb\" data-element_type=\"section\" data-e-type=\"section\">\n\t\t\t\t\t\t<div class=\"elementor-container elementor-column-gap-default\">\n\t\t\t\t\t<div class=\"elementor-column elementor-col-33 elementor-top-column elementor-element elementor-element-90626a9\" data-id=\"90626a9\" data-element_type=\"column\" data-e-type=\"column\">\n\t\t\t<div class=\"elementor-widget-wrap elementor-element-populated\">\n\t\t\t\t\t\t<div class=\"elementor-element elementor-element-6a6078c elementor-widget elementor-widget-image\" data-id=\"6a6078c\" data-element_type=\"widget\" data-e-type=\"widget\" data-widget_type=\"image.default\">\n\t\t\t\t<div class=\"elementor-widget-container\">\n\t\t\t\t\t\t\t\t\t\t\t\t<figure class=\"wp-caption\">\n\t\t\t\t\t\t\t\t\t\t\t<a href=\"http:\/\/edulingua.net\/document\/RB-04-magyar.pdf\">\n\t\t\t\t\t\t\t<img loading=\"lazy\" decoding=\"async\" width=\"492\" height=\"683\" src=\"https:\/\/edulingua.net\/edupage\/wp-content\/uploads\/2021\/04\/rb-04-a4-492x683-1.jpg\" class=\"attachment-large size-large wp-image-1079\" alt=\"\" srcset=\"https:\/\/edulingua.net\/edupage\/wp-content\/uploads\/2021\/04\/rb-04-a4-492x683-1.jpg 492w, https:\/\/edulingua.net\/edupage\/wp-content\/uploads\/2021\/04\/rb-04-a4-492x683-1-216x300.jpg 216w\" sizes=\"(max-width: 492px) 100vw, 492px\" \/>\t\t\t\t\t\t\t\t<\/a>\n\t\t\t\t\t\t\t\t\t\t\t<figcaption class=\"widget-image-caption wp-caption-text\">Research Brief 04<\/figcaption>\n\t\t\t\t\t\t\t\t\t\t<\/figure>\n\t\t\t\t\t\t\t\t\t<\/div>\n\t\t\t\t<\/div>\n\t\t\t\t\t<\/div>\n\t\t<\/div>\n\t\t\t\t<div class=\"elementor-column elementor-col-33 elementor-top-column elementor-element elementor-element-5e11634\" data-id=\"5e11634\" data-element_type=\"column\" data-e-type=\"column\">\n\t\t\t<div class=\"elementor-widget-wrap elementor-element-populated\">\n\t\t\t\t\t\t<div class=\"elementor-element elementor-element-cde113f elementor-widget elementor-widget-image\" data-id=\"cde113f\" data-element_type=\"widget\" data-e-type=\"widget\" data-widget_type=\"image.default\">\n\t\t\t\t<div class=\"elementor-widget-container\">\n\t\t\t\t\t\t\t\t\t\t\t\t<figure class=\"wp-caption\">\n\t\t\t\t\t\t\t\t\t\t\t<a href=\"http:\/\/edulingua.net\/document\/RB-05-magyar.pdf\">\n\t\t\t\t\t\t\t<img loading=\"lazy\" decoding=\"async\" width=\"492\" height=\"683\" src=\"https:\/\/edulingua.net\/edupage\/wp-content\/uploads\/2021\/04\/rb-05-a4-492x683-1.jpg\" class=\"attachment-large size-large wp-image-1080\" alt=\"\" srcset=\"https:\/\/edulingua.net\/edupage\/wp-content\/uploads\/2021\/04\/rb-05-a4-492x683-1.jpg 492w, https:\/\/edulingua.net\/edupage\/wp-content\/uploads\/2021\/04\/rb-05-a4-492x683-1-216x300.jpg 216w\" sizes=\"(max-width: 492px) 100vw, 492px\" \/>\t\t\t\t\t\t\t\t<\/a>\n\t\t\t\t\t\t\t\t\t\t\t<figcaption class=\"widget-image-caption wp-caption-text\">Research Brief 05<\/figcaption>\n\t\t\t\t\t\t\t\t\t\t<\/figure>\n\t\t\t\t\t\t\t\t\t<\/div>\n\t\t\t\t<\/div>\n\t\t\t\t\t<\/div>\n\t\t<\/div>\n\t\t\t\t<div class=\"elementor-column elementor-col-33 elementor-top-column elementor-element elementor-element-31b6594\" data-id=\"31b6594\" data-element_type=\"column\" data-e-type=\"column\">\n\t\t\t<div class=\"elementor-widget-wrap elementor-element-populated\">\n\t\t\t\t\t\t<div class=\"elementor-element elementor-element-1bcd69c elementor-widget elementor-widget-image\" data-id=\"1bcd69c\" data-element_type=\"widget\" data-e-type=\"widget\" data-widget_type=\"image.default\">\n\t\t\t\t<div class=\"elementor-widget-container\">\n\t\t\t\t\t\t\t\t\t\t\t\t<figure class=\"wp-caption\">\n\t\t\t\t\t\t\t\t\t\t\t<a href=\"http:\/\/edulingua.net\/document\/RB-06-magyar.pdf\">\n\t\t\t\t\t\t\t<img loading=\"lazy\" decoding=\"async\" width=\"492\" height=\"683\" src=\"https:\/\/edulingua.net\/edupage\/wp-content\/uploads\/2021\/04\/rb-06-a4-492x683-1.jpg\" class=\"attachment-large size-large wp-image-1081\" alt=\"\" srcset=\"https:\/\/edulingua.net\/edupage\/wp-content\/uploads\/2021\/04\/rb-06-a4-492x683-1.jpg 492w, https:\/\/edulingua.net\/edupage\/wp-content\/uploads\/2021\/04\/rb-06-a4-492x683-1-216x300.jpg 216w\" sizes=\"(max-width: 492px) 100vw, 492px\" \/>\t\t\t\t\t\t\t\t<\/a>\n\t\t\t\t\t\t\t\t\t\t\t<figcaption class=\"widget-image-caption wp-caption-text\">Research Brief 06<\/figcaption>\n\t\t\t\t\t\t\t\t\t\t<\/figure>\n\t\t\t\t\t\t\t\t\t<\/div>\n\t\t\t\t<\/div>\n\t\t\t\t\t<\/div>\n\t\t<\/div>\n\t\t\t\t\t<\/div>\n\t\t<\/section>\n\t\t\t\t<section class=\"elementor-section elementor-top-section elementor-element elementor-element-1d66bab elementor-section-boxed elementor-section-height-default elementor-section-height-default\" data-id=\"1d66bab\" data-element_type=\"section\" data-e-type=\"section\">\n\t\t\t\t\t\t<div class=\"elementor-container elementor-column-gap-default\">\n\t\t\t\t\t<div class=\"elementor-column elementor-col-33 elementor-top-column elementor-element elementor-element-681ffe0\" data-id=\"681ffe0\" data-element_type=\"column\" data-e-type=\"column\">\n\t\t\t<div class=\"elementor-widget-wrap elementor-element-populated\">\n\t\t\t\t\t\t<div class=\"elementor-element elementor-element-9c8553d elementor-widget elementor-widget-image\" data-id=\"9c8553d\" data-element_type=\"widget\" data-e-type=\"widget\" data-widget_type=\"image.default\">\n\t\t\t\t<div class=\"elementor-widget-container\">\n\t\t\t\t\t\t\t\t\t\t\t\t<figure class=\"wp-caption\">\n\t\t\t\t\t\t\t\t\t\t\t<a href=\"http:\/\/edulingua.net\/document\/RB-07-magyar.pdf\">\n\t\t\t\t\t\t\t<img loading=\"lazy\" decoding=\"async\" width=\"492\" height=\"683\" src=\"https:\/\/edulingua.net\/edupage\/wp-content\/uploads\/2021\/04\/rb-07-a4-492x683-1.jpg\" class=\"attachment-large size-large wp-image-1082\" alt=\"\" srcset=\"https:\/\/edulingua.net\/edupage\/wp-content\/uploads\/2021\/04\/rb-07-a4-492x683-1.jpg 492w, https:\/\/edulingua.net\/edupage\/wp-content\/uploads\/2021\/04\/rb-07-a4-492x683-1-216x300.jpg 216w\" sizes=\"(max-width: 492px) 100vw, 492px\" \/>\t\t\t\t\t\t\t\t<\/a>\n\t\t\t\t\t\t\t\t\t\t\t<figcaption class=\"widget-image-caption wp-caption-text\">Research Brief 07<\/figcaption>\n\t\t\t\t\t\t\t\t\t\t<\/figure>\n\t\t\t\t\t\t\t\t\t<\/div>\n\t\t\t\t<\/div>\n\t\t\t\t\t<\/div>\n\t\t<\/div>\n\t\t\t\t<div class=\"elementor-column elementor-col-33 elementor-top-column elementor-element elementor-element-6a4e2d3\" data-id=\"6a4e2d3\" data-element_type=\"column\" data-e-type=\"column\">\n\t\t\t<div class=\"elementor-widget-wrap elementor-element-populated\">\n\t\t\t\t\t\t<div class=\"elementor-element elementor-element-6088732 elementor-widget elementor-widget-image\" data-id=\"6088732\" data-element_type=\"widget\" data-e-type=\"widget\" data-widget_type=\"image.default\">\n\t\t\t\t<div class=\"elementor-widget-container\">\n\t\t\t\t\t\t\t\t\t\t\t\t<figure class=\"wp-caption\">\n\t\t\t\t\t\t\t\t\t\t\t<a href=\"http:\/\/edulingua.net\/document\/RB-08-magyar.pdf\">\n\t\t\t\t\t\t\t<img loading=\"lazy\" decoding=\"async\" width=\"492\" height=\"683\" src=\"https:\/\/edulingua.net\/edupage\/wp-content\/uploads\/2021\/04\/rb-08-a4-492x683-1.jpg\" class=\"attachment-large size-large wp-image-1083\" alt=\"\" srcset=\"https:\/\/edulingua.net\/edupage\/wp-content\/uploads\/2021\/04\/rb-08-a4-492x683-1.jpg 492w, https:\/\/edulingua.net\/edupage\/wp-content\/uploads\/2021\/04\/rb-08-a4-492x683-1-216x300.jpg 216w\" sizes=\"(max-width: 492px) 100vw, 492px\" \/>\t\t\t\t\t\t\t\t<\/a>\n\t\t\t\t\t\t\t\t\t\t\t<figcaption class=\"widget-image-caption wp-caption-text\">Research Brief 08<\/figcaption>\n\t\t\t\t\t\t\t\t\t\t<\/figure>\n\t\t\t\t\t\t\t\t\t<\/div>\n\t\t\t\t<\/div>\n\t\t\t\t\t<\/div>\n\t\t<\/div>\n\t\t\t\t<div class=\"elementor-column elementor-col-33 elementor-top-column elementor-element elementor-element-d21243b\" data-id=\"d21243b\" data-element_type=\"column\" data-e-type=\"column\">\n\t\t\t<div class=\"elementor-widget-wrap elementor-element-populated\">\n\t\t\t\t\t\t<div class=\"elementor-element elementor-element-db3f36d elementor-widget elementor-widget-image\" data-id=\"db3f36d\" data-element_type=\"widget\" data-e-type=\"widget\" data-widget_type=\"image.default\">\n\t\t\t\t<div class=\"elementor-widget-container\">\n\t\t\t\t\t\t\t\t\t\t\t\t<figure class=\"wp-caption\">\n\t\t\t\t\t\t\t\t\t\t\t<a href=\"http:\/\/edulingua.net\/document\/RB-09-magyar.pdf\">\n\t\t\t\t\t\t\t<img loading=\"lazy\" decoding=\"async\" width=\"492\" height=\"683\" src=\"https:\/\/edulingua.net\/edupage\/wp-content\/uploads\/2021\/04\/rb-09-a4-492x683-1.jpg\" class=\"attachment-large size-large wp-image-1084\" alt=\"\" srcset=\"https:\/\/edulingua.net\/edupage\/wp-content\/uploads\/2021\/04\/rb-09-a4-492x683-1.jpg 492w, https:\/\/edulingua.net\/edupage\/wp-content\/uploads\/2021\/04\/rb-09-a4-492x683-1-216x300.jpg 216w\" sizes=\"(max-width: 492px) 100vw, 492px\" \/>\t\t\t\t\t\t\t\t<\/a>\n\t\t\t\t\t\t\t\t\t\t\t<figcaption class=\"widget-image-caption wp-caption-text\">Research Brief 09<\/figcaption>\n\t\t\t\t\t\t\t\t\t\t<\/figure>\n\t\t\t\t\t\t\t\t\t<\/div>\n\t\t\t\t<\/div>\n\t\t\t\t\t<\/div>\n\t\t<\/div>\n\t\t\t\t\t<\/div>\n\t\t<\/section>\n\t\t\t\t<section class=\"elementor-section elementor-top-section elementor-element elementor-element-9db0535 elementor-section-boxed elementor-section-height-default elementor-section-height-default\" data-id=\"9db0535\" data-element_type=\"section\" data-e-type=\"section\">\n\t\t\t\t\t\t<div class=\"elementor-container elementor-column-gap-default\">\n\t\t\t\t\t<div class=\"elementor-column elementor-col-33 elementor-top-column elementor-element elementor-element-46011bb\" data-id=\"46011bb\" data-element_type=\"column\" data-e-type=\"column\">\n\t\t\t<div class=\"elementor-widget-wrap elementor-element-populated\">\n\t\t\t\t\t\t<div class=\"elementor-element elementor-element-7f5e034 elementor-widget elementor-widget-image\" data-id=\"7f5e034\" data-element_type=\"widget\" data-e-type=\"widget\" data-widget_type=\"image.default\">\n\t\t\t\t<div class=\"elementor-widget-container\">\n\t\t\t\t\t\t\t\t\t\t\t\t<figure class=\"wp-caption\">\n\t\t\t\t\t\t\t\t\t\t\t<a href=\"http:\/\/edulingua.net\/document\/RB-10-magyar.pdf\">\n\t\t\t\t\t\t\t<img loading=\"lazy\" decoding=\"async\" width=\"492\" height=\"683\" src=\"https:\/\/edulingua.net\/edupage\/wp-content\/uploads\/2021\/04\/rb-10-a4-492x683-1.jpg\" class=\"attachment-large size-large wp-image-1085\" alt=\"\" srcset=\"https:\/\/edulingua.net\/edupage\/wp-content\/uploads\/2021\/04\/rb-10-a4-492x683-1.jpg 492w, https:\/\/edulingua.net\/edupage\/wp-content\/uploads\/2021\/04\/rb-10-a4-492x683-1-216x300.jpg 216w\" sizes=\"(max-width: 492px) 100vw, 492px\" \/>\t\t\t\t\t\t\t\t<\/a>\n\t\t\t\t\t\t\t\t\t\t\t<figcaption class=\"widget-image-caption wp-caption-text\">Research Brief 10<\/figcaption>\n\t\t\t\t\t\t\t\t\t\t<\/figure>\n\t\t\t\t\t\t\t\t\t<\/div>\n\t\t\t\t<\/div>\n\t\t\t\t\t<\/div>\n\t\t<\/div>\n\t\t\t\t<div class=\"elementor-column elementor-col-33 elementor-top-column elementor-element elementor-element-ab7c0d2\" data-id=\"ab7c0d2\" data-element_type=\"column\" data-e-type=\"column\">\n\t\t\t<div class=\"elementor-widget-wrap elementor-element-populated\">\n\t\t\t\t\t\t<div class=\"elementor-element elementor-element-66265f6 elementor-widget elementor-widget-image\" data-id=\"66265f6\" data-element_type=\"widget\" data-e-type=\"widget\" data-widget_type=\"image.default\">\n\t\t\t\t<div class=\"elementor-widget-container\">\n\t\t\t\t\t\t\t\t\t\t\t\t<figure class=\"wp-caption\">\n\t\t\t\t\t\t\t\t\t\t\t<a href=\"http:\/\/edulingua.net\/document\/RB-11-magyar.pdf\">\n\t\t\t\t\t\t\t<img loading=\"lazy\" decoding=\"async\" width=\"492\" height=\"683\" src=\"https:\/\/edulingua.net\/edupage\/wp-content\/uploads\/2021\/04\/rb-11-a4-492x683-1.jpg\" class=\"attachment-large size-large wp-image-1086\" alt=\"\" srcset=\"https:\/\/edulingua.net\/edupage\/wp-content\/uploads\/2021\/04\/rb-11-a4-492x683-1.jpg 492w, https:\/\/edulingua.net\/edupage\/wp-content\/uploads\/2021\/04\/rb-11-a4-492x683-1-216x300.jpg 216w\" sizes=\"(max-width: 492px) 100vw, 492px\" \/>\t\t\t\t\t\t\t\t<\/a>\n\t\t\t\t\t\t\t\t\t\t\t<figcaption class=\"widget-image-caption wp-caption-text\">Research Brief 11<\/figcaption>\n\t\t\t\t\t\t\t\t\t\t<\/figure>\n\t\t\t\t\t\t\t\t\t<\/div>\n\t\t\t\t<\/div>\n\t\t\t\t\t<\/div>\n\t\t<\/div>\n\t\t\t\t<div class=\"elementor-column elementor-col-33 elementor-top-column elementor-element elementor-element-f104b07\" data-id=\"f104b07\" data-element_type=\"column\" data-e-type=\"column\">\n\t\t\t<div class=\"elementor-widget-wrap\">\n\t\t\t\t\t\t\t<\/div>\n\t\t<\/div>\n\t\t\t\t\t<\/div>\n\t\t<\/section>\n\t\t\t\t<\/div>\n\t\t","protected":false},"excerpt":{"rendered":"<p>Siket gyermekek, jelnyelvek \u00e9s bimod\u00e1lis k\u00e9tnyelv\u0171s\u00e9g \u2013 A kutat\u00e1s nemzetk\u00f6zi bizony\u00edt\u00e9kai A korai nyelvi-interakci\u00f3s tapasztalatok a kommunik\u00e1ci\u00f3 modalit\u00e1s\u00e1t\u00f3l f\u00fcggetlen\u00fcl teremtik meg annak lehet\u0151s\u00e9g\u00e9t, hogy egy eg\u00e9sz \u00e9leten \u00e1t tanulni tudjunk. A m\u00e9g jelenleg is fenn\u00e1ll\u00f3 korai fejleszt\u00e9si \u00e9s oktat\u00e1si gyakorlat &hellip; <\/p>\n","protected":false},"author":1,"featured_media":0,"parent":0,"menu_order":0,"comment_status":"closed","ping_status":"closed","template":"","meta":{"footnotes":""},"class_list":["post-594","page","type-page","status-publish","hentry"],"jetpack_sharing_enabled":true,"_links":{"self":[{"href":"https:\/\/edulingua.net\/edupage\/wp-json\/wp\/v2\/pages\/594","targetHints":{"allow":["GET"]}}],"collection":[{"href":"https:\/\/edulingua.net\/edupage\/wp-json\/wp\/v2\/pages"}],"about":[{"href":"https:\/\/edulingua.net\/edupage\/wp-json\/wp\/v2\/types\/page"}],"author":[{"embeddable":true,"href":"https:\/\/edulingua.net\/edupage\/wp-json\/wp\/v2\/users\/1"}],"replies":[{"embeddable":true,"href":"https:\/\/edulingua.net\/edupage\/wp-json\/wp\/v2\/comments?post=594"}],"version-history":[{"count":25,"href":"https:\/\/edulingua.net\/edupage\/wp-json\/wp\/v2\/pages\/594\/revisions"}],"predecessor-version":[{"id":1099,"href":"https:\/\/edulingua.net\/edupage\/wp-json\/wp\/v2\/pages\/594\/revisions\/1099"}],"wp:attachment":[{"href":"https:\/\/edulingua.net\/edupage\/wp-json\/wp\/v2\/media?parent=594"}],"curies":[{"name":"wp","href":"https:\/\/api.w.org\/{rel}","templated":true}]}}