{"id":587,"date":"2021-03-31T16:30:11","date_gmt":"2021-03-31T16:30:11","guid":{"rendered":"http:\/\/edulingua.net\/edupage\/?page_id=587"},"modified":"2021-04-01T18:31:33","modified_gmt":"2021-04-01T18:31:33","slug":"kozremukodok","status":"publish","type":"page","link":"https:\/\/edulingua.net\/edupage\/kozremukodok\/","title":{"rendered":"K\u00f6zrem\u0171k\u00f6d\u0151k"},"content":{"rendered":"\t\t<div data-elementor-type=\"wp-page\" data-elementor-id=\"587\" class=\"elementor elementor-587\" data-elementor-post-type=\"page\">\n\t\t\t\t\t\t<section class=\"elementor-section elementor-top-section elementor-element elementor-element-97a32a9 elementor-section-boxed elementor-section-height-default elementor-section-height-default\" data-id=\"97a32a9\" data-element_type=\"section\" data-e-type=\"section\">\n\t\t\t\t\t\t<div class=\"elementor-container elementor-column-gap-default\">\n\t\t\t\t\t<div class=\"elementor-column elementor-col-100 elementor-top-column elementor-element elementor-element-6690076\" data-id=\"6690076\" data-element_type=\"column\" data-e-type=\"column\">\n\t\t\t<div class=\"elementor-widget-wrap elementor-element-populated\">\n\t\t\t\t\t\t<div class=\"elementor-element elementor-element-7732490 elementor-widget elementor-widget-text-editor\" data-id=\"7732490\" data-element_type=\"widget\" data-e-type=\"widget\" data-widget_type=\"text-editor.default\">\n\t\t\t\t<div class=\"elementor-widget-container\">\n\t\t\t\t\t\t\t\t\t<table width=\"508\"><tbody><tr><td width=\"508\"><h3><strong>MTA-NYTI NyelvEs\u00e9ly Szakm\u00f3dszertani Kutat\u00f3csoport\u00a0Nyelvileg tudatos iskola, k\u00e9tnyelv\u0171 siketoktat\u00e1s \u00e9s a nyelv \u00e1ltal kiakn\u00e1zhat\u00f3 tud\u00e1s innovat\u00edv m\u00f3dszereinek, eszk\u00f6zeinek fejleszt\u00e9se\u00a0(MTA SZ-007\/2016) c\u00edm\u0171 projektj\u00e9nek k\u00f6zrem\u0171k\u00f6d\u0151i\u00a0<\/strong><\/h3><\/td><\/tr><\/tbody><\/table>\t\t\t\t\t\t\t\t<\/div>\n\t\t\t\t<\/div>\n\t\t\t\t\t<\/div>\n\t\t<\/div>\n\t\t\t\t\t<\/div>\n\t\t<\/section>\n\t\t\t\t<section class=\"elementor-section elementor-top-section elementor-element elementor-element-e2d217e elementor-section-boxed elementor-section-height-default elementor-section-height-default\" data-id=\"e2d217e\" data-element_type=\"section\" data-e-type=\"section\">\n\t\t\t\t\t\t<div class=\"elementor-container elementor-column-gap-default\">\n\t\t\t\t\t<div class=\"elementor-column elementor-col-100 elementor-top-column elementor-element elementor-element-2a94d37\" data-id=\"2a94d37\" data-element_type=\"column\" data-e-type=\"column\">\n\t\t\t<div class=\"elementor-widget-wrap elementor-element-populated\">\n\t\t\t\t\t\t<div class=\"elementor-element elementor-element-947580b elementor-widget elementor-widget-text-editor\" data-id=\"947580b\" data-element_type=\"widget\" data-e-type=\"widget\" data-widget_type=\"text-editor.default\">\n\t\t\t\t<div class=\"elementor-widget-container\">\n\t\t\t\t\t\t\t\t\t<table width=\"902\"><tbody><tr><td width=\"508\"><strong>Bartha Csilla<\/strong><\/td><td width=\"394\"><strong>kutat\u00f3csoport-vezet\u0151<\/strong><\/td><\/tr><tr><td>\u00a0<\/td><td>\u00a0<\/td><\/tr><tr><td><strong>Babuts\u00e1n Rita<\/strong><\/td><td><strong>oktat\u00e1si szak\u00e9rt\u0151, gyakorl\u00f3 pedag\u00f3gus, jelnyelvi tolm\u00e1cs<\/strong><\/td><\/tr><tr><td><strong>Bokor Julianna<\/strong><\/td><td><strong>szakm\u00f3dszertani kutat\u00f3<\/strong><\/td><\/tr><tr><td><strong>Borb\u00e9ly Anna<\/strong><\/td><td><strong>szak\u00e9rt\u0151i tev\u00e9kenys\u00e9g<\/strong><\/td><\/tr><tr><td><strong>Csan\u00e1losi Erzs\u00e9bet<\/strong><\/td><td><strong>\u00e1ltal\u00e1nos asszisztens<\/strong><\/td><\/tr><tr><td><strong>Cserny\u00e1k Hajnalka<\/strong><\/td><td><strong>szakm\u00f3dszertani kutat\u00f3<\/strong><\/td><\/tr><tr><td width=\"508\"><strong>Farkas Zs\u00f3fia<\/strong><\/td><td width=\"394\"><strong>grafikai tervez\u00e9s<\/strong><\/td><\/tr><tr><td><strong>H\u00e1mori \u00c1gnes<\/strong><\/td><td><strong>szakm\u00f3dszertani kutat\u00f3<\/strong><\/td><\/tr><tr><td><strong>Hatty\u00e1r Helga<\/strong><\/td><td><strong>szakm\u00f3dszertani kutat\u00f3<\/strong><\/td><\/tr><tr><td><strong>Holecz Margit<\/strong><\/td><td><strong>szakm\u00f3dszertani kutat\u00f3<\/strong><\/td><\/tr><tr><td><strong>Horv\u00e1th Krisztina Orsolya<\/strong><\/td><td><strong>szakm\u00f3dszertani kutat\u00f3, jelnyelvi tolm\u00e1cs<\/strong><\/td><\/tr><tr><td><strong>Iv\u00e1nyin\u00e9 Liszi Katalin<\/strong><\/td><td><strong>p\u00e1ly\u00e1zati asszisztens, adminisztr\u00e1tor<\/strong><\/td><\/tr><tr><td width=\"508\"><strong>Koncsol Tam\u00e1s<\/strong><\/td><td width=\"394\"><strong>szoftverfejleszt\u0151<\/strong><\/td><\/tr><tr><td width=\"508\"><strong>Kov\u00e1cs Ferenc<\/strong><\/td><td width=\"394\"><strong>szoftverfejleszt\u0151<\/strong><\/td><\/tr><tr><td width=\"508\"><strong>K\u00f6te Csaba Mikl\u00f3s<\/strong><\/td><td width=\"394\"><strong>e-learning fejleszt\u0151<\/strong><\/td><\/tr><tr><td><strong>Lakatos P\u00e9ter<\/strong><\/td><td><strong>szakm\u00f3dszertani kutat\u00f3<\/strong><\/td><\/tr><tr><td><strong>Nagyn\u00e9 Kiss Anna<\/strong><\/td><td><strong>szakm\u00f3dszertani kutat\u00f3<\/strong><\/td><\/tr><tr><td><strong>Pachn\u00e9 Heltai\u00a0 Borb\u00e1la<\/strong><\/td><td><strong>szakm\u00f3dszertani kutat\u00f3<\/strong><\/td><\/tr><tr><td><strong>Pet\u0151-Plaszk\u00f3 Zsolt<\/strong><\/td><td><strong>kutat\u00e1si seg\u00e9dmunkat\u00e1rs<\/strong><\/td><\/tr><tr><td><strong>R\u00e9zm\u0171ves Melinda<\/strong><\/td><td><strong>vezet\u0151 cig\u00e1ny szak\u00e9rt\u0151<\/strong><\/td><\/tr><tr><td><strong>Romanek P\u00e9ter Zal\u00e1n<\/strong><\/td><td><strong>szakm\u00f3dszertani kutat\u00f3, siket szak\u00e9rt\u0151<\/strong><\/td><\/tr><tr><td><strong>Szarvas Gabriella<\/strong><\/td><td><strong>jelnyelvi tolm\u00e1cs<\/strong><\/td><\/tr><tr><td><strong>Sztari Bernadett<\/strong><\/td><td><strong>szakm\u00f3dszertani kutat\u00f3, jelnyelvi tolm\u00e1cs<\/strong><\/td><\/tr><tr><td><strong>Tarr Zolt\u00e1n P\u00e9ter<\/strong><\/td><td><strong>fejleszt\u0151 informatikus, st\u00fadi\u00f3 vezet\u0151<\/strong><\/td><\/tr><tr><td><strong>Tima P\u00e9ter<\/strong><\/td><td><strong>kutat\u00e1si seg\u00e9dmunkat\u00e1rs, szakm\u00f3dszertani kutat\u00f3<\/strong><\/td><\/tr><tr><td><strong>T\u00f3th Etelka<\/strong><\/td><td><strong>szakm\u00f3dszertani kutat\u00f3<\/strong><\/td><\/tr><tr><td width=\"508\"><strong>T\u00f3th Fanni<\/strong><\/td><td width=\"394\"><strong>oktat\u00e1si szak\u00e9rt\u0151, kutat\u00f3 tanul\u00f3<\/strong><\/td><\/tr><tr><td width=\"508\"><strong>T\u00f3th Tibor<\/strong><\/td><td width=\"394\"><strong>informatikus<\/strong><\/td><\/tr><tr><td><strong>T\u00fccs\u00f6k Dorottya<\/strong><\/td><td><strong>kutat\u00e1si seg\u00e9dmunkat\u00e1rs, szakm\u00f3dszertani kutat\u00f3<\/strong><\/td><\/tr><tr><td><strong>Vajda Melinda<\/strong><\/td><td><strong>cig\u00e1ny szakmai munkat\u00e1rs<\/strong><\/td><\/tr><tr><td><strong>Varga M\u00e1t\u00e9<\/strong><\/td><td><strong>kutat\u00e1si seg\u00e9dmunkat\u00e1rs<\/strong><\/td><\/tr><tr><td><strong>Varjasi Szabolcs<\/strong><\/td><td><strong>szakm\u00f3dszertani kutat\u00f3<\/strong><\/td><\/tr><tr><td>\u00a0<\/td><td>\u00a0<\/td><\/tr><tr><td><strong>Bal\u00e1zs Tibor<\/strong><\/td><td><strong>cig\u00e1ny felv\u00e9telek<\/strong><\/td><\/tr><tr><td><strong>Balogh Vivien<\/strong><\/td><td><strong>cig\u00e1ny felv\u00e9telek<\/strong><\/td><\/tr><tr><td><strong>Bogn\u00e1r Judit Erzs\u00e9bet<\/strong><\/td><td><strong>oktat\u00e1si szak\u00e9rt\u0151, gyakorl\u00f3 \u00f3vodapedag\u00f3gus, gy\u00f3gypedag\u00f3gus<\/strong><\/td><\/tr><tr><td><strong>Bord\u00e1cs Margit<\/strong><\/td><td><strong>cig\u00e1ny gyakorl\u00f3 pedag\u00f3gus<\/strong><\/td><\/tr><tr><td><strong>B\u00fck\u00f6sdi Olga<\/strong><\/td><td><strong>oktat\u00e1si szak\u00e9rt\u0151<\/strong><\/td><\/tr><tr><td><strong>Csonk\u00e1n\u00e9 Lakatos Kl\u00e1ra<\/strong><\/td><td><strong>oktat\u00e1si szak\u00e9rt\u0151, gyakorl\u00f3 \u00f3vodapedag\u00f3gus<\/strong><\/td><\/tr><tr><td width=\"508\"><strong>Egyed Katalin \u00c1gnes<\/strong><\/td><td width=\"394\"><strong>pszichol\u00f3gus szak\u00e9rt\u0151<\/strong><\/td><\/tr><tr><td><strong>F\u00fcl\u00f6p M\u00e1rta<\/strong><\/td><td><strong>oktat\u00e1si szak\u00e9rt\u0151<\/strong><\/td><\/tr><tr><td width=\"508\"><strong>Gy\u00f6ngy D\u00e1niel<\/strong><\/td><td><strong>grafikai tervez\u00e9s<\/strong><\/td><\/tr><tr><td><strong>Hefty Ang\u00e9la<\/strong><\/td><td><strong>szakm\u00f3dszertani kutat\u00f3<\/strong><\/td><\/tr><tr><td><strong>Jukka Sinnem\u00e4ki<\/strong><\/td><td><strong>szak\u00e9rt\u0151i tev\u00e9kenys\u00e9g<\/strong><\/td><\/tr><tr><td width=\"508\"><strong>K\u00e1rp\u00e1tin\u00e9 Kassai Korn\u00e9lia<\/strong><\/td><td><strong>kutat\u00e1si seg\u00e9dmunkat\u00e1rs<\/strong><\/td><\/tr><tr><td><strong>Ker\u00e9nyi Zsolt<\/strong><\/td><td><strong>oktat\u00e1si szak\u00e9rt\u0151<\/strong><\/td><\/tr><tr><td><strong>Kernn\u00e9 Fitor Margit<\/strong><\/td><td><strong>kutat\u00e1si seg\u00e9dmunkat\u00e1rs, jelnyelvi tolm\u00e1cs<\/strong><\/td><\/tr><tr><td><strong>Keszy-Harmath D\u00e1niel L\u00f3r\u00e1nd<\/strong><\/td><td><strong>gyakorl\u00f3 pedag\u00f3gus<\/strong><\/td><\/tr><tr><td width=\"508\"><strong>Kosik G\u00e1bor<\/strong><\/td><td width=\"394\"><strong>gyakorl\u00f3 pedag\u00f3gus<\/strong><\/td><\/tr><tr><td width=\"508\"><strong>Lakatos Gy\u00f6rgy<\/strong><\/td><td><strong>cig\u00e1ny szam\u00f3dszertani<\/strong><br \/><strong>szak\u00e9rt\u0151, cig\u00e1ny ford\u00edt\u00e1s<\/strong><\/td><\/tr><tr><td><strong>Lang \u00c1gota Anik\u00f3<\/strong><\/td><td><strong>oktat\u00e1si szak\u00e9rt\u0151, kutat\u00f3 tan\u00e1r<\/strong><\/td><\/tr><tr><td><strong>L\u00e1z\u00e1r P\u00e9ter<\/strong><\/td><td><strong>cig\u00e1ny gyakorl\u00f3 pedag\u00f3gus<\/strong><\/td><\/tr><tr><td><strong>M\u00e1rku Anita<\/strong><\/td><td><strong>szak\u00e9rt\u0151i tev\u00e9kenys\u00e9g<\/strong><\/td><\/tr><tr><td width=\"508\"><strong>M\u00e9sz\u00e1ros-Kiss Margit<\/strong><\/td><td><strong>oktat\u00e1si szak\u00e9rt\u0151<\/strong><\/td><\/tr><tr><td><strong>Mokran-Pill\u00e1r Ildik\u00f3<\/strong><\/td><td><strong>gyakorl\u00f3 gy\u00f3gypedag\u00f3gus<\/strong><\/td><\/tr><tr><td><strong>Podmaniczky \u00c1gnes<\/strong><\/td><td><strong>gyakorl\u00f3 pedag\u00f3gus<\/strong><\/td><\/tr><tr><td><strong>Ra\u00e1tz Judit<\/strong><\/td><td><strong>szak\u00e9rt\u0151i tev\u00e9kenys\u00e9g<\/strong><\/td><\/tr><tr><td><strong>Schmidt Ildik\u00f3<\/strong><\/td><td><strong>szakm\u00f3dszertani kutat\u00f3, gyakorl\u00f3 pedag\u00f3gus<\/strong><\/td><\/tr><tr><td><strong>Seb\u0151k Eszmeralda<\/strong><\/td><td><strong>cig\u00e1ny felv\u00e9telek, tanul\u00f3<\/strong><\/td><\/tr><tr><td><strong>Seb\u0151k M\u00e1ria<\/strong><\/td><td><strong>cig\u00e1ny szam\u00f3dszertani szak\u00e9rt\u0151, gyakorl\u00f3 \u00f3vodapedag\u00f3gus, cig\u00e1ny felv\u00e9telek<\/strong><\/td><\/tr><tr><td><strong>Seb\u0151k Szabina Dzsenifer<\/strong><\/td><td><strong>cig\u00e1ny felv\u00e9telek, tanul\u00f3<\/strong><\/td><\/tr><tr><td><strong>Szab\u00f3 \u00c9va<\/strong><\/td><td><strong>oktat\u00e1si szak\u00e9rt\u0151, gyakorl\u00f3 pedag\u00f3gus, gy\u00f3gypedag\u00f3gus<\/strong><\/td><\/tr><tr><td><strong>Sz\u0171cs Antal M\u00f3r<\/strong><\/td><td><strong>Romani mesezene k\u00e9pz\u00e9s<\/strong><\/td><\/tr><tr><td><strong>T\u00f3th Csaba<\/strong><\/td><td><strong>gyakorl\u00f3 pedag\u00f3gus<\/strong><\/td><\/tr><tr><td><strong>Tr\u00e9fa Henrietta<\/strong><\/td><td><strong>cig\u00e1ny szakmai munkat\u00e1rs<\/strong><\/td><\/tr><tr><td><strong>V\u00e1nyi \u00c1gnes<\/strong><\/td><td><strong>Romani mesezene k\u00e9pz\u00e9s<\/strong><\/td><\/tr><tr><td width=\"508\"><strong>Varkoly G\u00e1bor<\/strong><\/td><td width=\"394\"><strong>gyakorl\u00f3 pedag\u00f3gus<\/strong><\/td><\/tr><tr><td><strong>Vincze Tam\u00e1s<\/strong><\/td><td><strong>oktat\u00e1si szak\u00e9rt\u0151, kutat\u00f3 tan\u00e1r<\/strong><\/td><\/tr><\/tbody><\/table>\t\t\t\t\t\t\t\t<\/div>\n\t\t\t\t<\/div>\n\t\t\t\t\t<\/div>\n\t\t<\/div>\n\t\t\t\t\t<\/div>\n\t\t<\/section>\n\t\t\t\t<section class=\"elementor-section elementor-top-section elementor-element elementor-element-34e63f1 elementor-section-boxed elementor-section-height-default elementor-section-height-default\" data-id=\"34e63f1\" data-element_type=\"section\" data-e-type=\"section\">\n\t\t\t\t\t\t<div class=\"elementor-container elementor-column-gap-default\">\n\t\t\t\t\t<div class=\"elementor-column elementor-col-100 elementor-top-column elementor-element elementor-element-760bc1a\" data-id=\"760bc1a\" data-element_type=\"column\" data-e-type=\"column\">\n\t\t\t<div class=\"elementor-widget-wrap elementor-element-populated\">\n\t\t\t\t\t\t<div class=\"elementor-element elementor-element-1a354eb elementor-widget elementor-widget-text-editor\" data-id=\"1a354eb\" data-element_type=\"widget\" data-e-type=\"widget\" data-widget_type=\"text-editor.default\">\n\t\t\t\t<div class=\"elementor-widget-container\">\n\t\t\t\t\t\t\t\t\t<table width=\"508\"><tbody><tr><td width=\"508\">A k\u00e9pek forr\u00e1sa\/pictures are from:\u00a0<\/td><\/tr><tr><td>\u00a0<\/td><\/tr><tr><td><a href=\"https:\/\/www.freepik.com\/\">https:\/\/www.freepik.com\/<\/a><\/td><\/tr><tr><td><a href=\"http:\/\/cliparts101.com\/\">http:\/\/cliparts101.com\/<\/a><\/td><\/tr><tr><td><a href=\"https:\/\/www.vecteezy.com\/\">https:\/\/www.vecteezy.com\/<\/a><\/td><\/tr><tr><td><a href=\"https:\/\/pixabay.com\/\">https:\/\/pixabay.com\/<\/a><\/td><\/tr><\/tbody><\/table>\t\t\t\t\t\t\t\t<\/div>\n\t\t\t\t<\/div>\n\t\t\t\t\t<\/div>\n\t\t<\/div>\n\t\t\t\t\t<\/div>\n\t\t<\/section>\n\t\t\t\t<\/div>\n\t\t","protected":false},"excerpt":{"rendered":"<p>MTA-NYTI NyelvEs\u00e9ly Szakm\u00f3dszertani Kutat\u00f3csoport\u00a0Nyelvileg tudatos iskola, k\u00e9tnyelv\u0171 siketoktat\u00e1s \u00e9s a nyelv \u00e1ltal kiakn\u00e1zhat\u00f3 tud\u00e1s innovat\u00edv m\u00f3dszereinek, eszk\u00f6zeinek fejleszt\u00e9se\u00a0(MTA SZ-007\/2016) c\u00edm\u0171 projektj\u00e9nek k\u00f6zrem\u0171k\u00f6d\u0151i\u00a0 Bartha Csilla kutat\u00f3csoport-vezet\u0151 \u00a0 \u00a0 Babuts\u00e1n Rita oktat\u00e1si szak\u00e9rt\u0151, gyakorl\u00f3 pedag\u00f3gus, jelnyelvi tolm\u00e1cs Bokor Julianna szakm\u00f3dszertani kutat\u00f3 Borb\u00e9ly &hellip; <\/p>\n","protected":false},"author":1,"featured_media":0,"parent":0,"menu_order":0,"comment_status":"closed","ping_status":"closed","template":"","meta":{"footnotes":""},"class_list":["post-587","page","type-page","status-publish","hentry"],"jetpack_sharing_enabled":true,"_links":{"self":[{"href":"https:\/\/edulingua.net\/edupage\/wp-json\/wp\/v2\/pages\/587","targetHints":{"allow":["GET"]}}],"collection":[{"href":"https:\/\/edulingua.net\/edupage\/wp-json\/wp\/v2\/pages"}],"about":[{"href":"https:\/\/edulingua.net\/edupage\/wp-json\/wp\/v2\/types\/page"}],"author":[{"embeddable":true,"href":"https:\/\/edulingua.net\/edupage\/wp-json\/wp\/v2\/users\/1"}],"replies":[{"embeddable":true,"href":"https:\/\/edulingua.net\/edupage\/wp-json\/wp\/v2\/comments?post=587"}],"version-history":[{"count":4,"href":"https:\/\/edulingua.net\/edupage\/wp-json\/wp\/v2\/pages\/587\/revisions"}],"predecessor-version":[{"id":655,"href":"https:\/\/edulingua.net\/edupage\/wp-json\/wp\/v2\/pages\/587\/revisions\/655"}],"wp:attachment":[{"href":"https:\/\/edulingua.net\/edupage\/wp-json\/wp\/v2\/media?parent=587"}],"curies":[{"name":"wp","href":"https:\/\/api.w.org\/{rel}","templated":true}]}}