{"id":567,"date":"2021-03-31T15:42:52","date_gmt":"2021-03-31T15:42:52","guid":{"rendered":"http:\/\/edulingua.net\/edupage\/?page_id=567"},"modified":"2021-03-31T15:42:54","modified_gmt":"2021-03-31T15:42:54","slug":"informatika-oktatasi-instrukciok","status":"publish","type":"page","link":"https:\/\/edulingua.net\/edupage\/informatika-oktatasi-instrukciok\/","title":{"rendered":"Informatika oktat\u00e1si instrukci\u00f3k"},"content":{"rendered":"\n<div id=\"footable_parent_486\"\n         class=\" footable_parent ninja_table_wrapper loading_ninja_table wp_table_data_press_parent semantic_ui colored_table\">\n                <table data-ninja_table_instance=\"ninja_table_instance_0\" data-footable_id=\"486\" data-filter-delay=\"1000\" aria-label=\"INFORMATIKA OKTAT\u00c1SI INSTRUKCI\u00d3K JELNYELVEN - V\u00c9GLEGES\"            id=\"footable_486\"\n           data-unique_identifier=\"ninja_table_unique_id_2771570041_486\"\n           class=\" foo-table ninja_footable foo_table_486 ninja_table_unique_id_2771570041_486 ui table  ninja_search_center nt_search_full_width nt_type_legacy_table selectable striped vertical_centered ninja_custom_color inverted footable-paging-right ninja_table_pro\">\n                <colgroup>\n                            <col class=\"ninja_column_0 \">\n                            <col class=\"ninja_column_1 \">\n                    <\/colgroup>\n        <thead>\n<tr class=\"footable-header\">\n                                        <th scope=\"col\"  class=\"ninja_column_0 ninja_clmn_nm_fogalom \">Oktat\u00e1si instrukci\u00f3:<\/th><th scope=\"col\"  class=\"ninja_column_1 ninja_clmn_nm_video \">Jelnyelvi vide\u00f3:<\/th><\/tr>\n<\/thead>\n<tbody>\n\n        <tr data-row_id=\"33615\" class=\"ninja_table_row_0 nt_row_id_33615\">\n            <td><h3>Alak\u00edtsuk sz\u00e1mozott list\u00e1v\u00e1!<\/h3><\/td><td><video width=\"535\" height=\"300\" controls=\"controls\" preload=\"none\" poster=\"http:\/\/edulingua.net\/images\/poster_2.jpg\" loop=\"loop\"><source src=\"http:\/\/edulingua.net\/informatika\/inf_instr_0001.mp4\" type=\"video\/mp4\" \/> B\u00f6ng\u00e9sz\u0151je nem t\u00e1mogatja a vide\u00f3 form\u00e1tumot.. <\/video><\/td>        <\/tr>\n            <tr data-row_id=\"33616\" class=\"ninja_table_row_1 nt_row_id_33616\">\n            <td><h3>\u00c1ll\u00edts be feh\u00e9r h\u00e1tteret!<\/h3><\/td><td><video width=\"535\" height=\"300\" controls=\"controls\" preload=\"none\" poster=\"http:\/\/edulingua.net\/images\/poster_2.jpg\" loop=\"loop\"><source src=\"http:\/\/edulingua.net\/informatika\/inf_instr_0002.mp4\" type=\"video\/mp4\" \/> B\u00f6ng\u00e9sz\u0151je nem t\u00e1mogatja a vide\u00f3 form\u00e1tumot.. <\/video><\/td>        <\/tr>\n            <tr data-row_id=\"33617\" class=\"ninja_table_row_2 nt_row_id_33617\">\n            <td><h3>\u00c1ll\u00edtsd be param\u00e9terk\u00e9nt azt az \u00e9rt\u00e9ket!<\/h3><\/td><td><video width=\"535\" height=\"300\" controls=\"controls\" preload=\"none\" poster=\"http:\/\/edulingua.net\/images\/poster_2.jpg\" loop=\"loop\"><source src=\"http:\/\/edulingua.net\/informatika\/inf_instr_0003.mp4\" type=\"video\/mp4\" \/> B\u00f6ng\u00e9sz\u0151je nem t\u00e1mogatja a vide\u00f3 form\u00e1tumot.. <\/video><\/td>        <\/tr>\n            <tr data-row_id=\"33618\" class=\"ninja_table_row_3 nt_row_id_33618\">\n            <td><h3>\u00c1ll\u00edtsd feh\u00e9rre a bet\u0171sz\u00ednt!<\/h3><\/td><td><video width=\"535\" height=\"300\" controls=\"controls\" preload=\"none\" poster=\"http:\/\/edulingua.net\/images\/poster_2.jpg\" loop=\"loop\"><source src=\"http:\/\/edulingua.net\/informatika\/inf_instr_0004.mp4\" type=\"video\/mp4\" \/> B\u00f6ng\u00e9sz\u0151je nem t\u00e1mogatja a vide\u00f3 form\u00e1tumot.. <\/video><\/td>        <\/tr>\n            <tr data-row_id=\"33619\" class=\"ninja_table_row_4 nt_row_id_33619\">\n            <td><h3>Az anim\u00e1ci\u00f3 eg\u00e9rkattint\u00e1sra kezd\u0151dj\u00f6n!<\/h3><\/td><td><video width=\"535\" height=\"300\" controls=\"controls\" preload=\"none\" poster=\"http:\/\/edulingua.net\/images\/poster_2.jpg\" loop=\"loop\"><source src=\"http:\/\/edulingua.net\/informatika\/inf_instr_0005.mp4\" type=\"video\/mp4\" \/> B\u00f6ng\u00e9sz\u0151je nem t\u00e1mogatja a vide\u00f3 form\u00e1tumot.. <\/video><\/td>        <\/tr>\n            <tr data-row_id=\"33620\" class=\"ninja_table_row_5 nt_row_id_33620\">\n            <td><h3>B\u0151v\u00edtsd a programot!<\/h3><\/td><td><video width=\"535\" height=\"300\" controls=\"controls\" preload=\"none\" poster=\"http:\/\/edulingua.net\/images\/poster_2.jpg\" loop=\"loop\"><source src=\"http:\/\/edulingua.net\/informatika\/inf_instr_0006.mp4\" type=\"video\/mp4\" \/> B\u00f6ng\u00e9sz\u0151je nem t\u00e1mogatja a vide\u00f3 form\u00e1tumot.. <\/video><\/td>        <\/tr>\n            <tr data-row_id=\"33621\" class=\"ninja_table_row_6 nt_row_id_33621\">\n            <td><h3>Fejleszd tov\u00e1bb (pl. az alkalmaz\u00e1st, a programot\u2026)!<\/h3><\/td><td><video width=\"535\" height=\"300\" controls=\"controls\" preload=\"none\" poster=\"http:\/\/edulingua.net\/images\/poster_2.jpg\" loop=\"loop\"><source src=\"http:\/\/edulingua.net\/informatika\/inf_instr_0007.mp4\" type=\"video\/mp4\" \/> B\u00f6ng\u00e9sz\u0151je nem t\u00e1mogatja a vide\u00f3 form\u00e1tumot.. <\/video><\/td>        <\/tr>\n            <tr data-row_id=\"33622\" class=\"ninja_table_row_7 nt_row_id_33622\">\n            <td><h3>Figyelj arra, hogy mit osztasz meg!<\/h3><\/td><td><video width=\"535\" height=\"300\" controls=\"controls\" preload=\"none\" poster=\"http:\/\/edulingua.net\/images\/poster_2.jpg\" loop=\"loop\"><source src=\"http:\/\/edulingua.net\/informatika\/inf_instr_0008.mp4\" type=\"video\/mp4\" \/> B\u00f6ng\u00e9sz\u0151je nem t\u00e1mogatja a vide\u00f3 form\u00e1tumot.. <\/video><\/td>        <\/tr>\n            <tr data-row_id=\"33623\" class=\"ninja_table_row_8 nt_row_id_33623\">\n            <td><h3>Fontos alapelv, hogy\u2026<\/h3><\/td><td><video width=\"535\" height=\"300\" controls=\"controls\" preload=\"none\" poster=\"http:\/\/edulingua.net\/images\/poster_2.jpg\" loop=\"loop\"><source src=\"http:\/\/edulingua.net\/informatika\/inf_instr_0009.mp4\" type=\"video\/mp4\" \/> B\u00f6ng\u00e9sz\u0151je nem t\u00e1mogatja a vide\u00f3 form\u00e1tumot.. <\/video><\/td>        <\/tr>\n            <tr data-row_id=\"33624\" class=\"ninja_table_row_9 nt_row_id_33624\">\n            <td><h3>Form\u00e1zd meg a bet\u0171ket a megadott minta szerint!<\/h3><\/td><td><video width=\"535\" height=\"300\" controls=\"controls\" preload=\"none\" poster=\"http:\/\/edulingua.net\/images\/poster_2.jpg\" loop=\"loop\"><source src=\"http:\/\/edulingua.net\/informatika\/inf_instr_0010.mp4\" type=\"video\/mp4\" \/> B\u00f6ng\u00e9sz\u0151je nem t\u00e1mogatja a vide\u00f3 form\u00e1tumot.. <\/video><\/td>        <\/tr>\n            <tr data-row_id=\"33625\" class=\"ninja_table_row_10 nt_row_id_33625\">\n            <td><h3>Friss\u00edtsd a szoftvert!<\/h3><\/td><td><video width=\"535\" height=\"300\" controls=\"controls\" preload=\"none\" poster=\"http:\/\/edulingua.net\/images\/poster_2.jpg\" loop=\"loop\"><source src=\"http:\/\/edulingua.net\/informatika\/inf_instr_0011.mp4\" type=\"video\/mp4\" \/> B\u00f6ng\u00e9sz\u0151je nem t\u00e1mogatja a vide\u00f3 form\u00e1tumot.. <\/video><\/td>        <\/tr>\n            <tr data-row_id=\"33626\" class=\"ninja_table_row_11 nt_row_id_33626\">\n            <td><h3>Ha kattintunk az eg\u00e9r gombj\u00e1val, akkor\u2026..<\/h3><\/td><td><video width=\"535\" height=\"300\" controls=\"controls\" preload=\"none\" poster=\"http:\/\/edulingua.net\/images\/poster_2.jpg\" loop=\"loop\"><source src=\"http:\/\/edulingua.net\/informatika\/inf_instr_0012.mp4\" type=\"video\/mp4\" \/> B\u00f6ng\u00e9sz\u0151je nem t\u00e1mogatja a vide\u00f3 form\u00e1tumot.. <\/video><\/td>        <\/tr>\n            <tr data-row_id=\"33627\" class=\"ninja_table_row_12 nt_row_id_33627\">\n            <td><h3>Hogyan kell be\u00e1ll\u00edtani ahhoz, hogy ... legyen? <\/h3><\/td><td><video width=\"535\" height=\"300\" controls=\"controls\" preload=\"none\" poster=\"http:\/\/edulingua.net\/images\/poster_2.jpg\" loop=\"loop\"><source src=\"http:\/\/edulingua.net\/informatika\/inf_instr_0013.mp4\" type=\"video\/mp4\" \/> B\u00f6ng\u00e9sz\u0151je nem t\u00e1mogatja a vide\u00f3 form\u00e1tumot.. <\/video><\/td>        <\/tr>\n            <tr data-row_id=\"33628\" class=\"ninja_table_row_13 nt_row_id_33628\">\n            <td><h3>Hogyan oldhat\u00f3 meg, hogy \u2026?<\/h3><\/td><td><video width=\"535\" height=\"300\" controls=\"controls\" preload=\"none\" poster=\"http:\/\/edulingua.net\/images\/poster_2.jpg\" loop=\"loop\"><source src=\"http:\/\/edulingua.net\/informatika\/inf_instr_0014.mp4\" type=\"video\/mp4\" \/> B\u00f6ng\u00e9sz\u0151je nem t\u00e1mogatja a vide\u00f3 form\u00e1tumot.. <\/video><\/td>        <\/tr>\n            <tr data-row_id=\"33629\" class=\"ninja_table_row_14 nt_row_id_33629\">\n            <td><h3>Hozz l\u00e9tre egy \u00faj f\u00e1jlt!<\/h3><\/td><td><video width=\"535\" height=\"300\" controls=\"controls\" preload=\"none\" poster=\"http:\/\/edulingua.net\/images\/poster_2.jpg\" loop=\"loop\"><source src=\"http:\/\/edulingua.net\/informatika\/inf_instr_0015.mp4\" type=\"video\/mp4\" \/> B\u00f6ng\u00e9sz\u0151je nem t\u00e1mogatja a vide\u00f3 form\u00e1tumot.. <\/video><\/td>        <\/tr>\n            <tr data-row_id=\"33630\" class=\"ninja_table_row_15 nt_row_id_33630\">\n            <td><h3>Hozz l\u00e9tre sz\u00f6veges dokumentumot!<\/h3><\/td><td><video width=\"535\" height=\"300\" controls=\"controls\" preload=\"none\" poster=\"http:\/\/edulingua.net\/images\/poster_2.jpg\" loop=\"loop\"><source src=\"http:\/\/edulingua.net\/informatika\/inf_instr_0016.mp4\" type=\"video\/mp4\" \/> B\u00f6ng\u00e9sz\u0151je nem t\u00e1mogatja a vide\u00f3 form\u00e1tumot.. <\/video><\/td>        <\/tr>\n            <tr data-row_id=\"33631\" class=\"ninja_table_row_16 nt_row_id_33631\">\n            <td><h3>Ind\u00edtsd \u00fajra a g\u00e9pet!<\/h3><\/td><td><video width=\"535\" height=\"300\" controls=\"controls\" preload=\"none\" poster=\"http:\/\/edulingua.net\/images\/poster_2.jpg\" loop=\"loop\"><source src=\"http:\/\/edulingua.net\/informatika\/inf_instr_0017.mp4\" type=\"video\/mp4\" \/> B\u00f6ng\u00e9sz\u0151je nem t\u00e1mogatja a vide\u00f3 form\u00e1tumot.. <\/video><\/td>        <\/tr>\n            <tr data-row_id=\"33632\" class=\"ninja_table_row_17 nt_row_id_33632\">\n            <td><h3>Jel\u00f6ld ki a jel\u00f6l\u0151n\u00e9gyzetet!<\/h3><\/td><td><video width=\"535\" height=\"300\" controls=\"controls\" preload=\"none\" poster=\"http:\/\/edulingua.net\/images\/poster_2.jpg\" loop=\"loop\"><source src=\"http:\/\/edulingua.net\/informatika\/inf_instr_0018.mp4\" type=\"video\/mp4\" \/> B\u00f6ng\u00e9sz\u0151je nem t\u00e1mogatja a vide\u00f3 form\u00e1tumot.. <\/video><\/td>        <\/tr>\n            <tr data-row_id=\"33633\" class=\"ninja_table_row_18 nt_row_id_33633\">\n            <td><h3>Jel\u00f6ld ki a k\u00e9pen!<\/h3><\/td><td><video width=\"535\" height=\"300\" controls=\"controls\" preload=\"none\" poster=\"http:\/\/edulingua.net\/images\/poster_2.jpg\" loop=\"loop\"><source src=\"http:\/\/edulingua.net\/informatika\/inf_instr_0019.mp4\" type=\"video\/mp4\" \/> B\u00f6ng\u00e9sz\u0151je nem t\u00e1mogatja a vide\u00f3 form\u00e1tumot.. <\/video><\/td>        <\/tr>\n            <tr data-row_id=\"33634\" class=\"ninja_table_row_19 nt_row_id_33634\">\n            <td><h3>Kattints a jobb eg\u00e9rgombbal!<\/h3><\/td><td><video width=\"535\" height=\"300\" controls=\"controls\" preload=\"none\" poster=\"http:\/\/edulingua.net\/images\/poster_2.jpg\" loop=\"loop\"><source src=\"http:\/\/edulingua.net\/informatika\/inf_instr_0020.mp4\" type=\"video\/mp4\" \/> B\u00f6ng\u00e9sz\u0151je nem t\u00e1mogatja a vide\u00f3 form\u00e1tumot.. <\/video><\/td>        <\/tr>\n            <tr data-row_id=\"33635\" class=\"ninja_table_row_20 nt_row_id_33635\">\n            <td><h3>Keress az interneten inform\u00e1ci\u00f3t arr\u00f3l, hogy\u2026!<\/h3><\/td><td><video width=\"535\" height=\"300\" controls=\"controls\" preload=\"none\" poster=\"http:\/\/edulingua.net\/images\/poster_2.jpg\" loop=\"loop\"><source src=\"http:\/\/edulingua.net\/informatika\/inf_instr_0021.mp4\" type=\"video\/mp4\" \/> B\u00f6ng\u00e9sz\u0151je nem t\u00e1mogatja a vide\u00f3 form\u00e1tumot.. <\/video><\/td>        <\/tr>\n            <tr data-row_id=\"33636\" class=\"ninja_table_row_21 nt_row_id_33636\">\n            <td><h3>K\u00e9sz\u00edts egy anim\u00e1ci\u00f3t!<\/h3><\/td><td><video width=\"535\" height=\"300\" controls=\"controls\" preload=\"none\" poster=\"http:\/\/edulingua.net\/images\/poster_2.jpg\" loop=\"loop\"><source src=\"http:\/\/edulingua.net\/informatika\/inf_instr_0022.mp4\" type=\"video\/mp4\" \/> B\u00f6ng\u00e9sz\u0151je nem t\u00e1mogatja a vide\u00f3 form\u00e1tumot.. <\/video><\/td>        <\/tr>\n            <tr data-row_id=\"33637\" class=\"ninja_table_row_22 nt_row_id_33637\">\n            <td><h3>K\u00e9sz\u00edts egy programot!<\/h3><\/td><td><video width=\"535\" height=\"300\" controls=\"controls\" preload=\"none\" poster=\"http:\/\/edulingua.net\/images\/poster_2.jpg\" loop=\"loop\"><source src=\"http:\/\/edulingua.net\/informatika\/inf_instr_0023.mp4\" type=\"video\/mp4\" \/> B\u00f6ng\u00e9sz\u0151je nem t\u00e1mogatja a vide\u00f3 form\u00e1tumot.. <\/video><\/td>        <\/tr>\n            <tr data-row_id=\"33638\" class=\"ninja_table_row_23 nt_row_id_33638\">\n            <td><h3>K\u00e9sz\u00edts feliratot a di\u00e1ra!<\/h3><\/td><td><video width=\"535\" height=\"300\" controls=\"controls\" preload=\"none\" poster=\"http:\/\/edulingua.net\/images\/poster_2.jpg\" loop=\"loop\"><source src=\"http:\/\/edulingua.net\/informatika\/inf_instr_0024.mp4\" type=\"video\/mp4\" \/> B\u00f6ng\u00e9sz\u0151je nem t\u00e1mogatja a vide\u00f3 form\u00e1tumot.. <\/video><\/td>        <\/tr>\n            <tr data-row_id=\"33639\" class=\"ninja_table_row_24 nt_row_id_33639\">\n            <td><h3>M\u00e1sold be!<\/h3><\/td><td><video width=\"535\" height=\"300\" controls=\"controls\" preload=\"none\" poster=\"http:\/\/edulingua.net\/images\/poster_2.jpg\" loop=\"loop\"><source src=\"http:\/\/edulingua.net\/informatika\/inf_instr_0025.mp4\" type=\"video\/mp4\" \/> B\u00f6ng\u00e9sz\u0151je nem t\u00e1mogatja a vide\u00f3 form\u00e1tumot.. <\/video><\/td>        <\/tr>\n            <tr data-row_id=\"33640\" class=\"ninja_table_row_25 nt_row_id_33640\">\n            <td><h3>Mentsd el a dokumentumot \u00e9s az \u00e1llom\u00e1nyt!<\/h3><\/td><td><video width=\"535\" height=\"300\" controls=\"controls\" preload=\"none\" poster=\"http:\/\/edulingua.net\/images\/poster_2.jpg\" loop=\"loop\"><source src=\"http:\/\/edulingua.net\/informatika\/inf_instr_0026.mp4\" type=\"video\/mp4\" \/> B\u00f6ng\u00e9sz\u0151je nem t\u00e1mogatja a vide\u00f3 form\u00e1tumot.. <\/video><\/td>        <\/tr>\n            <tr data-row_id=\"33641\" class=\"ninja_table_row_26 nt_row_id_33641\">\n            <td><h3>Mire figyelj\u00fcnk? (= Mire kell figyelni?)<\/h3><\/td><td><video width=\"535\" height=\"300\" controls=\"controls\" preload=\"none\" poster=\"http:\/\/edulingua.net\/images\/poster_2.jpg\" loop=\"loop\"><source src=\"http:\/\/edulingua.net\/informatika\/inf_instr_0027.mp4\" type=\"video\/mp4\" \/> B\u00f6ng\u00e9sz\u0151je nem t\u00e1mogatja a vide\u00f3 form\u00e1tumot.. <\/video><\/td>        <\/tr>\n            <tr data-row_id=\"33642\" class=\"ninja_table_row_27 nt_row_id_33642\">\n            <td><h3>Ne haszn\u00e1ld indokolatlanul! (= Ne haszn\u00e1ld ok n\u00e9lk\u00fcl!)<\/h3><\/td><td><video width=\"535\" height=\"300\" controls=\"controls\" preload=\"none\" poster=\"http:\/\/edulingua.net\/images\/poster_2.jpg\" loop=\"loop\"><source src=\"http:\/\/edulingua.net\/informatika\/inf_instr_0028.mp4\" type=\"video\/mp4\" \/> B\u00f6ng\u00e9sz\u0151je nem t\u00e1mogatja a vide\u00f3 form\u00e1tumot.. <\/video><\/td>        <\/tr>\n            <tr data-row_id=\"33643\" class=\"ninja_table_row_28 nt_row_id_33643\">\n            <td><h3>Ne kattints r\u00e1!<\/h3><\/td><td><video width=\"535\" height=\"300\" controls=\"controls\" preload=\"none\" poster=\"http:\/\/edulingua.net\/images\/poster_2.jpg\" loop=\"loop\"><source src=\"http:\/\/edulingua.net\/informatika\/inf_instr_0029.mp4\" type=\"video\/mp4\" \/> B\u00f6ng\u00e9sz\u0151je nem t\u00e1mogatja a vide\u00f3 form\u00e1tumot.. <\/video><\/td>        <\/tr>\n            <tr data-row_id=\"33644\" class=\"ninja_table_row_29 nt_row_id_33644\">\n            <td><h3>Nyisd meg a dokumentumot!<\/h3><\/td><td><video width=\"535\" height=\"300\" controls=\"controls\" preload=\"none\" poster=\"http:\/\/edulingua.net\/images\/poster_2.jpg\" loop=\"loop\"><source src=\"http:\/\/edulingua.net\/informatika\/inf_instr_0030.mp4\" type=\"video\/mp4\" \/> B\u00f6ng\u00e9sz\u0151je nem t\u00e1mogatja a vide\u00f3 form\u00e1tumot.. <\/video><\/td>        <\/tr>\n            <tr data-row_id=\"33645\" class=\"ninja_table_row_30 nt_row_id_33645\">\n            <td><h3>Nyomd meg az Enter gombot!<\/h3><\/td><td><video width=\"535\" height=\"300\" controls=\"controls\" preload=\"none\" poster=\"http:\/\/edulingua.net\/images\/poster_2.jpg\" loop=\"loop\"><source src=\"http:\/\/edulingua.net\/informatika\/inf_instr_0031.mp4\" type=\"video\/mp4\" \/> B\u00f6ng\u00e9sz\u0151je nem t\u00e1mogatja a vide\u00f3 form\u00e1tumot.. <\/video><\/td>        <\/tr>\n            <tr data-row_id=\"33646\" class=\"ninja_table_row_31 nt_row_id_33646\">\n            <td><h3>Oszd meg a bar\u00e1taiddal!<\/h3><\/td><td><video width=\"535\" height=\"300\" controls=\"controls\" preload=\"none\" poster=\"http:\/\/edulingua.net\/images\/poster_2.jpg\" loop=\"loop\"><source src=\"http:\/\/edulingua.net\/informatika\/inf_instr_0032.mp4\" type=\"video\/mp4\" \/> B\u00f6ng\u00e9sz\u0151je nem t\u00e1mogatja a vide\u00f3 form\u00e1tumot.. <\/video><\/td>        <\/tr>\n            <tr data-row_id=\"33647\" class=\"ninja_table_row_32 nt_row_id_33647\">\n            <td><h3>Pr\u00f3b\u00e1ld ki gyakorlatban!<\/h3><\/td><td><video width=\"535\" height=\"300\" controls=\"controls\" preload=\"none\" poster=\"http:\/\/edulingua.net\/images\/poster_2.jpg\" loop=\"loop\"><source src=\"http:\/\/edulingua.net\/informatika\/inf_instr_0033.mp4\" type=\"video\/mp4\" \/> B\u00f6ng\u00e9sz\u0151je nem t\u00e1mogatja a vide\u00f3 form\u00e1tumot.. <\/video><\/td>        <\/tr>\n            <tr data-row_id=\"33648\" class=\"ninja_table_row_33 nt_row_id_33648\">\n            <td><h3>Pr\u00f3b\u00e1ljuk ki a m\u0171k\u00f6d\u00e9s\u00e9t!<\/h3><\/td><td><video width=\"535\" height=\"300\" controls=\"controls\" preload=\"none\" poster=\"http:\/\/edulingua.net\/images\/poster_2.jpg\" loop=\"loop\"><source src=\"http:\/\/edulingua.net\/informatika\/inf_instr_0034.mp4\" type=\"video\/mp4\" \/> B\u00f6ng\u00e9sz\u0151je nem t\u00e1mogatja a vide\u00f3 form\u00e1tumot.. <\/video><\/td>        <\/tr>\n            <tr data-row_id=\"33649\" class=\"ninja_table_row_34 nt_row_id_33649\">\n            <td><h3>Programozz micro:biteket!<\/h3><\/td><td><video width=\"535\" height=\"300\" controls=\"controls\" preload=\"none\" poster=\"http:\/\/edulingua.net\/images\/poster_2.jpg\" loop=\"loop\"><source src=\"http:\/\/edulingua.net\/informatika\/inf_instr_0035.mp4\" type=\"video\/mp4\" \/> B\u00f6ng\u00e9sz\u0151je nem t\u00e1mogatja a vide\u00f3 form\u00e1tumot.. <\/video><\/td>        <\/tr>\n            <tr data-row_id=\"33650\" class=\"ninja_table_row_35 nt_row_id_33650\">\n            <td><h3>Rendezd a mapp\u00e1kat t\u00e9ma szerint!<\/h3><\/td><td><video width=\"535\" height=\"300\" controls=\"controls\" preload=\"none\" poster=\"http:\/\/edulingua.net\/images\/poster_2.jpg\" loop=\"loop\"><source src=\"http:\/\/edulingua.net\/informatika\/inf_instr_0036.mp4\" type=\"video\/mp4\" \/> B\u00f6ng\u00e9sz\u0151je nem t\u00e1mogatja a vide\u00f3 form\u00e1tumot.. <\/video><\/td>        <\/tr>\n            <tr data-row_id=\"33651\" class=\"ninja_table_row_36 nt_row_id_33651\">\n            <td><h3>Szerepeljen minden sz\u00f3 a tal\u00e1latban!<\/h3><\/td><td><video width=\"535\" height=\"300\" controls=\"controls\" preload=\"none\" poster=\"http:\/\/edulingua.net\/images\/poster_2.jpg\" loop=\"loop\"><source src=\"http:\/\/edulingua.net\/informatika\/inf_instr_0037.mp4\" type=\"video\/mp4\" \/> B\u00f6ng\u00e9sz\u0151je nem t\u00e1mogatja a vide\u00f3 form\u00e1tumot.. <\/video><\/td>        <\/tr>\n            <tr data-row_id=\"33652\" class=\"ninja_table_row_37 nt_row_id_33652\">\n            <td><h3>Szerkessz l\u00e1nclevelet!<\/h3><\/td><td><video width=\"535\" height=\"300\" controls=\"controls\" preload=\"none\" poster=\"http:\/\/edulingua.net\/images\/poster_2.jpg\" loop=\"loop\"><source src=\"http:\/\/edulingua.net\/informatika\/inf_instr_0038.mp4\" type=\"video\/mp4\" \/> B\u00f6ng\u00e9sz\u0151je nem t\u00e1mogatja a vide\u00f3 form\u00e1tumot.. <\/video><\/td>        <\/tr>\n            <tr data-row_id=\"33653\" class=\"ninja_table_row_38 nt_row_id_33653\">\n            <td><h3>Sz\u00fcntesd meg a kijel\u00f6l\u00e9st a k\u00e9pen!<\/h3><\/td><td><video width=\"535\" height=\"300\" controls=\"controls\" preload=\"none\" poster=\"http:\/\/edulingua.net\/images\/poster_2.jpg\" loop=\"loop\"><source src=\"http:\/\/edulingua.net\/informatika\/inf_instr_0039.mp4\" type=\"video\/mp4\" \/> B\u00f6ng\u00e9sz\u0151je nem t\u00e1mogatja a vide\u00f3 form\u00e1tumot.. <\/video><\/td>        <\/tr>\n            <tr data-row_id=\"33654\" class=\"ninja_table_row_39 nt_row_id_33654\">\n            <td><h3>Tekints\u00fck \u00e1t a megold\u00e1sokat!<\/h3><\/td><td><video width=\"535\" height=\"300\" controls=\"controls\" preload=\"none\" poster=\"http:\/\/edulingua.net\/images\/poster_2.jpg\" loop=\"loop\"><source src=\"http:\/\/edulingua.net\/informatika\/inf_instr_0040.mp4\" type=\"video\/mp4\" \/> B\u00f6ng\u00e9sz\u0151je nem t\u00e1mogatja a vide\u00f3 form\u00e1tumot.. <\/video><\/td>        <\/tr>\n            <tr data-row_id=\"33655\" class=\"ninja_table_row_40 nt_row_id_33655\">\n            <td><h3>Telep\u00edtsd a programot!<\/h3><\/td><td><video width=\"535\" height=\"300\" controls=\"controls\" preload=\"none\" poster=\"http:\/\/edulingua.net\/images\/poster_2.jpg\" loop=\"loop\"><source src=\"http:\/\/edulingua.net\/informatika\/inf_instr_0041.mp4\" type=\"video\/mp4\" \/> B\u00f6ng\u00e9sz\u0151je nem t\u00e1mogatja a vide\u00f3 form\u00e1tumot.. <\/video><\/td>        <\/tr>\n            <tr data-row_id=\"33656\" class=\"ninja_table_row_41 nt_row_id_33656\">\n            <td><h3>Tervezd meg az alkalmaz\u00e1st!<\/h3><\/td><td><video width=\"535\" height=\"300\" controls=\"controls\" preload=\"none\" poster=\"http:\/\/edulingua.net\/images\/poster_2.jpg\" loop=\"loop\"><source src=\"http:\/\/edulingua.net\/informatika\/inf_instr_0042.mp4\" type=\"video\/mp4\" \/> B\u00f6ng\u00e9sz\u0151je nem t\u00e1mogatja a vide\u00f3 form\u00e1tumot.. <\/video><\/td>        <\/tr>\n            <tr data-row_id=\"33657\" class=\"ninja_table_row_42 nt_row_id_33657\">\n            <td><h3>Tervezz egy algoritmust!<\/h3><\/td><td><video width=\"535\" height=\"300\" controls=\"controls\" preload=\"none\" poster=\"http:\/\/edulingua.net\/images\/poster_2.jpg\" loop=\"loop\"><source src=\"http:\/\/edulingua.net\/informatika\/inf_instr_0043.mp4\" type=\"video\/mp4\" \/> B\u00f6ng\u00e9sz\u0151je nem t\u00e1mogatja a vide\u00f3 form\u00e1tumot.. <\/video><\/td>        <\/tr>\n            <tr data-row_id=\"33658\" class=\"ninja_table_row_43 nt_row_id_33658\">\n            <td><h3>T\u00f6lts le az internetr\u0151l!<\/h3><\/td><td><video width=\"535\" height=\"300\" controls=\"controls\" preload=\"none\" poster=\"http:\/\/edulingua.net\/images\/poster_2.jpg\" loop=\"loop\"><source src=\"http:\/\/edulingua.net\/informatika\/inf_instr_0044.mp4\" type=\"video\/mp4\" \/> B\u00f6ng\u00e9sz\u0151je nem t\u00e1mogatja a vide\u00f3 form\u00e1tumot.. <\/video><\/td>        <\/tr>\n            <tr data-row_id=\"33659\" class=\"ninja_table_row_44 nt_row_id_33659\">\n            <td><h3>V\u00e1laszd ki a men\u00fcben a \"Start\" men\u00fcpontot!<\/h3><\/td><td><video width=\"535\" height=\"300\" controls=\"controls\" preload=\"none\" poster=\"http:\/\/edulingua.net\/images\/poster_2.jpg\" loop=\"loop\"><source src=\"http:\/\/edulingua.net\/informatika\/inf_instr_0045.mp4\" type=\"video\/mp4\" \/> B\u00f6ng\u00e9sz\u0151je nem t\u00e1mogatja a vide\u00f3 form\u00e1tumot.. <\/video><\/td>        <\/tr>\n    <\/tbody><!--ninja_tobody_rendering_done-->\n    <\/table>\n    \n    \n    \n<\/div>\n\n","protected":false},"excerpt":{"rendered":"","protected":false},"author":1,"featured_media":0,"parent":0,"menu_order":0,"comment_status":"closed","ping_status":"closed","template":"","meta":{"footnotes":""},"class_list":["post-567","page","type-page","status-publish","hentry"],"jetpack_sharing_enabled":true,"_links":{"self":[{"href":"https:\/\/edulingua.net\/edupage\/wp-json\/wp\/v2\/pages\/567","targetHints":{"allow":["GET"]}}],"collection":[{"href":"https:\/\/edulingua.net\/edupage\/wp-json\/wp\/v2\/pages"}],"about":[{"href":"https:\/\/edulingua.net\/edupage\/wp-json\/wp\/v2\/types\/page"}],"author":[{"embeddable":true,"href":"https:\/\/edulingua.net\/edupage\/wp-json\/wp\/v2\/users\/1"}],"replies":[{"embeddable":true,"href":"https:\/\/edulingua.net\/edupage\/wp-json\/wp\/v2\/comments?post=567"}],"version-history":[{"count":1,"href":"https:\/\/edulingua.net\/edupage\/wp-json\/wp\/v2\/pages\/567\/revisions"}],"predecessor-version":[{"id":568,"href":"https:\/\/edulingua.net\/edupage\/wp-json\/wp\/v2\/pages\/567\/revisions\/568"}],"wp:attachment":[{"href":"https:\/\/edulingua.net\/edupage\/wp-json\/wp\/v2\/media?parent=567"}],"curies":[{"name":"wp","href":"https:\/\/api.w.org\/{rel}","templated":true}]}}