{"id":546,"date":"2021-03-31T15:04:03","date_gmt":"2021-03-31T15:04:03","guid":{"rendered":"http:\/\/edulingua.net\/edupage\/?page_id=546"},"modified":"2021-06-16T11:36:11","modified_gmt":"2021-06-16T11:36:11","slug":"kapcsolat","status":"publish","type":"page","link":"https:\/\/edulingua.net\/edupage\/kapcsolat\/","title":{"rendered":"Kapcsolat"},"content":{"rendered":"\t\t<div data-elementor-type=\"wp-page\" data-elementor-id=\"546\" class=\"elementor elementor-546\" data-elementor-post-type=\"page\">\n\t\t\t\t\t\t<section class=\"elementor-section elementor-top-section elementor-element elementor-element-e888dc0 elementor-section-boxed elementor-section-height-default elementor-section-height-default\" data-id=\"e888dc0\" data-element_type=\"section\" data-e-type=\"section\">\n\t\t\t\t\t\t<div class=\"elementor-container elementor-column-gap-default\">\n\t\t\t\t\t<div class=\"elementor-column elementor-col-100 elementor-top-column elementor-element elementor-element-1cbb722\" data-id=\"1cbb722\" data-element_type=\"column\" data-e-type=\"column\">\n\t\t\t<div class=\"elementor-widget-wrap elementor-element-populated\">\n\t\t\t\t\t\t<div class=\"elementor-element elementor-element-c0ba9c6 elementor-widget elementor-widget-text-editor\" data-id=\"c0ba9c6\" data-element_type=\"widget\" data-e-type=\"widget\" data-widget_type=\"text-editor.default\">\n\t\t\t\t<div class=\"elementor-widget-container\">\n\t\t\t\t\t\t\t\t\t<h4><b><span style=\"font-family: arial, sans-serif;\">Dr. habil Bartha Csilla<\/span><\/b><\/h4>\n<h4><b><span style=\"font-family: arial, sans-serif;\">Nyelvtudom\u00e1nyi Kutat\u00f3k\u00f6zpont&nbsp;<\/span><\/b><\/h4>\n<h4><b><span style=\"font-family: arial, sans-serif;\">C\u00edm: 1068 Budapest, Bencz\u00far u. 33.<\/span><\/b><\/h4>\n<h4><span style=\"font-family: arial, sans-serif;\"><b>Email:&nbsp;<a href=\"mailto:bartha.tkk@gmail.com\" target=\"_blank\" rel=\"noopener\">bartha.tkk@gmail.com<\/a><\/b><\/span><\/h4>\n<h4><span style=\"font-family: arial, sans-serif;\"><b>Telefonsz\u00e1m:&nbsp;(36-1) 342-9372<\/b><\/span><\/h4>\t\t\t\t\t\t\t\t<\/div>\n\t\t\t\t<\/div>\n\t\t\t\t\t<\/div>\n\t\t<\/div>\n\t\t\t\t\t<\/div>\n\t\t<\/section>\n\t\t\t\t<\/div>\n\t\t","protected":false},"excerpt":{"rendered":"<p>Dr. habil Bartha Csilla Nyelvtudom\u00e1nyi Kutat\u00f3k\u00f6zpont&nbsp; C\u00edm: 1068 Budapest, Bencz\u00far u. 33. Email:&nbsp;bartha.tkk@gmail.com Telefonsz\u00e1m:&nbsp;(36-1) 342-9372<\/p>\n","protected":false},"author":1,"featured_media":0,"parent":0,"menu_order":0,"comment_status":"closed","ping_status":"closed","template":"","meta":{"footnotes":""},"class_list":["post-546","page","type-page","status-publish","hentry"],"jetpack_sharing_enabled":true,"_links":{"self":[{"href":"https:\/\/edulingua.net\/edupage\/wp-json\/wp\/v2\/pages\/546","targetHints":{"allow":["GET"]}}],"collection":[{"href":"https:\/\/edulingua.net\/edupage\/wp-json\/wp\/v2\/pages"}],"about":[{"href":"https:\/\/edulingua.net\/edupage\/wp-json\/wp\/v2\/types\/page"}],"author":[{"embeddable":true,"href":"https:\/\/edulingua.net\/edupage\/wp-json\/wp\/v2\/users\/1"}],"replies":[{"embeddable":true,"href":"https:\/\/edulingua.net\/edupage\/wp-json\/wp\/v2\/comments?post=546"}],"version-history":[{"count":7,"href":"https:\/\/edulingua.net\/edupage\/wp-json\/wp\/v2\/pages\/546\/revisions"}],"predecessor-version":[{"id":3503,"href":"https:\/\/edulingua.net\/edupage\/wp-json\/wp\/v2\/pages\/546\/revisions\/3503"}],"wp:attachment":[{"href":"https:\/\/edulingua.net\/edupage\/wp-json\/wp\/v2\/media?parent=546"}],"curies":[{"name":"wp","href":"https:\/\/api.w.org\/{rel}","templated":true}]}}