{"id":493,"date":"2021-03-30T14:52:36","date_gmt":"2021-03-30T14:52:36","guid":{"rendered":"http:\/\/edulingua.net\/edupage\/?page_id=493"},"modified":"2021-05-03T06:52:58","modified_gmt":"2021-05-03T06:52:58","slug":"otthonoktatas-tamogatasa","status":"publish","type":"page","link":"https:\/\/edulingua.net\/edupage\/otthonoktatas-tamogatasa\/","title":{"rendered":"OTTHONOKTAT\u00c1S T\u00c1MOGAT\u00c1SA"},"content":{"rendered":"\t\t<div data-elementor-type=\"wp-page\" data-elementor-id=\"493\" class=\"elementor elementor-493\" data-elementor-post-type=\"page\">\n\t\t\t\t\t\t<section class=\"elementor-section elementor-top-section elementor-element elementor-element-6f59d67 elementor-section-boxed elementor-section-height-default elementor-section-height-default\" data-id=\"6f59d67\" data-element_type=\"section\" data-e-type=\"section\">\n\t\t\t\t\t\t<div class=\"elementor-container elementor-column-gap-default\">\n\t\t\t\t\t<div class=\"elementor-column elementor-col-50 elementor-top-column elementor-element elementor-element-57e6ba8\" data-id=\"57e6ba8\" data-element_type=\"column\" data-e-type=\"column\">\n\t\t\t<div class=\"elementor-widget-wrap elementor-element-populated\">\n\t\t\t\t\t\t<div class=\"elementor-element elementor-element-d36fffa elementor-widget elementor-widget-image\" data-id=\"d36fffa\" data-element_type=\"widget\" data-e-type=\"widget\" data-widget_type=\"image.default\">\n\t\t\t\t<div class=\"elementor-widget-container\">\n\t\t\t\t\t\t\t\t\t\t\t\t<figure class=\"wp-caption\">\n\t\t\t\t\t\t\t\t\t\t\t<a href=\"http:\/\/edulingua.net\/document\/Digitalis%20gyujtemeny%20I.pdf\">\n\t\t\t\t\t\t\t<img fetchpriority=\"high\" decoding=\"async\" width=\"230\" height=\"300\" src=\"https:\/\/edulingua.net\/edupage\/wp-content\/uploads\/2021\/04\/Edu_fuzet-230x300.jpg\" class=\"attachment-medium size-medium wp-image-998\" alt=\"\" srcset=\"https:\/\/edulingua.net\/edupage\/wp-content\/uploads\/2021\/04\/Edu_fuzet-230x300.jpg 230w, https:\/\/edulingua.net\/edupage\/wp-content\/uploads\/2021\/04\/Edu_fuzet.jpg 508w\" sizes=\"(max-width: 230px) 100vw, 230px\" \/>\t\t\t\t\t\t\t\t<\/a>\n\t\t\t\t\t\t\t\t\t\t\t<figcaption class=\"widget-image-caption wp-caption-text\">Digit\u00e1lis gy\u0171jtem\u00e9ny <br>01<\/figcaption>\n\t\t\t\t\t\t\t\t\t\t<\/figure>\n\t\t\t\t\t\t\t\t\t<\/div>\n\t\t\t\t<\/div>\n\t\t\t\t\t<\/div>\n\t\t<\/div>\n\t\t\t\t<div class=\"elementor-column elementor-col-50 elementor-top-column elementor-element elementor-element-8e8a398\" data-id=\"8e8a398\" data-element_type=\"column\" data-e-type=\"column\">\n\t\t\t<div class=\"elementor-widget-wrap elementor-element-populated\">\n\t\t\t\t\t\t<div class=\"elementor-element elementor-element-b4fd44e elementor-widget elementor-widget-image\" data-id=\"b4fd44e\" data-element_type=\"widget\" data-e-type=\"widget\" data-widget_type=\"image.default\">\n\t\t\t\t<div class=\"elementor-widget-container\">\n\t\t\t\t\t\t\t\t\t\t\t\t<figure class=\"wp-caption\">\n\t\t\t\t\t\t\t\t\t\t\t<a href=\"http:\/\/edulingua.net\/document\/Digitalis%20gyujtemeny%20II.pdf\">\n\t\t\t\t\t\t\t<img fetchpriority=\"high\" decoding=\"async\" width=\"230\" height=\"300\" src=\"https:\/\/edulingua.net\/edupage\/wp-content\/uploads\/2021\/04\/Edu_fuzet-230x300.jpg\" class=\"attachment-medium size-medium wp-image-998\" alt=\"\" srcset=\"https:\/\/edulingua.net\/edupage\/wp-content\/uploads\/2021\/04\/Edu_fuzet-230x300.jpg 230w, https:\/\/edulingua.net\/edupage\/wp-content\/uploads\/2021\/04\/Edu_fuzet.jpg 508w\" sizes=\"(max-width: 230px) 100vw, 230px\" \/>\t\t\t\t\t\t\t\t<\/a>\n\t\t\t\t\t\t\t\t\t\t\t<figcaption class=\"widget-image-caption wp-caption-text\">Digit\u00e1lis gy\u0171jtem\u00e9ny <br>02<\/figcaption>\n\t\t\t\t\t\t\t\t\t\t<\/figure>\n\t\t\t\t\t\t\t\t\t<\/div>\n\t\t\t\t<\/div>\n\t\t\t\t\t<\/div>\n\t\t<\/div>\n\t\t\t\t\t<\/div>\n\t\t<\/section>\n\t\t\t\t<section class=\"elementor-section elementor-top-section elementor-element elementor-element-55b2e0c elementor-section-boxed elementor-section-height-default elementor-section-height-default\" data-id=\"55b2e0c\" data-element_type=\"section\" data-e-type=\"section\">\n\t\t\t\t\t\t<div class=\"elementor-container elementor-column-gap-default\">\n\t\t\t\t\t<div class=\"elementor-column elementor-col-50 elementor-top-column elementor-element elementor-element-a9fb83b\" data-id=\"a9fb83b\" data-element_type=\"column\" data-e-type=\"column\">\n\t\t\t<div class=\"elementor-widget-wrap elementor-element-populated\">\n\t\t\t\t\t\t<div class=\"elementor-element elementor-element-1a0b4f5 elementor-widget elementor-widget-video\" data-id=\"1a0b4f5\" data-element_type=\"widget\" data-e-type=\"widget\" data-settings=\"{&quot;youtube_url&quot;:&quot;https:\\\/\\\/youtu.be\\\/9D8cZ-zoLXU&quot;,&quot;loop&quot;:&quot;yes&quot;,&quot;video_type&quot;:&quot;youtube&quot;,&quot;controls&quot;:&quot;yes&quot;}\" data-widget_type=\"video.default\">\n\t\t\t\t<div class=\"elementor-widget-container\">\n\t\t\t\t\t\t\t<div class=\"elementor-wrapper elementor-open-inline\">\n\t\t\t<div class=\"elementor-video\"><\/div>\t\t<\/div>\n\t\t\t\t\t\t<\/div>\n\t\t\t\t<\/div>\n\t\t\t\t\t<\/div>\n\t\t<\/div>\n\t\t\t\t<div class=\"elementor-column elementor-col-50 elementor-top-column elementor-element elementor-element-1fd787c\" data-id=\"1fd787c\" data-element_type=\"column\" data-e-type=\"column\">\n\t\t\t<div class=\"elementor-widget-wrap elementor-element-populated\">\n\t\t\t\t\t\t<div class=\"elementor-element elementor-element-a50ca98 elementor-widget elementor-widget-video\" data-id=\"a50ca98\" data-element_type=\"widget\" data-e-type=\"widget\" data-settings=\"{&quot;youtube_url&quot;:&quot;https:\\\/\\\/youtu.be\\\/rub-uwsKZ4w&quot;,&quot;loop&quot;:&quot;yes&quot;,&quot;video_type&quot;:&quot;youtube&quot;,&quot;controls&quot;:&quot;yes&quot;}\" data-widget_type=\"video.default\">\n\t\t\t\t<div class=\"elementor-widget-container\">\n\t\t\t\t\t\t\t<div class=\"elementor-wrapper elementor-open-inline\">\n\t\t\t<div class=\"elementor-video\"><\/div>\t\t<\/div>\n\t\t\t\t\t\t<\/div>\n\t\t\t\t<\/div>\n\t\t\t\t\t<\/div>\n\t\t<\/div>\n\t\t\t\t\t<\/div>\n\t\t<\/section>\n\t\t\t\t<section class=\"elementor-section elementor-top-section elementor-element elementor-element-18998d5 elementor-section-boxed elementor-section-height-default elementor-section-height-default\" data-id=\"18998d5\" data-element_type=\"section\" data-e-type=\"section\">\n\t\t\t\t\t\t<div class=\"elementor-container elementor-column-gap-default\">\n\t\t\t\t\t<div class=\"elementor-column elementor-col-100 elementor-top-column elementor-element elementor-element-13ab94f\" data-id=\"13ab94f\" data-element_type=\"column\" data-e-type=\"column\">\n\t\t\t<div class=\"elementor-widget-wrap elementor-element-populated\">\n\t\t\t\t\t\t<div class=\"elementor-element elementor-element-22cdf85 elementor-widget elementor-widget-video\" data-id=\"22cdf85\" data-element_type=\"widget\" data-e-type=\"widget\" data-settings=\"{&quot;youtube_url&quot;:&quot;https:\\\/\\\/youtu.be\\\/lhszUv9a0OQ&quot;,&quot;loop&quot;:&quot;yes&quot;,&quot;video_type&quot;:&quot;youtube&quot;,&quot;controls&quot;:&quot;yes&quot;}\" data-widget_type=\"video.default\">\n\t\t\t\t<div class=\"elementor-widget-container\">\n\t\t\t\t\t\t\t<div class=\"elementor-wrapper elementor-open-inline\">\n\t\t\t<div class=\"elementor-video\"><\/div>\t\t<\/div>\n\t\t\t\t\t\t<\/div>\n\t\t\t\t<\/div>\n\t\t\t\t\t<\/div>\n\t\t<\/div>\n\t\t\t\t\t<\/div>\n\t\t<\/section>\n\t\t\t\t<section class=\"elementor-section elementor-top-section elementor-element elementor-element-a36f26e elementor-section-boxed elementor-section-height-default elementor-section-height-default\" data-id=\"a36f26e\" data-element_type=\"section\" data-e-type=\"section\">\n\t\t\t\t\t\t<div class=\"elementor-container elementor-column-gap-default\">\n\t\t\t\t\t<div class=\"elementor-column elementor-col-100 elementor-top-column elementor-element elementor-element-ed2c4c5\" data-id=\"ed2c4c5\" data-element_type=\"column\" data-e-type=\"column\">\n\t\t\t<div class=\"elementor-widget-wrap elementor-element-populated\">\n\t\t\t\t\t\t<div class=\"elementor-element elementor-element-3bea82e elementor-widget elementor-widget-heading\" data-id=\"3bea82e\" data-element_type=\"widget\" data-e-type=\"widget\" data-widget_type=\"heading.default\">\n\t\t\t\t<div class=\"elementor-widget-container\">\n\t\t\t\t\t<h2 class=\"elementor-heading-title elementor-size-default\">Pedag\u00f3gusoknak \u00e9s sz\u00fcl\u0151knek <\/h2>\t\t\t\t<\/div>\n\t\t\t\t<\/div>\n\t\t\t\t\t<\/div>\n\t\t<\/div>\n\t\t\t\t\t<\/div>\n\t\t<\/section>\n\t\t\t\t<section class=\"elementor-section elementor-top-section elementor-element elementor-element-a20c18b elementor-section-boxed elementor-section-height-default elementor-section-height-default\" data-id=\"a20c18b\" data-element_type=\"section\" data-e-type=\"section\">\n\t\t\t\t\t\t<div class=\"elementor-container elementor-column-gap-default\">\n\t\t\t\t\t<div class=\"elementor-column elementor-col-50 elementor-top-column elementor-element elementor-element-33df58a\" data-id=\"33df58a\" data-element_type=\"column\" data-e-type=\"column\">\n\t\t\t<div class=\"elementor-widget-wrap elementor-element-populated\">\n\t\t\t\t\t\t<div class=\"elementor-element elementor-element-9278480 elementor-widget elementor-widget-video\" data-id=\"9278480\" data-element_type=\"widget\" data-e-type=\"widget\" data-settings=\"{&quot;youtube_url&quot;:&quot;https:\\\/\\\/youtu.be\\\/o5qmAjy2Iec&quot;,&quot;loop&quot;:&quot;yes&quot;,&quot;video_type&quot;:&quot;youtube&quot;,&quot;controls&quot;:&quot;yes&quot;}\" data-widget_type=\"video.default\">\n\t\t\t\t<div class=\"elementor-widget-container\">\n\t\t\t\t\t\t\t<div class=\"elementor-wrapper elementor-open-inline\">\n\t\t\t<div class=\"elementor-video\"><\/div>\t\t<\/div>\n\t\t\t\t\t\t<\/div>\n\t\t\t\t<\/div>\n\t\t\t\t\t<\/div>\n\t\t<\/div>\n\t\t\t\t<div class=\"elementor-column elementor-col-50 elementor-top-column elementor-element elementor-element-8161c04\" data-id=\"8161c04\" data-element_type=\"column\" data-e-type=\"column\">\n\t\t\t<div class=\"elementor-widget-wrap elementor-element-populated\">\n\t\t\t\t\t\t<div class=\"elementor-element elementor-element-a854a91 elementor-widget elementor-widget-image\" data-id=\"a854a91\" data-element_type=\"widget\" data-e-type=\"widget\" data-widget_type=\"image.default\">\n\t\t\t\t<div class=\"elementor-widget-container\">\n\t\t\t\t\t\t\t\t\t\t\t\t\t\t\t\t<a href=\"https:\/\/edulingua.net\/edupage\/wp-content\/uploads\/2021\/03\/Tanacsok-szuloknek_COVID_TKK_D-1.jpg\" data-elementor-open-lightbox=\"yes\" data-elementor-lightbox-title=\"Tanacsok-szuloknek_COVID_TKK_D-1\" data-e-action-hash=\"#elementor-action%3Aaction%3Dlightbox%26settings%3DeyJpZCI6NTgwLCJ1cmwiOiJodHRwczpcL1wvZWR1bGluZ3VhLm5ldFwvZWR1cGFnZVwvd3AtY29udGVudFwvdXBsb2Fkc1wvMjAyMVwvMDNcL1RhbmFjc29rLXN6dWxva25la19DT1ZJRF9US0tfRC0xLmpwZyJ9\">\n\t\t\t\t\t\t\t<img decoding=\"async\" width=\"212\" height=\"300\" src=\"https:\/\/edulingua.net\/edupage\/wp-content\/uploads\/2021\/03\/Tanacsok-szuloknek_COVID_TKK_D-1-212x300.jpg\" class=\"attachment-medium size-medium wp-image-580\" alt=\"\" srcset=\"https:\/\/edulingua.net\/edupage\/wp-content\/uploads\/2021\/03\/Tanacsok-szuloknek_COVID_TKK_D-1-212x300.jpg 212w, https:\/\/edulingua.net\/edupage\/wp-content\/uploads\/2021\/03\/Tanacsok-szuloknek_COVID_TKK_D-1-724x1024.jpg 724w, https:\/\/edulingua.net\/edupage\/wp-content\/uploads\/2021\/03\/Tanacsok-szuloknek_COVID_TKK_D-1-768x1086.jpg 768w, https:\/\/edulingua.net\/edupage\/wp-content\/uploads\/2021\/03\/Tanacsok-szuloknek_COVID_TKK_D-1-1086x1536.jpg 1086w, https:\/\/edulingua.net\/edupage\/wp-content\/uploads\/2021\/03\/Tanacsok-szuloknek_COVID_TKK_D-1-1448x2048.jpg 1448w, https:\/\/edulingua.net\/edupage\/wp-content\/uploads\/2021\/03\/Tanacsok-szuloknek_COVID_TKK_D-1-600x848.jpg 600w, https:\/\/edulingua.net\/edupage\/wp-content\/uploads\/2021\/03\/Tanacsok-szuloknek_COVID_TKK_D-1.jpg 1654w\" sizes=\"(max-width: 212px) 100vw, 212px\" \/>\t\t\t\t\t\t\t\t<\/a>\n\t\t\t\t\t\t\t\t\t\t\t\t\t\t\t<\/div>\n\t\t\t\t<\/div>\n\t\t\t\t\t<\/div>\n\t\t<\/div>\n\t\t\t\t\t<\/div>\n\t\t<\/section>\n\t\t\t\t<section class=\"elementor-section elementor-top-section elementor-element elementor-element-663f372 elementor-section-boxed elementor-section-height-default elementor-section-height-default\" data-id=\"663f372\" data-element_type=\"section\" data-e-type=\"section\">\n\t\t\t\t\t\t<div class=\"elementor-container elementor-column-gap-default\">\n\t\t\t\t\t<div class=\"elementor-column elementor-col-100 elementor-top-column elementor-element elementor-element-9bc4de4\" data-id=\"9bc4de4\" data-element_type=\"column\" data-e-type=\"column\">\n\t\t\t<div class=\"elementor-widget-wrap elementor-element-populated\">\n\t\t\t\t\t\t<div class=\"elementor-element elementor-element-85689af elementor-widget elementor-widget-video\" data-id=\"85689af\" data-element_type=\"widget\" data-e-type=\"widget\" data-settings=\"{&quot;youtube_url&quot;:&quot;https:\\\/\\\/youtu.be\\\/PQ4Ce6BmNWc&quot;,&quot;loop&quot;:&quot;yes&quot;,&quot;video_type&quot;:&quot;youtube&quot;,&quot;controls&quot;:&quot;yes&quot;}\" data-widget_type=\"video.default\">\n\t\t\t\t<div class=\"elementor-widget-container\">\n\t\t\t\t\t\t\t<div class=\"elementor-wrapper elementor-open-inline\">\n\t\t\t<div class=\"elementor-video\"><\/div>\t\t<\/div>\n\t\t\t\t\t\t<\/div>\n\t\t\t\t<\/div>\n\t\t\t\t\t<\/div>\n\t\t<\/div>\n\t\t\t\t\t<\/div>\n\t\t<\/section>\n\t\t\t\t<\/div>\n\t\t","protected":false},"excerpt":{"rendered":"<p>Digit\u00e1lis gy\u0171jtem\u00e9ny 01 Digit\u00e1lis gy\u0171jtem\u00e9ny 02 https:\/\/youtu.be\/9D8cZ-zoLXUhttps:\/\/youtu.be\/rub-uwsKZ4whttps:\/\/youtu.be\/lhszUv9a0OQ Pedag\u00f3gusoknak \u00e9s sz\u00fcl\u0151knek<\/p>\n","protected":false},"author":1,"featured_media":0,"parent":0,"menu_order":0,"comment_status":"closed","ping_status":"closed","template":"","meta":{"footnotes":""},"class_list":["post-493","page","type-page","status-publish","hentry"],"jetpack_sharing_enabled":true,"_links":{"self":[{"href":"https:\/\/edulingua.net\/edupage\/wp-json\/wp\/v2\/pages\/493","targetHints":{"allow":["GET"]}}],"collection":[{"href":"https:\/\/edulingua.net\/edupage\/wp-json\/wp\/v2\/pages"}],"about":[{"href":"https:\/\/edulingua.net\/edupage\/wp-json\/wp\/v2\/types\/page"}],"author":[{"embeddable":true,"href":"https:\/\/edulingua.net\/edupage\/wp-json\/wp\/v2\/users\/1"}],"replies":[{"embeddable":true,"href":"https:\/\/edulingua.net\/edupage\/wp-json\/wp\/v2\/comments?post=493"}],"version-history":[{"count":22,"href":"https:\/\/edulingua.net\/edupage\/wp-json\/wp\/v2\/pages\/493\/revisions"}],"predecessor-version":[{"id":3469,"href":"https:\/\/edulingua.net\/edupage\/wp-json\/wp\/v2\/pages\/493\/revisions\/3469"}],"wp:attachment":[{"href":"https:\/\/edulingua.net\/edupage\/wp-json\/wp\/v2\/media?parent=493"}],"curies":[{"name":"wp","href":"https:\/\/api.w.org\/{rel}","templated":true}]}}