{"id":489,"date":"2021-03-30T14:50:47","date_gmt":"2021-03-30T14:50:47","guid":{"rendered":"http:\/\/edulingua.net\/edupage\/?page_id=489"},"modified":"2022-01-21T09:20:43","modified_gmt":"2022-01-21T09:20:43","slug":"nemzetisegek","status":"publish","type":"page","link":"https:\/\/edulingua.net\/edupage\/nemzetisegek\/","title":{"rendered":"Nemzetis\u00e9gek"},"content":{"rendered":"\t\t<div data-elementor-type=\"wp-page\" data-elementor-id=\"489\" class=\"elementor elementor-489\" data-elementor-post-type=\"page\">\n\t\t\t\t\t\t<section class=\"elementor-section elementor-top-section elementor-element elementor-element-5f46e16 elementor-section-boxed elementor-section-height-default elementor-section-height-default\" data-id=\"5f46e16\" data-element_type=\"section\" data-e-type=\"section\">\n\t\t\t\t\t\t<div class=\"elementor-container elementor-column-gap-default\">\n\t\t\t\t\t<div class=\"elementor-column elementor-col-100 elementor-top-column elementor-element elementor-element-222408a\" data-id=\"222408a\" data-element_type=\"column\" data-e-type=\"column\">\n\t\t\t<div class=\"elementor-widget-wrap elementor-element-populated\">\n\t\t\t\t\t\t<div class=\"elementor-element elementor-element-96801fd elementor-widget-divider--view-line elementor-widget elementor-widget-divider\" data-id=\"96801fd\" data-element_type=\"widget\" data-e-type=\"widget\" data-widget_type=\"divider.default\">\n\t\t\t\t<div class=\"elementor-widget-container\">\n\t\t\t\t\t\t\t<div class=\"elementor-divider\">\n\t\t\t<span class=\"elementor-divider-separator\">\n\t\t\t\t\t\t<\/span>\n\t\t<\/div>\n\t\t\t\t\t\t<\/div>\n\t\t\t\t<\/div>\n\t\t\t\t\t<\/div>\n\t\t<\/div>\n\t\t\t\t\t<\/div>\n\t\t<\/section>\n\t\t\t\t<section class=\"elementor-section elementor-top-section elementor-element elementor-element-6dc214d elementor-section-boxed elementor-section-height-default elementor-section-height-default\" data-id=\"6dc214d\" data-element_type=\"section\" data-e-type=\"section\">\n\t\t\t\t\t\t<div class=\"elementor-container elementor-column-gap-default\">\n\t\t\t\t\t<div class=\"elementor-column elementor-col-100 elementor-top-column elementor-element elementor-element-a6554a6\" data-id=\"a6554a6\" data-element_type=\"column\" data-e-type=\"column\">\n\t\t\t<div class=\"elementor-widget-wrap elementor-element-populated\">\n\t\t\t\t\t\t<div class=\"elementor-element elementor-element-b14dcaf elementor-widget elementor-widget-heading\" data-id=\"b14dcaf\" data-element_type=\"widget\" data-e-type=\"widget\" data-widget_type=\"heading.default\">\n\t\t\t\t<div class=\"elementor-widget-container\">\n\t\t\t\t\t<h1 class=\"elementor-heading-title elementor-size-default\"><a href=\"http:\/\/edulingua.net\/document\/4_2021.%20elvi%20\u00e1ll\u00e1sfoglal\u00e1sa%20a%20nemzetis\u00e9gi%20nyelven%20val\u00f3%20k\u00f6z\u00f6ss\u00e9gi%20n\u00e9vhaszn\u00e1latr\u00f3l.pdf\">ELVI \u00c1LL\u00c1SFOGLAL\u00c1S<br>4\/2021.<br><br>A NEMZETIS\u00c9GI NYELVEN VAL\u00d3<br>EGY\u00c9NI N\u00c9VHASZN\u00c1LATR\u00d3L<br>(pdf)<\/a><\/h1>\t\t\t\t<\/div>\n\t\t\t\t<\/div>\n\t\t\t\t\t<\/div>\n\t\t<\/div>\n\t\t\t\t\t<\/div>\n\t\t<\/section>\n\t\t\t\t<section class=\"elementor-section elementor-top-section elementor-element elementor-element-a8c03a6 elementor-section-boxed elementor-section-height-default elementor-section-height-default\" data-id=\"a8c03a6\" data-element_type=\"section\" data-e-type=\"section\">\n\t\t\t\t\t\t<div class=\"elementor-container elementor-column-gap-default\">\n\t\t\t\t\t<div class=\"elementor-column elementor-col-100 elementor-top-column elementor-element elementor-element-6c2e59e\" data-id=\"6c2e59e\" data-element_type=\"column\" data-e-type=\"column\">\n\t\t\t<div class=\"elementor-widget-wrap elementor-element-populated\">\n\t\t\t\t\t\t<div class=\"elementor-element elementor-element-f68963f elementor-widget-divider--view-line elementor-widget elementor-widget-divider\" data-id=\"f68963f\" data-element_type=\"widget\" data-e-type=\"widget\" data-widget_type=\"divider.default\">\n\t\t\t\t<div class=\"elementor-widget-container\">\n\t\t\t\t\t\t\t<div class=\"elementor-divider\">\n\t\t\t<span class=\"elementor-divider-separator\">\n\t\t\t\t\t\t<\/span>\n\t\t<\/div>\n\t\t\t\t\t\t<\/div>\n\t\t\t\t<\/div>\n\t\t\t\t\t<\/div>\n\t\t<\/div>\n\t\t\t\t\t<\/div>\n\t\t<\/section>\n\t\t\t\t<section class=\"elementor-section elementor-top-section elementor-element elementor-element-8927911 elementor-section-boxed elementor-section-height-default elementor-section-height-default\" data-id=\"8927911\" data-element_type=\"section\" data-e-type=\"section\">\n\t\t\t\t\t\t<div class=\"elementor-container elementor-column-gap-default\">\n\t\t\t\t\t<div class=\"elementor-column elementor-col-100 elementor-top-column elementor-element elementor-element-175d5a3\" data-id=\"175d5a3\" data-element_type=\"column\" data-e-type=\"column\">\n\t\t\t<div class=\"elementor-widget-wrap elementor-element-populated\">\n\t\t\t\t\t\t<div class=\"elementor-element elementor-element-9f5d084 elementor-widget elementor-widget-heading\" data-id=\"9f5d084\" data-element_type=\"widget\" data-e-type=\"widget\" data-widget_type=\"heading.default\">\n\t\t\t\t<div class=\"elementor-widget-container\">\n\t\t\t\t\t<h1 class=\"elementor-heading-title elementor-size-default\"><a href=\"http:\/\/edulingua.net\/document\/A_nemzetisegi_nyelven_valo_egyeni_nevvalasztasrol.pdf\">ELVI \u00c1LL\u00c1SFOGLAL\u00c1S<br>3\/2021.<br><br>A NEMZETIS\u00c9GI NYELVEN VAL\u00d3<br>EGY\u00c9NI N\u00c9VHASZN\u00c1LATR\u00d3L<br>(pdf)<\/a><\/h1>\t\t\t\t<\/div>\n\t\t\t\t<\/div>\n\t\t\t\t\t<\/div>\n\t\t<\/div>\n\t\t\t\t\t<\/div>\n\t\t<\/section>\n\t\t\t\t<section class=\"elementor-section elementor-top-section elementor-element elementor-element-e35e1f4 elementor-section-boxed elementor-section-height-default elementor-section-height-default\" data-id=\"e35e1f4\" data-element_type=\"section\" data-e-type=\"section\">\n\t\t\t\t\t\t<div class=\"elementor-container elementor-column-gap-default\">\n\t\t\t\t\t<div class=\"elementor-column elementor-col-100 elementor-top-column elementor-element elementor-element-148bc12\" data-id=\"148bc12\" data-element_type=\"column\" data-e-type=\"column\">\n\t\t\t<div class=\"elementor-widget-wrap elementor-element-populated\">\n\t\t\t\t\t\t<div class=\"elementor-element elementor-element-ab40ecb elementor-widget-divider--view-line elementor-widget elementor-widget-divider\" data-id=\"ab40ecb\" data-element_type=\"widget\" data-e-type=\"widget\" data-widget_type=\"divider.default\">\n\t\t\t\t<div class=\"elementor-widget-container\">\n\t\t\t\t\t\t\t<div class=\"elementor-divider\">\n\t\t\t<span class=\"elementor-divider-separator\">\n\t\t\t\t\t\t<\/span>\n\t\t<\/div>\n\t\t\t\t\t\t<\/div>\n\t\t\t\t<\/div>\n\t\t\t\t\t<\/div>\n\t\t<\/div>\n\t\t\t\t\t<\/div>\n\t\t<\/section>\n\t\t\t\t<section class=\"elementor-section elementor-top-section elementor-element elementor-element-06ef783 elementor-section-boxed elementor-section-height-default elementor-section-height-default\" data-id=\"06ef783\" data-element_type=\"section\" data-e-type=\"section\">\n\t\t\t\t\t\t<div class=\"elementor-container elementor-column-gap-default\">\n\t\t\t\t\t<div class=\"elementor-column elementor-col-100 elementor-top-column elementor-element elementor-element-a6062da\" data-id=\"a6062da\" data-element_type=\"column\" data-e-type=\"column\">\n\t\t\t<div class=\"elementor-widget-wrap elementor-element-populated\">\n\t\t\t\t\t\t<div class=\"elementor-element elementor-element-444a41c elementor-widget elementor-widget-heading\" data-id=\"444a41c\" data-element_type=\"widget\" data-e-type=\"widget\" data-widget_type=\"heading.default\">\n\t\t\t\t<div class=\"elementor-widget-container\">\n\t\t\t\t\t<h2 class=\"elementor-heading-title elementor-size-default\">Borb\u00e9ly Anna (szerk.) Nemzetis\u00e9gi nyelvi t\u00e1jk\u00e9p Magyarorsz\u00e1gon<\/h2>\t\t\t\t<\/div>\n\t\t\t\t<\/div>\n\t\t\t\t\t<\/div>\n\t\t<\/div>\n\t\t\t\t\t<\/div>\n\t\t<\/section>\n\t\t\t\t<section class=\"elementor-section elementor-top-section elementor-element elementor-element-2bf6a59 elementor-section-boxed elementor-section-height-default elementor-section-height-default\" data-id=\"2bf6a59\" data-element_type=\"section\" data-e-type=\"section\">\n\t\t\t\t\t\t<div class=\"elementor-container elementor-column-gap-default\">\n\t\t\t\t\t<div class=\"elementor-column elementor-col-100 elementor-top-column elementor-element elementor-element-4202185\" data-id=\"4202185\" data-element_type=\"column\" data-e-type=\"column\">\n\t\t\t<div class=\"elementor-widget-wrap elementor-element-populated\">\n\t\t\t\t\t\t<div class=\"elementor-element elementor-element-af50318 elementor-view-stacked elementor-shape-circle elementor-widget elementor-widget-icon\" data-id=\"af50318\" data-element_type=\"widget\" data-e-type=\"widget\" data-widget_type=\"icon.default\">\n\t\t\t\t<div class=\"elementor-widget-container\">\n\t\t\t\t\t\t\t<div class=\"elementor-icon-wrapper\">\n\t\t\t<a class=\"elementor-icon\" href=\"http:\/\/www.nytud.hu\/publ\/nemzetisegi_nyelvi_tajkep\/nemzetisegi_nyelvi_tajkep.pdf\">\n\t\t\t<i aria-hidden=\"true\" class=\"fas fa-file-pdf\"><\/i>\t\t\t<\/a>\n\t\t<\/div>\n\t\t\t\t\t\t<\/div>\n\t\t\t\t<\/div>\n\t\t\t\t\t<\/div>\n\t\t<\/div>\n\t\t\t\t\t<\/div>\n\t\t<\/section>\n\t\t\t\t<section class=\"elementor-section elementor-top-section elementor-element elementor-element-b42145f elementor-section-boxed elementor-section-height-default elementor-section-height-default\" data-id=\"b42145f\" data-element_type=\"section\" data-e-type=\"section\">\n\t\t\t\t\t\t<div class=\"elementor-container elementor-column-gap-default\">\n\t\t\t\t\t<div class=\"elementor-column elementor-col-100 elementor-top-column elementor-element elementor-element-53157df\" data-id=\"53157df\" data-element_type=\"column\" data-e-type=\"column\">\n\t\t\t<div class=\"elementor-widget-wrap elementor-element-populated\">\n\t\t\t\t\t\t<div class=\"elementor-element elementor-element-b0e5b6a elementor-widget elementor-widget-heading\" data-id=\"b0e5b6a\" data-element_type=\"widget\" data-e-type=\"widget\" data-widget_type=\"heading.default\">\n\t\t\t\t<div class=\"elementor-widget-container\">\n\t\t\t\t\t<h3 class=\"elementor-heading-title elementor-size-default\"><a href=\"http:\/\/www.nytud.hu\/publ\/nemzetisegi_nyelvi_tajkep\/nemzetisegi_nyelvi_tajkep.pdf\">Tanulm\u00e1nyk\u00f6tet (pdf)<\/a><\/h3>\t\t\t\t<\/div>\n\t\t\t\t<\/div>\n\t\t\t\t\t<\/div>\n\t\t<\/div>\n\t\t\t\t\t<\/div>\n\t\t<\/section>\n\t\t\t\t<section class=\"elementor-section elementor-top-section elementor-element elementor-element-bdf42f0 elementor-section-boxed elementor-section-height-default elementor-section-height-default\" data-id=\"bdf42f0\" data-element_type=\"section\" data-e-type=\"section\">\n\t\t\t\t\t\t<div class=\"elementor-container elementor-column-gap-default\">\n\t\t\t\t\t<div class=\"elementor-column elementor-col-100 elementor-top-column elementor-element elementor-element-e16f7cf\" data-id=\"e16f7cf\" data-element_type=\"column\" data-e-type=\"column\">\n\t\t\t<div class=\"elementor-widget-wrap elementor-element-populated\">\n\t\t\t\t\t\t<div class=\"elementor-element elementor-element-8e51696 elementor-widget elementor-widget-text-editor\" data-id=\"8e51696\" data-element_type=\"widget\" data-e-type=\"widget\" data-widget_type=\"text-editor.default\">\n\t\t\t\t<div class=\"elementor-widget-container\">\n\t\t\t\t\t\t\t\t\t<h4 style=\"font-weight: 400;\"><strong>Album<\/strong><\/h4><p style=\"font-weight: 400;\">A k\u00f6vetkez\u0151kben a magyarorsz\u00e1gi nemzetis\u00e9gek nyelvi t\u00e1jk\u00e9p\u00e9nek egy r\u00e9szlet\u00e9t k\u00e9pekkel mutatjuk be. A<em>\u00a0<strong>Nemzetis\u00e9gi nyelvi t\u00e1jk\u00e9p Magyarorsz\u00e1gon\u00a0<\/strong><\/em>c\u00edm\u0171 album gerinc\u00e9t\u00a0<em>A nyelvi t\u00e1jk\u00e9p elm\u00e9lete \u00e9s gyakorlata \u2013 Magyarorsz\u00e1gi nemzetis\u00e9gi k\u00f6rk\u00e9p (MTA Nyelvtudom\u00e1nyi Int\u00e9zet T\u00f6bbnyelv\u0171s\u00e9gi Kutat\u00f3k\u00f6zpont, Budapest, 2019. \u00e1prilis 3.)\u00a0<\/em>konferencia<em>\u00a0<\/em>v\u00e1logatott el\u0151ad\u00e1sainak k\u00e9panyaga adja. Az album \u00f6ssze\u00e1ll\u00edt\u00e1s\u00e1val \u2013 a konferencia-el\u0151ad\u00e1sok \u00edrott v\u00e1ltozat\u00e1t \u00f6sszefoglal\u00f3\u00a0<strong><em>Nemzetis\u00e9gi nyelvi t\u00e1jk\u00e9p Magyarorsz\u00e1gon<\/em><\/strong>\u00a0c\u00edm\u0171 elektronikus tanulm\u00e1nyk\u00f6tet k\u00f6zread\u00e1s\u00e1n t\u00falmen\u0151en \u2013 az volt a c\u00e9lunk, hogy a konferenciak\u00f6tetben nem szerepl\u0151 nemzetis\u00e9gi k\u00f6z\u00f6ss\u00e9gek nyelvi t\u00e1jk\u00e9p\u00e9nek egy szelet\u00e9t is bemutassuk. A k\u00e9pek forr\u00e1s\u00e1t minden nemzetis\u00e9gn\u00e9l nyelvi t\u00e1jk\u00e9p\u00e9nek fot\u00f3anyaga el\u0151tt adjuk meg.<\/p><p style=\"font-weight: 400;\">\u00a0<\/p>\t\t\t\t\t\t\t\t<\/div>\n\t\t\t\t<\/div>\n\t\t\t\t\t<\/div>\n\t\t<\/div>\n\t\t\t\t\t<\/div>\n\t\t<\/section>\n\t\t\t\t<section class=\"elementor-section elementor-top-section elementor-element elementor-element-2c1e790 elementor-section-boxed elementor-section-height-default elementor-section-height-default\" data-id=\"2c1e790\" data-element_type=\"section\" data-e-type=\"section\">\n\t\t\t\t\t\t<div class=\"elementor-container elementor-column-gap-default\">\n\t\t\t\t\t<div class=\"elementor-column elementor-col-100 elementor-top-column elementor-element elementor-element-545566b\" data-id=\"545566b\" data-element_type=\"column\" data-e-type=\"column\">\n\t\t\t<div class=\"elementor-widget-wrap elementor-element-populated\">\n\t\t\t\t\t\t<div class=\"elementor-element elementor-element-3fb1308 elementor-widget elementor-widget-text-editor\" data-id=\"3fb1308\" data-element_type=\"widget\" data-e-type=\"widget\" data-widget_type=\"text-editor.default\">\n\t\t\t\t<div class=\"elementor-widget-container\">\n\t\t\t\t\t\t\t\t\t<p style=\"font-weight: 400;\">\u00a0<\/p><p style=\"font-weight: 400;\"><strong><a href=\"http:\/\/www.nytud.hu\/publ\/nemzetisegi_nyelvi_tajkep\/album\/beasok_gergye.pdf\">BE\u00c1SOK<\/a><\/strong><\/p><p style=\"font-weight: 400;\"><strong><a href=\"http:\/\/www.nytud.hu\/publ\/nemzetisegi_nyelvi_tajkep\/album\/bolgarok_menyhart.pdf\">BOLG\u00c1ROK<\/a><\/strong><\/p><p style=\"font-weight: 400;\"><strong><a href=\"http:\/\/www.nytud.hu\/publ\/nemzetisegi_nyelvi_tajkep\/album\/gorogok_tucsok.pdf\">G\u00d6R\u00d6G\u00d6K<\/a><\/strong><\/p><p style=\"font-weight: 400;\"><strong><a href=\"http:\/\/www.nytud.hu\/publ\/nemzetisegi_nyelvi_tajkep\/album\/horvatokbockovac.pdf\">HORV\u00c1TOK<\/a><\/strong><\/p><p style=\"font-weight: 400;\"><strong><a href=\"http:\/\/www.nytud.hu\/publ\/nemzetisegi_nyelvi_tajkep\/album\/lengyelek_tucsok.pdf\">LENGYELEK<\/a><\/strong><\/p><p style=\"font-weight: 400;\"><strong><a href=\"http:\/\/www.nytud.hu\/publ\/nemzetisegi_nyelvi_tajkep\/album\/nemetek_erb.pdf\">N\u00c9METEK 1.<\/a><\/strong><\/p><p style=\"font-weight: 400;\"><strong><a href=\"http:\/\/www.nytud.hu\/publ\/nemzetisegi_nyelvi_tajkep\/album\/nemetek_pachne.pdf\">N\u00c9METEK 2.<\/a><\/strong><\/p><p style=\"font-weight: 400;\"><strong><a href=\"http:\/\/www.nytud.hu\/publ\/nemzetisegi_nyelvi_tajkep\/album\/ormenyek_avanesian.pdf\">\u00d6RM\u00c9NYEK<\/a><\/strong><\/p><p style=\"font-weight: 400;\"><strong><a href=\"http:\/\/www.nytud.hu\/publ\/nemzetisegi_nyelvi_tajkep\/album\/romak_ezmuves.pdf\">ROM\u00c1K<\/a><\/strong><\/p><p style=\"font-weight: 400;\"><strong><a href=\"http:\/\/www.nytud.hu\/publ\/nemzetisegi_nyelvi_tajkep\/album\/romanok_borbely.pdf\">ROM\u00c1NOK<\/a><\/strong><\/p><p style=\"font-weight: 400;\"><strong><a href=\"http:\/\/www.nytud.hu\/publ\/nemzetisegi_nyelvi_tajkep\/album\/ruszinok_tucsok.pdf\">RUSZINOK<\/a><\/strong><\/p><p style=\"font-weight: 400;\"><strong><a href=\"http:\/\/www.nytud.hu\/publ\/nemzetisegi_nyelvi_tajkep\/album\/szerbek_lasztity.pdf\">SZERBEK<\/a><\/strong><\/p><p style=\"font-weight: 400;\"><strong><a href=\"http:\/\/www.nytud.hu\/publ\/nemzetisegi_nyelvi_tajkep\/album\/szlovakok_tuska.pdf\">SZLOV\u00c1KOK<\/a><\/strong><\/p><p style=\"font-weight: 400;\"><strong><a href=\"http:\/\/www.nytud.hu\/publ\/nemzetisegi_nyelvi_tajkep\/album\/szlovenek_lukacsne.pdf\">SZLOV\u00c9NEK<\/a><\/strong><\/p><p style=\"font-weight: 400;\"><strong><a href=\"http:\/\/www.nytud.hu\/publ\/nemzetisegi_nyelvi_tajkep\/album\/ukranok_stefuca.pdf\">UKR\u00c1NOK<\/a><\/strong><\/p><p style=\"font-weight: 400;\"><strong>\u00a0<\/strong><\/p><p style=\"font-weight: 400;\">Minden jog fenntartva. B\u00e1rmely m\u00e1sol\u00e1s, sokszoros\u00edt\u00e1s, illetve adatfeldolgoz\u00f3 rendszerben val\u00f3 t\u00e1rol\u00e1s a kiad\u00f3 el\u0151zetes \u00edr\u00e1sbeli hozz\u00e1j\u00e1rul\u00e1s\u00e1hoz van k\u00f6tve.<\/p><p style=\"font-weight: 400;\">Budapest, 2020. december 8.<\/p>\t\t\t\t\t\t\t\t<\/div>\n\t\t\t\t<\/div>\n\t\t\t\t\t<\/div>\n\t\t<\/div>\n\t\t\t\t\t<\/div>\n\t\t<\/section>\n\t\t\t\t<\/div>\n\t\t","protected":false},"excerpt":{"rendered":"<p>ELVI \u00c1LL\u00c1SFOGLAL\u00c1S4\/2021. A NEMZETIS\u00c9GI NYELVEN VAL\u00d3EGY\u00c9NI N\u00c9VHASZN\u00c1LATR\u00d3L(pdf) ELVI \u00c1LL\u00c1SFOGLAL\u00c1S3\/2021. A NEMZETIS\u00c9GI NYELVEN VAL\u00d3EGY\u00c9NI N\u00c9VHASZN\u00c1LATR\u00d3L(pdf) Borb\u00e9ly Anna (szerk.) Nemzetis\u00e9gi nyelvi t\u00e1jk\u00e9p Magyarorsz\u00e1gon Tanulm\u00e1nyk\u00f6tet (pdf) Album A k\u00f6vetkez\u0151kben a magyarorsz\u00e1gi nemzetis\u00e9gek nyelvi t\u00e1jk\u00e9p\u00e9nek egy r\u00e9szlet\u00e9t k\u00e9pekkel mutatjuk be. A\u00a0Nemzetis\u00e9gi nyelvi t\u00e1jk\u00e9p Magyarorsz\u00e1gon\u00a0c\u00edm\u0171 &hellip; <\/p>\n","protected":false},"author":1,"featured_media":0,"parent":0,"menu_order":0,"comment_status":"closed","ping_status":"closed","template":"","meta":{"footnotes":""},"class_list":["post-489","page","type-page","status-publish","hentry"],"jetpack_sharing_enabled":true,"_links":{"self":[{"href":"https:\/\/edulingua.net\/edupage\/wp-json\/wp\/v2\/pages\/489","targetHints":{"allow":["GET"]}}],"collection":[{"href":"https:\/\/edulingua.net\/edupage\/wp-json\/wp\/v2\/pages"}],"about":[{"href":"https:\/\/edulingua.net\/edupage\/wp-json\/wp\/v2\/types\/page"}],"author":[{"embeddable":true,"href":"https:\/\/edulingua.net\/edupage\/wp-json\/wp\/v2\/users\/1"}],"replies":[{"embeddable":true,"href":"https:\/\/edulingua.net\/edupage\/wp-json\/wp\/v2\/comments?post=489"}],"version-history":[{"count":29,"href":"https:\/\/edulingua.net\/edupage\/wp-json\/wp\/v2\/pages\/489\/revisions"}],"predecessor-version":[{"id":3807,"href":"https:\/\/edulingua.net\/edupage\/wp-json\/wp\/v2\/pages\/489\/revisions\/3807"}],"wp:attachment":[{"href":"https:\/\/edulingua.net\/edupage\/wp-json\/wp\/v2\/media?parent=489"}],"curies":[{"name":"wp","href":"https:\/\/api.w.org\/{rel}","templated":true}]}}