{"id":487,"date":"2021-03-30T14:49:29","date_gmt":"2021-03-30T14:49:29","guid":{"rendered":"http:\/\/edulingua.net\/edupage\/?page_id=487"},"modified":"2021-03-31T16:33:21","modified_gmt":"2021-03-31T16:33:21","slug":"tanari-kezikonyvek","status":"publish","type":"page","link":"https:\/\/edulingua.net\/edupage\/tanari-kezikonyvek\/","title":{"rendered":"Kutat\u00e1si h\u00e1tt\u00e9ranyagok tan\u00e1roknak"},"content":{"rendered":"","protected":false},"excerpt":{"rendered":"","protected":false},"author":1,"featured_media":0,"parent":0,"menu_order":0,"comment_status":"closed","ping_status":"closed","template":"","meta":{"footnotes":""},"class_list":["post-487","page","type-page","status-publish","hentry"],"jetpack_sharing_enabled":true,"_links":{"self":[{"href":"https:\/\/edulingua.net\/edupage\/wp-json\/wp\/v2\/pages\/487","targetHints":{"allow":["GET"]}}],"collection":[{"href":"https:\/\/edulingua.net\/edupage\/wp-json\/wp\/v2\/pages"}],"about":[{"href":"https:\/\/edulingua.net\/edupage\/wp-json\/wp\/v2\/types\/page"}],"author":[{"embeddable":true,"href":"https:\/\/edulingua.net\/edupage\/wp-json\/wp\/v2\/users\/1"}],"replies":[{"embeddable":true,"href":"https:\/\/edulingua.net\/edupage\/wp-json\/wp\/v2\/comments?post=487"}],"version-history":[{"count":3,"href":"https:\/\/edulingua.net\/edupage\/wp-json\/wp\/v2\/pages\/487\/revisions"}],"predecessor-version":[{"id":591,"href":"https:\/\/edulingua.net\/edupage\/wp-json\/wp\/v2\/pages\/487\/revisions\/591"}],"wp:attachment":[{"href":"https:\/\/edulingua.net\/edupage\/wp-json\/wp\/v2\/media?parent=487"}],"curies":[{"name":"wp","href":"https:\/\/api.w.org\/{rel}","templated":true}]}}