{"id":3906,"date":"2022-08-18T19:24:45","date_gmt":"2022-08-18T19:24:45","guid":{"rendered":"http:\/\/edulingua.net\/edupage\/?page_id=3906"},"modified":"2022-11-07T17:26:12","modified_gmt":"2022-11-07T17:26:12","slug":"meseverseny","status":"publish","type":"page","link":"https:\/\/edulingua.net\/edupage\/meseverseny\/","title":{"rendered":"Meseverseny"},"content":{"rendered":"\t\t<div data-elementor-type=\"wp-page\" data-elementor-id=\"3906\" class=\"elementor elementor-3906\" data-elementor-post-type=\"page\">\n\t\t\t\t\t\t<section class=\"elementor-section elementor-top-section elementor-element elementor-element-27aeaa6 elementor-section-boxed elementor-section-height-default elementor-section-height-default\" data-id=\"27aeaa6\" data-element_type=\"section\" data-e-type=\"section\">\n\t\t\t\t\t\t<div class=\"elementor-container elementor-column-gap-default\">\n\t\t\t\t\t<div class=\"elementor-column elementor-col-100 elementor-top-column elementor-element elementor-element-ca205bb\" data-id=\"ca205bb\" data-element_type=\"column\" data-e-type=\"column\">\n\t\t\t<div class=\"elementor-widget-wrap elementor-element-populated\">\n\t\t\t\t\t\t<div class=\"elementor-element elementor-element-a065c3f elementor-widget elementor-widget-image\" data-id=\"a065c3f\" data-element_type=\"widget\" data-e-type=\"widget\" data-widget_type=\"image.default\">\n\t\t\t\t<div class=\"elementor-widget-container\">\n\t\t\t\t\t\t\t\t\t\t\t\t\t\t\t<img fetchpriority=\"high\" decoding=\"async\" width=\"640\" height=\"131\" src=\"https:\/\/edulingua.net\/edupage\/wp-content\/uploads\/2022\/04\/erasmus-1.png\" class=\"attachment-large size-large wp-image-3837\" alt=\"\" srcset=\"https:\/\/edulingua.net\/edupage\/wp-content\/uploads\/2022\/04\/erasmus-1.png 945w, https:\/\/edulingua.net\/edupage\/wp-content\/uploads\/2022\/04\/erasmus-1-300x62.png 300w, https:\/\/edulingua.net\/edupage\/wp-content\/uploads\/2022\/04\/erasmus-1-768x158.png 768w\" sizes=\"(max-width: 640px) 100vw, 640px\" \/>\t\t\t\t\t\t\t\t\t\t\t\t\t\t\t<\/div>\n\t\t\t\t<\/div>\n\t\t\t\t\t<\/div>\n\t\t<\/div>\n\t\t\t\t\t<\/div>\n\t\t<\/section>\n\t\t\t\t<section class=\"elementor-section elementor-top-section elementor-element elementor-element-2d0b4443 elementor-section-boxed elementor-section-height-default elementor-section-height-default\" data-id=\"2d0b4443\" data-element_type=\"section\" data-e-type=\"section\">\n\t\t\t\t\t\t<div class=\"elementor-container elementor-column-gap-default\">\n\t\t\t\t\t<div class=\"elementor-column elementor-col-100 elementor-top-column elementor-element elementor-element-6ac55440\" data-id=\"6ac55440\" data-element_type=\"column\" data-e-type=\"column\">\n\t\t\t<div class=\"elementor-widget-wrap elementor-element-populated\">\n\t\t\t\t\t\t<div class=\"elementor-element elementor-element-65652a59 elementor-widget elementor-widget-text-editor\" data-id=\"65652a59\" data-element_type=\"widget\" data-e-type=\"widget\" data-widget_type=\"text-editor.default\">\n\t\t\t\t<div class=\"elementor-widget-container\">\n\t\t\t\t\t\t\t\t\t<p><\/p>\n<p class=\"has-large-font-size\"><strong>A mi mesevil\u00e1gunk <\/strong><strong>\u2013<\/strong><strong> mesep\u00e1ly\u00e1zat<\/strong><\/p>\n<p><\/p>\n<p><\/p>\n<p class=\"has-large-font-size\"><strong>Felh\u00edv\u00e1s kreat\u00edv, egy\u00e9ni vagy csoportos t\u00f6rt\u00e9netalkot\u00e1sra<\/strong><\/p>\n<p><\/p>\n<p><\/p>\n<p>A Nyelvtudom\u00e1nyi Kutat\u00f3k\u00f6zpont (NYTK NYANYI) T\u00f6bbnyelv\u0171s\u00e9gi \u00e9s Eduk\u00e1ci\u00f3s Nyelv\u00e9szeti Kutat\u00f3csoportja (TENyeK) <strong>mesealkot\u00f3 p\u00e1ly\u00e1zatot hirdet 7<\/strong><strong>\u2013<\/strong><strong>16 \u00e9ves tanul\u00f3k sz\u00e1m\u00e1ra, <em>A mi mesevil\u00e1gunk<\/em><\/strong> c\u00edmmel.<\/p>\n<p><\/p>\n<p><\/p>\n<p>A p\u00e1ly\u00e1z\u00f3kat arra k\u00e9rj\u00fck, hogy k\u00e9pzelj\u00e9k el, hogy egy mes\u00e9t, t\u00f6rt\u00e9netet kell elmondaniuk (kisebb testv\u00e9r\u00fcknek, rokonuknak, egy kisgyermeknek) \u00e9s nincs k\u00e9zn\u00e9l mesek\u00f6nyv, ez\u00e9rt maguknak kell kital\u00e1lniuk azt, vagy egy mesek\u00f6nyv, rajzfilm k\u00e9sz\u00edt\u00e9s\u00e9ben kell r\u00e9szt venni\u00fck \u00e9s ehhez a t\u00f6rt\u00e9netet meg\u00edrniuk, vagy idegeneknek szeretn\u00e9k megmutatni, hogy milyen a cig\u00e1ny mesevil\u00e1g.<\/p>\n<p><\/p>\n<p><\/p>\n<p>Tematikai megk\u00f6t\u00e9s nincs, a r\u00e9sztvev\u0151ket arra biztatjuk, hogy kreat\u00edvan mutass\u00e1k be a saj\u00e1t, otthonr\u00f3l hozott mesekincs\u00fcket, egy\u00e9ni vagy kiscsoportban sz\u00fcletett \u00f6tleteiket, a n\u00e9pszer\u0171 mesei mot\u00edvumok alkalmaz\u00e1s\u00e1val vagy teljesen \u00faj \u00f6tletek alapj\u00e1n.<\/p>\n<p><\/p>\n<p><\/p>\n<p>A p\u00e1lyam\u0171veket els\u0151sorban \u00edr\u00e1sos form\u00e1ban v\u00e1rjuk (hagyom\u00e1nyos vagy digit\u00e1lis form\u00e1tumban), de b\u00e1rmilyen technika, forma haszn\u00e1lhat\u00f3 (hangal\u00e1mond\u00e1sos, feliratozott vide\u00f3: vide\u00f3mont\u00e1zs, kisfilm, vide\u00f3s mesemond\u00e1s, dramatiz\u00e1l\u00e1s, k\u00e9preg\u00e9ny, stb.), maximum 3 oldal vagy 5 perc terjedelemben. K\u00e9rj\u00fck, hogy aki az \u00edr\u00e1sos, sz\u00f6veges bemutat\u00e1st v\u00e1lasztja, eg\u00e9sz\u00edtse ki a p\u00e1ly\u00e1zat\u00e1t valamilyen saj\u00e1t k\u00e9sz\u00edt\u00e9s\u0171 digit\u00e1lis (vagy ak\u00e1r beszkennelt) k\u00e9ppel, fot\u00f3val, rajzzal, plak\u00e1ttal. Aki vide\u00f3t (kisfilmet) ny\u00fajt be, eg\u00e9sz\u00edtse ki p\u00e1ly\u00e1zat\u00e1t a mese, t\u00f6rt\u00e9net sz\u00f6veges v\u00e1ltozat\u00e1val is. Az elektronikusan k\u00fcld\u00f6tt p\u00e1ly\u00e1zatok eset\u00e9ben a k\u00e9pi elemeket j\u00f3 felbont\u00e1sban (300 DPI) k\u00e9rj\u00fck elk\u00fcldeni. A p\u00e1ly\u00e1zat nyelve szabadon v\u00e1laszthat\u00f3: az otthon haszn\u00e1lt romani nyelv, vagy magyar, vagy vegyesen.<\/p>\n<p><\/p>\n<p><\/p>\n<p>A p\u00e1ly\u00e1z\u00f3k k\u00e9t korcsoport-kateg\u00f3ri\u00e1ban indulhatnak: 7\u201311 \u00e9vesek (als\u00f3 tagozat) \u00e9s 11\u201316 \u00e9vesek (fels\u0151 tagozat). Egy\u00e9ni \u00e9s csoportos alkot\u00e1ssal is lehet jelentkezni.<\/p>\n<p><\/p>\n<p><\/p>\n<p>A p\u00e1lyam\u0171vek beny\u00fajt\u00e1sa t\u00f6rt\u00e9nhet: a kutat\u00f3csoport r\u00e9sz\u00e9re k\u00fcld\u00f6tt e-mailben a <a href=\"mailto:mimesevilagunkpalyazat@gmail.com\">mimesevilagunkpalyazat@gmail.com<\/a> c\u00edmre, vagy szem\u00e9lyesen \u00e1tadva pedag\u00f3gusoknak a helyi int\u00e9zm\u00e9nyben, aki eljuttatja a NYTK NYANYI T\u00f6bbnyelv\u0171s\u00e9gi \u00e9s Eduk\u00e1ci\u00f3s Nyelv\u00e9szeti Kutat\u00f3csoportj\u00e1nak szem\u00e9lyesen vagy post\u00e1n (1068 Budapest, Bencz\u00far u. 33. fsz. 16.).<\/p>\n<p><\/p>\n<p><\/p>\n<p><strong>A p\u00e1ly\u00e1zat be\u00e9rkez\u00e9si hat\u00e1rideje: 2022. november 30.<\/strong><\/p>\n<p><\/p>\n<p><\/p>\n<p>A p\u00e1ly\u00e1zathoz k\u00e9rj\u00fck kit\u00f6lteni \u00e9s csatolni a Jelentkez\u00e9si lapot, amely let\u00f6lthet\u0151 itt: <a href=\"https:\/\/edulingua.net\/edupage\/meseverseny\/\" target=\"_blank\" rel=\"noreferrer noopener\">https:\/\/edulingua.net\/edupage\/hu\/meseverseny\/<\/a>. A Jelentkez\u00e9si lap n\u00e9lk\u00fcl a p\u00e1ly\u00e1zatot nem \u00e1ll m\u00f3dunkban elfogadni. A be\u00e9rkezett munk\u00e1kat kateg\u00f3ri\u00e1nk\u00e9nt szakmai zs\u0171ri \u00e9rt\u00e9keli. A nyertesek \u00e9rt\u00e9kes jutalomban r\u00e9szes\u00fclnek. Az eredm\u00e9nyhirdet\u00e9s \u00e9s az ahhoz kapcsol\u00f3d\u00f3 rendezv\u00e9ny r\u00e9szleteir\u0151l 2022. december elej\u00e9n e-mailben fognak \u00e9rtes\u00fclni. A nyertes alkot\u00e1sok ki\u00e1ll\u00edt\u00e1sra ker\u00fclnek a TENyeK Erasmus honlapj\u00e1n (sz\u00fcl\u0151i beleegyez\u00e9ssel).<\/p>\n<p><\/p>\n<p><\/p>\n<p>A p\u00e1ly\u00e1zat az <em>Erasmus +: Romani Digit\u00e1lis Tud\u00e1st\u00e9r: Innovat\u00edv romani\u2013magyar digit\u00e1lis oktat\u00e1si-kultur\u00e1lis kompetenciafejleszt\u00e9s \u00e9s seg\u00e9danyag-csomag l\u00e9trehoz\u00e1sa region\u00e1lis modellek alkalmaz\u00e1s\u00e1val<\/em> (2020-1-HU01-KA226-SCH-094146) c\u00edm\u0171 projekt p\u00e1ly\u00e1zatak\u00e9nt val\u00f3sul meg.<\/p>\n<p><\/p>\n<p><\/p>\n<p>A projektet az Eur\u00f3pai Bizotts\u00e1g t\u00e1mogatta. A kiadv\u00e1nyban (k\u00f6zlem\u00e9nyben) megjelentek nem sz\u00fcks\u00e9gszer\u0171en t\u00fckr\u00f6zik az Eur\u00f3pai Bizotts\u00e1g n\u00e9zeteit.<\/p>\n<p><\/p>\t\t\t\t\t\t\t\t<\/div>\n\t\t\t\t<\/div>\n\t\t\t\t\t<\/div>\n\t\t<\/div>\n\t\t\t\t\t<\/div>\n\t\t<\/section>\n\t\t\t\t<section class=\"elementor-section elementor-top-section elementor-element elementor-element-b48cc26 elementor-section-boxed elementor-section-height-default elementor-section-height-default\" data-id=\"b48cc26\" data-element_type=\"section\" data-e-type=\"section\">\n\t\t\t\t\t\t<div class=\"elementor-container elementor-column-gap-default\">\n\t\t\t\t\t<div class=\"elementor-column elementor-col-100 elementor-top-column elementor-element elementor-element-ca9ee70\" data-id=\"ca9ee70\" data-element_type=\"column\" data-e-type=\"column\">\n\t\t\t<div class=\"elementor-widget-wrap elementor-element-populated\">\n\t\t\t\t\t\t<div class=\"elementor-element elementor-element-2d4a40a elementor-view-stacked elementor-shape-circle elementor-widget elementor-widget-icon\" data-id=\"2d4a40a\" data-element_type=\"widget\" data-e-type=\"widget\" data-widget_type=\"icon.default\">\n\t\t\t\t<div class=\"elementor-widget-container\">\n\t\t\t\t\t\t\t<div class=\"elementor-icon-wrapper\">\n\t\t\t<a class=\"elementor-icon\" href=\"http:\/\/edulingua.net\/document\/tenyek_meseverseny_kiiras_2022.pdf\">\n\t\t\t<i aria-hidden=\"true\" class=\"fas fa-file-pdf\"><\/i>\t\t\t<\/a>\n\t\t<\/div>\n\t\t\t\t\t\t<\/div>\n\t\t\t\t<\/div>\n\t\t\t\t\t<\/div>\n\t\t<\/div>\n\t\t\t\t\t<\/div>\n\t\t<\/section>\n\t\t\t\t<section class=\"elementor-section elementor-top-section elementor-element elementor-element-d525906 elementor-section-boxed elementor-section-height-default elementor-section-height-default\" data-id=\"d525906\" data-element_type=\"section\" data-e-type=\"section\">\n\t\t\t\t\t\t<div class=\"elementor-container elementor-column-gap-default\">\n\t\t\t\t\t<div class=\"elementor-column elementor-col-100 elementor-top-column elementor-element elementor-element-a11c9c9\" data-id=\"a11c9c9\" data-element_type=\"column\" data-e-type=\"column\">\n\t\t\t<div class=\"elementor-widget-wrap elementor-element-populated\">\n\t\t\t\t\t\t<div class=\"elementor-element elementor-element-123ef9d elementor-widget elementor-widget-heading\" data-id=\"123ef9d\" data-element_type=\"widget\" data-e-type=\"widget\" data-widget_type=\"heading.default\">\n\t\t\t\t<div class=\"elementor-widget-container\">\n\t\t\t\t\t<h3 class=\"elementor-heading-title elementor-size-default\"><a href=\"http:\/\/edulingua.net\/document\/tenyek_meseverseny_kiiras_2022.pdf\"><p align=\"center\" style=\"margin-bottom: 0.0001pt\"><b><i><span style=\"font-size:16.0pt;line-height:107%;,sans-serif\">Mesep\u00e1ly\u00e1zat ki\u00edr\u00e1s <\/span><\/i><\/b><span style=\"font-family: var( --e-global-typography-primary-font-family ), Sans-serif;font-weight: var( --e-global-typography-primary-font-weight )\">(pdf)<\/span><span style=\"font-family: var( --e-global-typography-primary-font-family ), Sans-serif;font-weight: var( --e-global-typography-primary-font-weight )\"><\/span><\/p><\/a><\/h3>\t\t\t\t<\/div>\n\t\t\t\t<\/div>\n\t\t\t\t\t<\/div>\n\t\t<\/div>\n\t\t\t\t\t<\/div>\n\t\t<\/section>\n\t\t\t\t<section class=\"elementor-section elementor-top-section elementor-element elementor-element-0c2117c elementor-section-boxed elementor-section-height-default elementor-section-height-default\" data-id=\"0c2117c\" data-element_type=\"section\" data-e-type=\"section\">\n\t\t\t\t\t\t<div class=\"elementor-container elementor-column-gap-default\">\n\t\t\t\t\t<div class=\"elementor-column elementor-col-100 elementor-top-column elementor-element elementor-element-958e41b\" data-id=\"958e41b\" data-element_type=\"column\" data-e-type=\"column\">\n\t\t\t<div class=\"elementor-widget-wrap elementor-element-populated\">\n\t\t\t\t\t\t<div class=\"elementor-element elementor-element-6a8a31e elementor-view-stacked elementor-shape-circle elementor-widget elementor-widget-icon\" data-id=\"6a8a31e\" data-element_type=\"widget\" data-e-type=\"widget\" data-widget_type=\"icon.default\">\n\t\t\t\t<div class=\"elementor-widget-container\">\n\t\t\t\t\t\t\t<div class=\"elementor-icon-wrapper\">\n\t\t\t<a class=\"elementor-icon\" href=\"http:\/\/edulingua.net\/document\/meseverseny%20jelentkezesi%20lap.pdf\">\n\t\t\t<i aria-hidden=\"true\" class=\"fas fa-file-pdf\"><\/i>\t\t\t<\/a>\n\t\t<\/div>\n\t\t\t\t\t\t<\/div>\n\t\t\t\t<\/div>\n\t\t\t\t\t<\/div>\n\t\t<\/div>\n\t\t\t\t\t<\/div>\n\t\t<\/section>\n\t\t\t\t<section class=\"elementor-section elementor-top-section elementor-element elementor-element-12d3ed9 elementor-section-boxed elementor-section-height-default elementor-section-height-default\" data-id=\"12d3ed9\" data-element_type=\"section\" data-e-type=\"section\">\n\t\t\t\t\t\t<div class=\"elementor-container elementor-column-gap-default\">\n\t\t\t\t\t<div class=\"elementor-column elementor-col-100 elementor-top-column elementor-element elementor-element-a8227eb\" data-id=\"a8227eb\" data-element_type=\"column\" data-e-type=\"column\">\n\t\t\t<div class=\"elementor-widget-wrap elementor-element-populated\">\n\t\t\t\t\t\t<div class=\"elementor-element elementor-element-0f02b36 elementor-widget elementor-widget-heading\" data-id=\"0f02b36\" data-element_type=\"widget\" data-e-type=\"widget\" data-widget_type=\"heading.default\">\n\t\t\t\t<div class=\"elementor-widget-container\">\n\t\t\t\t\t<h3 class=\"elementor-heading-title elementor-size-default\"><a href=\"http:\/\/edulingua.net\/document\/meseverseny%20jelentkezesi%20lap.pdf\"><p align=\"center\" style=\"margin-bottom: 0.0001pt\"><b><i><span style=\"font-size:16.0pt;line-height:107%;,sans-serif\">Jelentkez\u00e9si lap <\/span><\/i><\/b><span style=\"font-family: var( --e-global-typography-primary-font-family ), Sans-serif;font-weight: var( --e-global-typography-primary-font-weight )\">(pdf)<\/span><span style=\"font-family: var( --e-global-typography-primary-font-family ), Sans-serif;font-weight: var( --e-global-typography-primary-font-weight )\"><\/span><\/p><\/a><\/h3>\t\t\t\t<\/div>\n\t\t\t\t<\/div>\n\t\t\t\t\t<\/div>\n\t\t<\/div>\n\t\t\t\t\t<\/div>\n\t\t<\/section>\n\t\t\t\t<\/div>\n\t\t","protected":false},"excerpt":{"rendered":"<p>A mi mesevil\u00e1gunk \u2013 mesep\u00e1ly\u00e1zat Felh\u00edv\u00e1s kreat\u00edv, egy\u00e9ni vagy csoportos t\u00f6rt\u00e9netalkot\u00e1sra A Nyelvtudom\u00e1nyi Kutat\u00f3k\u00f6zpont (NYTK NYANYI) T\u00f6bbnyelv\u0171s\u00e9gi \u00e9s Eduk\u00e1ci\u00f3s Nyelv\u00e9szeti Kutat\u00f3csoportja (TENyeK) mesealkot\u00f3 p\u00e1ly\u00e1zatot hirdet 7\u201316 \u00e9ves tanul\u00f3k sz\u00e1m\u00e1ra, A mi mesevil\u00e1gunk c\u00edmmel. A p\u00e1ly\u00e1z\u00f3kat arra k\u00e9rj\u00fck, hogy k\u00e9pzelj\u00e9k el, &hellip; <\/p>\n","protected":false},"author":1,"featured_media":0,"parent":0,"menu_order":0,"comment_status":"closed","ping_status":"closed","template":"","meta":{"footnotes":""},"class_list":["post-3906","page","type-page","status-publish","hentry"],"jetpack_sharing_enabled":true,"_links":{"self":[{"href":"https:\/\/edulingua.net\/edupage\/wp-json\/wp\/v2\/pages\/3906","targetHints":{"allow":["GET"]}}],"collection":[{"href":"https:\/\/edulingua.net\/edupage\/wp-json\/wp\/v2\/pages"}],"about":[{"href":"https:\/\/edulingua.net\/edupage\/wp-json\/wp\/v2\/types\/page"}],"author":[{"embeddable":true,"href":"https:\/\/edulingua.net\/edupage\/wp-json\/wp\/v2\/users\/1"}],"replies":[{"embeddable":true,"href":"https:\/\/edulingua.net\/edupage\/wp-json\/wp\/v2\/comments?post=3906"}],"version-history":[{"count":23,"href":"https:\/\/edulingua.net\/edupage\/wp-json\/wp\/v2\/pages\/3906\/revisions"}],"predecessor-version":[{"id":3974,"href":"https:\/\/edulingua.net\/edupage\/wp-json\/wp\/v2\/pages\/3906\/revisions\/3974"}],"wp:attachment":[{"href":"https:\/\/edulingua.net\/edupage\/wp-json\/wp\/v2\/media?parent=3906"}],"curies":[{"name":"wp","href":"https:\/\/api.w.org\/{rel}","templated":true}]}}