{"id":3734,"date":"2021-09-17T13:18:55","date_gmt":"2021-09-17T13:18:55","guid":{"rendered":"http:\/\/edulingua.net\/edupage\/?page_id=3734"},"modified":"2021-09-18T06:06:10","modified_gmt":"2021-09-18T06:06:10","slug":"kuldje-el-velemenyet3","status":"publish","type":"page","link":"https:\/\/edulingua.net\/edupage\/kuldje-el-velemenyet3\/","title":{"rendered":"K\u00fcldje el v\u00e9lem\u00e9ny\u00e9t!"},"content":{"rendered":"\t\t<div data-elementor-type=\"wp-page\" data-elementor-id=\"3734\" class=\"elementor elementor-3734\" data-elementor-post-type=\"page\">\n\t\t\t\t\t\t<section class=\"elementor-section elementor-top-section elementor-element elementor-element-8413691 elementor-section-boxed elementor-section-height-default elementor-section-height-default\" data-id=\"8413691\" data-element_type=\"section\" data-e-type=\"section\">\n\t\t\t\t\t\t<div class=\"elementor-container elementor-column-gap-default\">\n\t\t\t\t\t<div class=\"elementor-column elementor-col-100 elementor-top-column elementor-element elementor-element-8dc1f20\" data-id=\"8dc1f20\" data-element_type=\"column\" data-e-type=\"column\">\n\t\t\t<div class=\"elementor-widget-wrap elementor-element-populated\">\n\t\t\t\t\t\t<div class=\"elementor-element elementor-element-e038b5d elementor-widget elementor-widget-text-editor\" data-id=\"e038b5d\" data-element_type=\"widget\" data-e-type=\"widget\" data-widget_type=\"text-editor.default\">\n\t\t\t\t<div class=\"elementor-widget-container\">\n\t\t\t\t\t\t\t\t\t<h3><strong>Kedves L\u00e1togat\u00f3!<\/strong><\/h3><h5><strong>A honlap tov\u00e1bbi fejleszt\u00e9s\u00e9hez fontos sz\u00e1munkra a nyelvhaszn\u00e1l\u00f3k visszajelz\u00e9se, v\u00e9lem\u00e9nye.\u00a0<\/strong><\/h5><h5><strong>Mi a v\u00e9lem\u00e9nye az oldalon megtal\u00e1lha\u00f3 c<\/strong><b>ig\u00e1ny (romani)<\/b><strong>\u00a0r\u00e9szletekr\u0151l? Tetszik? Nem tetszik?\u00a0<\/strong><\/h5><h5><strong>\u00d6n is \u00edgy haszn\u00e1lja? Vagy m\u00e1sik kifejez\u00e9st\/sz\u00f3t haszn\u00e1l?\u00a0\u00a0<\/strong><\/h5><h5><strong>K\u00e9rj\u00fck, k\u00fcldje el nek\u00fcnk a v\u00e9lem\u00e9ny\u00e9t, javaslat\u00e1t, b\u00e1rmelyik itteni sz\u00f3t\u00e1ri anyaggal, ford\u00edt\u00e1ssal vagy oktat\u00e1si kifejez\u00e9ssel stb. kapcsolatban!<\/strong><\/h5><h5><strong>\u00cdrja meg v\u00e9lem\u00e9ny\u00e9t sz\u00e1munkra priv\u00e1t \u00fczenetben, vagy vitassa meg a csoporttagokkal, a csoportban k\u00f6zz\u00e9tett poszt form\u00e1j\u00e1ban! <\/strong><\/h5><h5><strong>K\u00f6sz\u00f6nj\u00fck!<\/strong><\/h5><p>A Nyelvtudom\u00e1nyi Kutat\u00f3k\u00f6zpont Nyelvtechnol\u00f3giai \u00e9s Alkalmazott Nyelv\u00e9szeti Int\u00e9zet\u00e9nek T\u00f6bbnyelv\u0171s\u00e9gi \u00e9s Eduk\u00e1ci\u00f3s Nyelv\u00e9szeti Kutat\u00f3csoportja<\/p>\t\t\t\t\t\t\t\t<\/div>\n\t\t\t\t<\/div>\n\t\t\t\t\t<\/div>\n\t\t<\/div>\n\t\t\t\t\t<\/div>\n\t\t<\/section>\n\t\t\t\t<section class=\"elementor-section elementor-top-section elementor-element elementor-element-a1f43f0 elementor-section-boxed elementor-section-height-default elementor-section-height-default\" data-id=\"a1f43f0\" data-element_type=\"section\" data-e-type=\"section\">\n\t\t\t\t\t\t<div class=\"elementor-container elementor-column-gap-default\">\n\t\t\t\t\t<div class=\"elementor-column elementor-col-100 elementor-top-column elementor-element elementor-element-e2d4b70\" data-id=\"e2d4b70\" data-element_type=\"column\" data-e-type=\"column\">\n\t\t\t<div class=\"elementor-widget-wrap\">\n\t\t\t\t\t\t\t<\/div>\n\t\t<\/div>\n\t\t\t\t\t<\/div>\n\t\t<\/section>\n\t\t\t\t<section class=\"elementor-section elementor-top-section elementor-element elementor-element-5bfde17 elementor-section-boxed elementor-section-height-default elementor-section-height-default\" data-id=\"5bfde17\" data-element_type=\"section\" data-e-type=\"section\">\n\t\t\t\t\t\t<div class=\"elementor-container elementor-column-gap-default\">\n\t\t\t\t\t<div class=\"elementor-column elementor-col-100 elementor-top-column elementor-element elementor-element-b6667ab\" data-id=\"b6667ab\" data-element_type=\"column\" data-e-type=\"column\">\n\t\t\t<div class=\"elementor-widget-wrap elementor-element-populated\">\n\t\t\t\t\t\t<div class=\"elementor-element elementor-element-e817e00 elementor-widget elementor-widget-text-editor\" data-id=\"e817e00\" data-element_type=\"widget\" data-e-type=\"widget\" data-widget_type=\"text-editor.default\">\n\t\t\t\t<div class=\"elementor-widget-container\">\n\t\t\t\t\t\t\t\t\t<h2><strong>\u00c9szrev\u00e9teleit, v\u00e9lem\u00e9nyeit a facebook csoportunkban is megoszthatja.\u00a0<\/strong><\/h2>\t\t\t\t\t\t\t\t<\/div>\n\t\t\t\t<\/div>\n\t\t\t\t\t<\/div>\n\t\t<\/div>\n\t\t\t\t\t<\/div>\n\t\t<\/section>\n\t\t\t\t<section class=\"elementor-section elementor-top-section elementor-element elementor-element-ecdb186 elementor-section-boxed elementor-section-height-default elementor-section-height-default\" data-id=\"ecdb186\" data-element_type=\"section\" data-e-type=\"section\">\n\t\t\t\t\t\t<div class=\"elementor-container elementor-column-gap-default\">\n\t\t\t\t\t<div class=\"elementor-column elementor-col-100 elementor-top-column elementor-element elementor-element-814af73\" data-id=\"814af73\" data-element_type=\"column\" data-e-type=\"column\">\n\t\t\t<div class=\"elementor-widget-wrap elementor-element-populated\">\n\t\t\t\t\t\t<div class=\"elementor-element elementor-element-2397dea elementor-align-center elementor-widget elementor-widget-button\" data-id=\"2397dea\" data-element_type=\"widget\" data-e-type=\"widget\" data-widget_type=\"button.default\">\n\t\t\t\t<div class=\"elementor-widget-container\">\n\t\t\t\t\t\t\t\t\t<div class=\"elementor-button-wrapper\">\n\t\t\t\t\t<a class=\"elementor-button elementor-button-link elementor-size-sm\" href=\"https:\/\/www.facebook.com\/groups\/914760975807929\/\">\n\t\t\t\t\t\t<span class=\"elementor-button-content-wrapper\">\n\t\t\t\t\t\t\t\t\t<span class=\"elementor-button-text\">Cig\u00e1ny (romani) oktat\u00e1si sz\u00f3kincs v\u00e9lem\u00e9nyez\u00e9s<\/span>\n\t\t\t\t\t<\/span>\n\t\t\t\t\t<\/a>\n\t\t\t\t<\/div>\n\t\t\t\t\t\t\t\t<\/div>\n\t\t\t\t<\/div>\n\t\t\t\t\t<\/div>\n\t\t<\/div>\n\t\t\t\t\t<\/div>\n\t\t<\/section>\n\t\t\t\t<\/div>\n\t\t","protected":false},"excerpt":{"rendered":"<p>Kedves L\u00e1togat\u00f3! A honlap tov\u00e1bbi fejleszt\u00e9s\u00e9hez fontos sz\u00e1munkra a nyelvhaszn\u00e1l\u00f3k visszajelz\u00e9se, v\u00e9lem\u00e9nye.\u00a0 Mi a v\u00e9lem\u00e9nye az oldalon megtal\u00e1lha\u00f3 cig\u00e1ny (romani)\u00a0r\u00e9szletekr\u0151l? Tetszik? Nem tetszik?\u00a0 \u00d6n is \u00edgy haszn\u00e1lja? Vagy m\u00e1sik kifejez\u00e9st\/sz\u00f3t haszn\u00e1l?\u00a0\u00a0 K\u00e9rj\u00fck, k\u00fcldje el nek\u00fcnk a v\u00e9lem\u00e9ny\u00e9t, javaslat\u00e1t, b\u00e1rmelyik itteni &hellip; <\/p>\n","protected":false},"author":1,"featured_media":0,"parent":0,"menu_order":0,"comment_status":"closed","ping_status":"closed","template":"","meta":{"footnotes":""},"class_list":["post-3734","page","type-page","status-publish","hentry"],"jetpack_sharing_enabled":true,"_links":{"self":[{"href":"https:\/\/edulingua.net\/edupage\/wp-json\/wp\/v2\/pages\/3734","targetHints":{"allow":["GET"]}}],"collection":[{"href":"https:\/\/edulingua.net\/edupage\/wp-json\/wp\/v2\/pages"}],"about":[{"href":"https:\/\/edulingua.net\/edupage\/wp-json\/wp\/v2\/types\/page"}],"author":[{"embeddable":true,"href":"https:\/\/edulingua.net\/edupage\/wp-json\/wp\/v2\/users\/1"}],"replies":[{"embeddable":true,"href":"https:\/\/edulingua.net\/edupage\/wp-json\/wp\/v2\/comments?post=3734"}],"version-history":[{"count":18,"href":"https:\/\/edulingua.net\/edupage\/wp-json\/wp\/v2\/pages\/3734\/revisions"}],"predecessor-version":[{"id":3770,"href":"https:\/\/edulingua.net\/edupage\/wp-json\/wp\/v2\/pages\/3734\/revisions\/3770"}],"wp:attachment":[{"href":"https:\/\/edulingua.net\/edupage\/wp-json\/wp\/v2\/media?parent=3734"}],"curies":[{"name":"wp","href":"https:\/\/api.w.org\/{rel}","templated":true}]}}