{"id":3638,"date":"2021-08-26T18:48:29","date_gmt":"2021-08-26T18:48:29","guid":{"rendered":"http:\/\/edulingua.net\/edupage\/?page_id=3638"},"modified":"2021-08-26T19:02:15","modified_gmt":"2021-08-26T19:02:15","slug":"leiras","status":"publish","type":"page","link":"https:\/\/edulingua.net\/edupage\/leiras\/","title":{"rendered":"Inform\u00e1ci\u00f3 \u00e9s le\u00edr\u00e1s"},"content":{"rendered":"\t\t<div data-elementor-type=\"wp-page\" data-elementor-id=\"3638\" class=\"elementor elementor-3638\" data-elementor-post-type=\"page\">\n\t\t\t\t\t\t<section class=\"elementor-section elementor-top-section elementor-element elementor-element-ac81693 elementor-section-boxed elementor-section-height-default elementor-section-height-default\" data-id=\"ac81693\" data-element_type=\"section\" data-e-type=\"section\">\n\t\t\t\t\t\t<div class=\"elementor-container elementor-column-gap-default\">\n\t\t\t\t\t<div class=\"elementor-column elementor-col-100 elementor-top-column elementor-element elementor-element-3aac5b4\" data-id=\"3aac5b4\" data-element_type=\"column\" data-e-type=\"column\">\n\t\t\t<div class=\"elementor-widget-wrap elementor-element-populated\">\n\t\t\t\t\t\t<div class=\"elementor-element elementor-element-09bcf53 elementor-widget elementor-widget-heading\" data-id=\"09bcf53\" data-element_type=\"widget\" data-e-type=\"widget\" data-widget_type=\"heading.default\">\n\t\t\t\t<div class=\"elementor-widget-container\">\n\t\t\t\t\t<h2 class=\"elementor-heading-title elementor-size-default\">Inform\u00e1ci\u00f3 \u00e9s le\u00edr\u00e1s: Bartha Csilla\u2013T\u00f3th Etelka\u2013T\u00f3th Tibor (2021) A magyar jelnyelvi \u2013 magyar nyelvi multimod\u00e1lis oktat\u00e1si sz\u00f3t\u00e1ri \u00e9s e-learning fejleszt\u00e9s c\u00edm\u0171 dokumentum<\/h2>\t\t\t\t<\/div>\n\t\t\t\t<\/div>\n\t\t\t\t\t<\/div>\n\t\t<\/div>\n\t\t\t\t\t<\/div>\n\t\t<\/section>\n\t\t\t\t<section class=\"elementor-section elementor-top-section elementor-element elementor-element-3315d60 elementor-section-boxed elementor-section-height-default elementor-section-height-default\" data-id=\"3315d60\" data-element_type=\"section\" data-e-type=\"section\">\n\t\t\t\t\t\t<div class=\"elementor-container elementor-column-gap-default\">\n\t\t\t\t\t<div class=\"elementor-column elementor-col-100 elementor-top-column elementor-element elementor-element-33a6e28\" data-id=\"33a6e28\" data-element_type=\"column\" data-e-type=\"column\">\n\t\t\t<div class=\"elementor-widget-wrap elementor-element-populated\">\n\t\t\t\t\t\t<div class=\"elementor-element elementor-element-8c3e1b5 elementor-view-stacked elementor-shape-circle elementor-widget elementor-widget-icon\" data-id=\"8c3e1b5\" data-element_type=\"widget\" data-e-type=\"widget\" data-widget_type=\"icon.default\">\n\t\t\t\t<div class=\"elementor-widget-container\">\n\t\t\t\t\t\t\t<div class=\"elementor-icon-wrapper\">\n\t\t\t<a class=\"elementor-icon\" href=\"http:\/\/edulingua.net\/document\/BCS_TE_Sz%C3%B3t%C3%A1r%20-E-learning%20-%20fejleszt%C3%A9s_2021.pdf\">\n\t\t\t<i aria-hidden=\"true\" class=\"fas fa-file-pdf\"><\/i>\t\t\t<\/a>\n\t\t<\/div>\n\t\t\t\t\t\t<\/div>\n\t\t\t\t<\/div>\n\t\t\t\t\t<\/div>\n\t\t<\/div>\n\t\t\t\t\t<\/div>\n\t\t<\/section>\n\t\t\t\t<\/div>\n\t\t","protected":false},"excerpt":{"rendered":"<p>Inform\u00e1ci\u00f3 \u00e9s le\u00edr\u00e1s: Bartha Csilla\u2013T\u00f3th Etelka\u2013T\u00f3th Tibor (2021) A magyar jelnyelvi \u2013 magyar nyelvi multimod\u00e1lis oktat\u00e1si sz\u00f3t\u00e1ri \u00e9s e-learning fejleszt\u00e9s c\u00edm\u0171 dokumentum<\/p>\n","protected":false},"author":1,"featured_media":0,"parent":0,"menu_order":0,"comment_status":"closed","ping_status":"closed","template":"","meta":{"footnotes":""},"class_list":["post-3638","page","type-page","status-publish","hentry"],"jetpack_sharing_enabled":true,"_links":{"self":[{"href":"https:\/\/edulingua.net\/edupage\/wp-json\/wp\/v2\/pages\/3638","targetHints":{"allow":["GET"]}}],"collection":[{"href":"https:\/\/edulingua.net\/edupage\/wp-json\/wp\/v2\/pages"}],"about":[{"href":"https:\/\/edulingua.net\/edupage\/wp-json\/wp\/v2\/types\/page"}],"author":[{"embeddable":true,"href":"https:\/\/edulingua.net\/edupage\/wp-json\/wp\/v2\/users\/1"}],"replies":[{"embeddable":true,"href":"https:\/\/edulingua.net\/edupage\/wp-json\/wp\/v2\/comments?post=3638"}],"version-history":[{"count":8,"href":"https:\/\/edulingua.net\/edupage\/wp-json\/wp\/v2\/pages\/3638\/revisions"}],"predecessor-version":[{"id":3647,"href":"https:\/\/edulingua.net\/edupage\/wp-json\/wp\/v2\/pages\/3638\/revisions\/3647"}],"wp:attachment":[{"href":"https:\/\/edulingua.net\/edupage\/wp-json\/wp\/v2\/media?parent=3638"}],"curies":[{"name":"wp","href":"https:\/\/api.w.org\/{rel}","templated":true}]}}