{"id":3506,"date":"2021-06-18T17:27:27","date_gmt":"2021-06-18T17:27:27","guid":{"rendered":"http:\/\/edulingua.net\/edupage\/?page_id=3506"},"modified":"2022-03-28T13:10:37","modified_gmt":"2022-03-28T13:10:37","slug":"partnertalalkozok","status":"publish","type":"page","link":"https:\/\/edulingua.net\/edupage\/partnertalalkozok\/","title":{"rendered":"Partnertal\u00e1lkoz\u00f3k"},"content":{"rendered":"\t\t<div data-elementor-type=\"wp-page\" data-elementor-id=\"3506\" class=\"elementor elementor-3506\" data-elementor-post-type=\"page\">\n\t\t\t\t\t\t<section class=\"elementor-section elementor-top-section elementor-element elementor-element-d0f7eda elementor-section-boxed elementor-section-height-default elementor-section-height-default\" data-id=\"d0f7eda\" data-element_type=\"section\" data-e-type=\"section\">\n\t\t\t\t\t\t<div class=\"elementor-container elementor-column-gap-default\">\n\t\t\t\t\t<div class=\"elementor-column elementor-col-50 elementor-top-column elementor-element elementor-element-3ad5985\" data-id=\"3ad5985\" data-element_type=\"column\" data-e-type=\"column\">\n\t\t\t<div class=\"elementor-widget-wrap elementor-element-populated\">\n\t\t\t\t\t\t<div class=\"elementor-element elementor-element-700e77f elementor-widget elementor-widget-image\" data-id=\"700e77f\" data-element_type=\"widget\" data-e-type=\"widget\" data-widget_type=\"image.default\">\n\t\t\t\t<div class=\"elementor-widget-container\">\n\t\t\t\t\t\t\t\t\t\t\t\t\t\t\t<img decoding=\"async\" width=\"477\" height=\"89\" src=\"https:\/\/edulingua.net\/edupage\/wp-content\/uploads\/2021\/06\/p_logo_1.png\" class=\"attachment-large size-large wp-image-3509\" alt=\"\" srcset=\"https:\/\/edulingua.net\/edupage\/wp-content\/uploads\/2021\/06\/p_logo_1.png 477w, https:\/\/edulingua.net\/edupage\/wp-content\/uploads\/2021\/06\/p_logo_1-300x56.png 300w\" sizes=\"(max-width: 477px) 100vw, 477px\" \/>\t\t\t\t\t\t\t\t\t\t\t\t\t\t\t<\/div>\n\t\t\t\t<\/div>\n\t\t\t\t\t<\/div>\n\t\t<\/div>\n\t\t\t\t<div class=\"elementor-column elementor-col-50 elementor-top-column elementor-element elementor-element-be1882c\" data-id=\"be1882c\" data-element_type=\"column\" data-e-type=\"column\">\n\t\t\t<div class=\"elementor-widget-wrap elementor-element-populated\">\n\t\t\t\t\t\t<div class=\"elementor-element elementor-element-58d04b6 elementor-widget elementor-widget-image\" data-id=\"58d04b6\" data-element_type=\"widget\" data-e-type=\"widget\" data-widget_type=\"image.default\">\n\t\t\t\t<div class=\"elementor-widget-container\">\n\t\t\t\t\t\t\t\t\t\t\t\t\t\t\t<img decoding=\"async\" width=\"386\" height=\"89\" src=\"https:\/\/edulingua.net\/edupage\/wp-content\/uploads\/2021\/06\/p_logo_2.png\" class=\"attachment-large size-large wp-image-3510\" alt=\"\" srcset=\"https:\/\/edulingua.net\/edupage\/wp-content\/uploads\/2021\/06\/p_logo_2.png 386w, https:\/\/edulingua.net\/edupage\/wp-content\/uploads\/2021\/06\/p_logo_2-300x69.png 300w\" sizes=\"(max-width: 386px) 100vw, 386px\" \/>\t\t\t\t\t\t\t\t\t\t\t\t\t\t\t<\/div>\n\t\t\t\t<\/div>\n\t\t\t\t\t<\/div>\n\t\t<\/div>\n\t\t\t\t\t<\/div>\n\t\t<\/section>\n\t\t\t\t<section class=\"elementor-section elementor-top-section elementor-element elementor-element-1d3f1a7 elementor-section-boxed elementor-section-height-default elementor-section-height-default\" data-id=\"1d3f1a7\" data-element_type=\"section\" data-e-type=\"section\">\n\t\t\t\t\t\t<div class=\"elementor-container elementor-column-gap-default\">\n\t\t\t\t\t<div class=\"elementor-column elementor-col-100 elementor-top-column elementor-element elementor-element-b98de00\" data-id=\"b98de00\" data-element_type=\"column\" data-e-type=\"column\">\n\t\t\t<div class=\"elementor-widget-wrap elementor-element-populated\">\n\t\t\t\t\t\t<div class=\"elementor-element elementor-element-426892b elementor-widget elementor-widget-image\" data-id=\"426892b\" data-element_type=\"widget\" data-e-type=\"widget\" data-widget_type=\"image.default\">\n\t\t\t\t<div class=\"elementor-widget-container\">\n\t\t\t\t\t\t\t\t\t\t\t\t\t\t\t<img fetchpriority=\"high\" decoding=\"async\" width=\"458\" height=\"118\" src=\"https:\/\/edulingua.net\/edupage\/wp-content\/uploads\/2021\/06\/p_logo_3.png\" class=\"attachment-large size-large wp-image-3511\" alt=\"\" srcset=\"https:\/\/edulingua.net\/edupage\/wp-content\/uploads\/2021\/06\/p_logo_3.png 458w, https:\/\/edulingua.net\/edupage\/wp-content\/uploads\/2021\/06\/p_logo_3-300x77.png 300w\" sizes=\"(max-width: 458px) 100vw, 458px\" \/>\t\t\t\t\t\t\t\t\t\t\t\t\t\t\t<\/div>\n\t\t\t\t<\/div>\n\t\t\t\t\t<\/div>\n\t\t<\/div>\n\t\t\t\t\t<\/div>\n\t\t<\/section>\n\t\t\t\t<section class=\"elementor-section elementor-top-section elementor-element elementor-element-5c81b43 elementor-section-boxed elementor-section-height-default elementor-section-height-default\" data-id=\"5c81b43\" data-element_type=\"section\" data-e-type=\"section\">\n\t\t\t\t\t\t<div class=\"elementor-container elementor-column-gap-default\">\n\t\t\t\t\t<div class=\"elementor-column elementor-col-100 elementor-top-column elementor-element elementor-element-464b738\" data-id=\"464b738\" data-element_type=\"column\" data-e-type=\"column\">\n\t\t\t<div class=\"elementor-widget-wrap elementor-element-populated\">\n\t\t\t\t\t\t<div class=\"elementor-element elementor-element-1908f58 elementor-widget elementor-widget-text-editor\" data-id=\"1908f58\" data-element_type=\"widget\" data-e-type=\"widget\" data-widget_type=\"text-editor.default\">\n\t\t\t\t<div class=\"elementor-widget-container\">\n\t\t\t\t\t\t\t\t\t<table><tbody><tr><td><h5><strong>Erasmus +: Romani Digit\u00e1lis Tud\u00e1st\u00e9r: Innovat\u00edv romani\u2013magyar digit\u00e1lis oktat\u00e1si-kultur\u00e1lis kompetenciafejleszt\u00e9s \u00e9s seg\u00e9danyag-csomag l\u00e9trehoz\u00e1sa region\u00e1lis modellek alkalmaz\u00e1s\u00e1val<\/strong><\/h5><h5><strong>(2020-1-HU01-KA226-SCH-094146) <\/strong><\/h5><h5><strong>Projektind\u00edt\u00f3 nemzetk\u00f6zi partnertal\u00e1lkoz\u00f3\u00a0\u00a0<\/strong><\/h5><h5><strong>Budapest (Zoom), 2021.06.24.<\/strong><\/h5><\/td><\/tr><\/tbody><\/table>\t\t\t\t\t\t\t\t<\/div>\n\t\t\t\t<\/div>\n\t\t\t\t\t<\/div>\n\t\t<\/div>\n\t\t\t\t\t<\/div>\n\t\t<\/section>\n\t\t\t\t<section class=\"elementor-section elementor-top-section elementor-element elementor-element-dbaf3d3 elementor-section-boxed elementor-section-height-default elementor-section-height-default\" data-id=\"dbaf3d3\" data-element_type=\"section\" data-e-type=\"section\">\n\t\t\t\t\t\t<div class=\"elementor-container elementor-column-gap-default\">\n\t\t\t\t\t<div class=\"elementor-column elementor-col-100 elementor-top-column elementor-element elementor-element-9346169\" data-id=\"9346169\" data-element_type=\"column\" data-e-type=\"column\">\n\t\t\t<div class=\"elementor-widget-wrap elementor-element-populated\">\n\t\t\t\t\t\t<div class=\"elementor-element elementor-element-895fd88 elementor-widget-divider--view-line elementor-widget elementor-widget-divider\" data-id=\"895fd88\" data-element_type=\"widget\" data-e-type=\"widget\" data-widget_type=\"divider.default\">\n\t\t\t\t<div class=\"elementor-widget-container\">\n\t\t\t\t\t\t\t<div class=\"elementor-divider\">\n\t\t\t<span class=\"elementor-divider-separator\">\n\t\t\t\t\t\t<\/span>\n\t\t<\/div>\n\t\t\t\t\t\t<\/div>\n\t\t\t\t<\/div>\n\t\t\t\t\t<\/div>\n\t\t<\/div>\n\t\t\t\t\t<\/div>\n\t\t<\/section>\n\t\t\t\t<section class=\"elementor-section elementor-top-section elementor-element elementor-element-07910db elementor-section-boxed elementor-section-height-default elementor-section-height-default\" data-id=\"07910db\" data-element_type=\"section\" data-e-type=\"section\">\n\t\t\t\t\t\t<div class=\"elementor-container elementor-column-gap-default\">\n\t\t\t\t\t<div class=\"elementor-column elementor-col-100 elementor-top-column elementor-element elementor-element-711a6e1\" data-id=\"711a6e1\" data-element_type=\"column\" data-e-type=\"column\">\n\t\t\t<div class=\"elementor-widget-wrap elementor-element-populated\">\n\t\t\t\t\t\t<div class=\"elementor-element elementor-element-1bc9dad elementor-widget elementor-widget-heading\" data-id=\"1bc9dad\" data-element_type=\"widget\" data-e-type=\"widget\" data-widget_type=\"heading.default\">\n\t\t\t\t<div class=\"elementor-widget-container\">\n\t\t\t\t\t<h3 class=\"elementor-heading-title elementor-size-xl\">2022<\/h3>\t\t\t\t<\/div>\n\t\t\t\t<\/div>\n\t\t\t\t\t<\/div>\n\t\t<\/div>\n\t\t\t\t\t<\/div>\n\t\t<\/section>\n\t\t\t\t<section class=\"elementor-section elementor-top-section elementor-element elementor-element-5661a4d elementor-section-boxed elementor-section-height-default elementor-section-height-default\" data-id=\"5661a4d\" data-element_type=\"section\" data-e-type=\"section\">\n\t\t\t\t\t\t<div class=\"elementor-container elementor-column-gap-default\">\n\t\t\t\t\t<div class=\"elementor-column elementor-col-100 elementor-top-column elementor-element elementor-element-c98f6d3\" data-id=\"c98f6d3\" data-element_type=\"column\" data-e-type=\"column\">\n\t\t\t<div class=\"elementor-widget-wrap elementor-element-populated\">\n\t\t\t\t\t\t<div class=\"elementor-element elementor-element-ae80d96 elementor-widget elementor-widget-text-editor\" data-id=\"ae80d96\" data-element_type=\"widget\" data-e-type=\"widget\" data-widget_type=\"text-editor.default\">\n\t\t\t\t<div class=\"elementor-widget-container\">\n\t\t\t\t\t\t\t\t\t<h6><strong>PROGRAM<\/strong><\/h6><h5><strong>2022. m\u00e1rcius 31. cs\u00fct\u00f6rt\u00f6k (budapesti id\u0151z\u00f3na szerint)<\/strong><\/h5><h5><strong>\u00a0<\/strong><\/h5><h5><strong>09:50\u201310:00\u00a0<\/strong><strong>Regisztr\u00e1ci\u00f3 (<a href=\"https:\/\/us02web.zoom.us\/j\/83962495285?pwd=MG1sc2VsRndTaHRKNWlqY2RVbGE2dz09\">Zoom bejelentkez\u00e9s<\/a>)<\/strong><\/h5><h5><strong>10:00\u201310:20\u00a0<\/strong><strong>Bartha Csilla (NYTK NYANYI TENyeK): A romani-magyar sz\u00f3t\u00e1r\u00e9p\u00edt\u00e9s\u00a0<\/strong><strong>szociolingvisztikai \u00e9s lexikol\u00f3giai kih\u00edv\u00e1sai \u2013 Az Erasmus+ Romani Digit\u00e1lis\u00a0<\/strong><strong>Tud\u00e1st\u00e9r el\u0151rehalad\u00e1si tapasztalatai<\/strong><\/h5><h5><strong>10:20\u201310:40\u00a0<\/strong><strong>Bartha Csilla \u2013 R\u00e9zm\u0171ves Melinda (NYTK NYANYI TENyeK): Mese \u00e9s k\u00f6z\u00f6ss\u00e9g\u00a0<\/strong><strong>\u2013 A Romani digit\u00e1lis meset\u00e1r munk\u00e1latai<\/strong><\/h5><h5><strong>10:40\u201311:00\u00a0<\/strong><strong>P\u00f6llnitz Ilona (RMPSZ): Kor\u00e1bbi projekttapasztalatok \u00e9s a sz\u00f3t\u00e1ri munk\u00e1latok<\/strong><\/h5><h5><strong>11:00\u201311:20\u00a0<\/strong><strong>K\u00f6ll\u0151 Zs\u00f3fia (RMPSZ): Besz\u00e1mol\u00f3 a projekt tev\u00e9kenys\u00e9geir\u0151l, k\u00fcl\u00f6n\u00f6s\u00a0<\/strong><strong>tekintettel a mes\u00e9k gy\u0171jt\u00e9s\u00e9re \u00e9s hasznos\u00edthat\u00f3s\u00e1g\u00e1ra<\/strong><\/h5><h5><strong>\u00a0<\/strong><strong>11:20\u201311:35\u00a0<\/strong><strong>K\u00e1v\u00e9sz\u00fcnet<\/strong><\/h5><h5><strong>\u00a0<\/strong><\/h5><h5><strong>11:35\u201311:55\u00a0<\/strong><strong>Baka Patrik (SJE): Roma mes\u00e9k D\u00e9l-Szlov\u00e1ki\u00e1b\u00f3l, \u00e9s a kaland, ahogy\u00a0<\/strong><strong>\u00fajrames\u00e9lj\u00fck \u0151ket<\/strong><br \/><strong>11:55\u201312:15\u00a0<\/strong><strong>L\u0151rincz G\u00e1bor (SJE): Nyelvv\u00e1ltozatok \u2013 iskol\u00e1k \u2013 sz\u00f3t\u00e1rak<\/strong><\/h5><h5><strong>12:15\u201313:00\u00a0<\/strong><strong>Eb\u00e9dsz\u00fcnet<\/strong><\/h5><div><strong>\u00a0<\/strong><\/div><h5><strong>13:00\u201315:00\u00a0<\/strong><strong>Megbesz\u00e9l\u00e9s (el\u0151rehalad\u00e1s monitoroz\u00e1sa az elhangzott el\u0151ad\u00e1sok alapj\u00e1n,\u00a0<\/strong><strong>valamint a m\u00e1sodik f\u00e9lid\u0151 \u00fctemterv\u00e9nek, feladatainak, c\u00e9ljainak ismertet\u00e9se,<\/strong><br \/><strong>meghat\u00e1roz\u00e1sa \u00e9s a tapasztalatok megvitat\u00e1sa)<\/strong><\/h5><h5><strong>\u00a0<\/strong><\/h5><h5><strong>Szervez\u0151bizotts\u00e1g:<\/strong><br \/><strong>Projektvezet\u0151: Bartha Csilla<\/strong><br \/><strong>Szervez\u0151k: Iv\u00e1nyin\u00e9 Liszi Katalin, Tima P\u00e9ter, T\u00fccs\u00f6k Dorottya<\/strong><br \/><strong>Informatikai koordin\u00e1tor: Tarr Zolt\u00e1n<\/strong><\/h5>\t\t\t\t\t\t\t\t<\/div>\n\t\t\t\t<\/div>\n\t\t\t\t\t<\/div>\n\t\t<\/div>\n\t\t\t\t\t<\/div>\n\t\t<\/section>\n\t\t\t\t<section class=\"elementor-section elementor-top-section elementor-element elementor-element-c974e3c elementor-section-boxed elementor-section-height-default elementor-section-height-default\" data-id=\"c974e3c\" data-element_type=\"section\" data-e-type=\"section\">\n\t\t\t\t\t\t<div class=\"elementor-container elementor-column-gap-default\">\n\t\t\t\t\t<div class=\"elementor-column elementor-col-50 elementor-top-column elementor-element elementor-element-8656124\" data-id=\"8656124\" data-element_type=\"column\" data-e-type=\"column\">\n\t\t\t<div class=\"elementor-widget-wrap elementor-element-populated\">\n\t\t\t\t\t\t<div class=\"elementor-element elementor-element-18d9d8e elementor-widget elementor-widget-text-editor\" data-id=\"18d9d8e\" data-element_type=\"widget\" data-e-type=\"widget\" data-widget_type=\"text-editor.default\">\n\t\t\t\t<div class=\"elementor-widget-container\">\n\t\t\t\t\t\t\t\t\t<h5><strong>Zoom bel\u00e9p\u00e9s QR k\u00f3d beolvas\u00e1s\u00e1val (okostelefonr\u00f3l\/tabletr\u0151l), illetve a k\u00f3dra klikkelve is lehets\u00e9ges.\u00a0<\/strong><\/h5>\t\t\t\t\t\t\t\t<\/div>\n\t\t\t\t<\/div>\n\t\t\t\t\t<\/div>\n\t\t<\/div>\n\t\t\t\t<div class=\"elementor-column elementor-col-50 elementor-top-column elementor-element elementor-element-6a6efb6\" data-id=\"6a6efb6\" data-element_type=\"column\" data-e-type=\"column\">\n\t\t\t<div class=\"elementor-widget-wrap elementor-element-populated\">\n\t\t\t\t\t\t<div class=\"elementor-element elementor-element-afd1b88 elementor-invisible elementor-widget elementor-widget-image\" data-id=\"afd1b88\" data-element_type=\"widget\" data-e-type=\"widget\" data-settings=\"{&quot;_animation&quot;:&quot;bounceIn&quot;}\" data-widget_type=\"image.default\">\n\t\t\t\t<div class=\"elementor-widget-container\">\n\t\t\t\t\t\t\t\t\t\t\t\t\t\t\t\t<a href=\"https:\/\/us02web.zoom.us\/j\/83962495285?pwd=MG1sc2VsRndTaHRKNWlqY2RVbGE2dz09\">\n\t\t\t\t\t\t\t<img loading=\"lazy\" decoding=\"async\" width=\"244\" height=\"240\" src=\"https:\/\/edulingua.net\/edupage\/wp-content\/uploads\/2021\/06\/ERASMUS_ZOOM_sm.jpg\" class=\"attachment-large size-large wp-image-3512\" alt=\"\" \/>\t\t\t\t\t\t\t\t<\/a>\n\t\t\t\t\t\t\t\t\t\t\t\t\t\t\t<\/div>\n\t\t\t\t<\/div>\n\t\t\t\t\t<\/div>\n\t\t<\/div>\n\t\t\t\t\t<\/div>\n\t\t<\/section>\n\t\t\t\t<section class=\"elementor-section elementor-top-section elementor-element elementor-element-322e88e elementor-section-boxed elementor-section-height-default elementor-section-height-default\" data-id=\"322e88e\" data-element_type=\"section\" data-e-type=\"section\">\n\t\t\t\t\t\t<div class=\"elementor-container elementor-column-gap-default\">\n\t\t\t\t\t<div class=\"elementor-column elementor-col-100 elementor-top-column elementor-element elementor-element-d18e191\" data-id=\"d18e191\" data-element_type=\"column\" data-e-type=\"column\">\n\t\t\t<div class=\"elementor-widget-wrap elementor-element-populated\">\n\t\t\t\t\t\t<div class=\"elementor-element elementor-element-e13e508 elementor-widget-divider--view-line elementor-widget elementor-widget-divider\" data-id=\"e13e508\" data-element_type=\"widget\" data-e-type=\"widget\" data-widget_type=\"divider.default\">\n\t\t\t\t<div class=\"elementor-widget-container\">\n\t\t\t\t\t\t\t<div class=\"elementor-divider\">\n\t\t\t<span class=\"elementor-divider-separator\">\n\t\t\t\t\t\t<\/span>\n\t\t<\/div>\n\t\t\t\t\t\t<\/div>\n\t\t\t\t<\/div>\n\t\t\t\t\t<\/div>\n\t\t<\/div>\n\t\t\t\t\t<\/div>\n\t\t<\/section>\n\t\t\t\t<section class=\"elementor-section elementor-top-section elementor-element elementor-element-bb8ffcf elementor-section-boxed elementor-section-height-default elementor-section-height-default\" data-id=\"bb8ffcf\" data-element_type=\"section\" data-e-type=\"section\">\n\t\t\t\t\t\t<div class=\"elementor-container elementor-column-gap-default\">\n\t\t\t\t\t<div class=\"elementor-column elementor-col-100 elementor-top-column elementor-element elementor-element-a43ff9a\" data-id=\"a43ff9a\" data-element_type=\"column\" data-e-type=\"column\">\n\t\t\t<div class=\"elementor-widget-wrap elementor-element-populated\">\n\t\t\t\t\t\t<div class=\"elementor-element elementor-element-8d02511 elementor-widget elementor-widget-heading\" data-id=\"8d02511\" data-element_type=\"widget\" data-e-type=\"widget\" data-widget_type=\"heading.default\">\n\t\t\t\t<div class=\"elementor-widget-container\">\n\t\t\t\t\t<h3 class=\"elementor-heading-title elementor-size-xl\">2021<\/h3>\t\t\t\t<\/div>\n\t\t\t\t<\/div>\n\t\t\t\t\t<\/div>\n\t\t<\/div>\n\t\t\t\t\t<\/div>\n\t\t<\/section>\n\t\t\t\t<section class=\"elementor-section elementor-top-section elementor-element elementor-element-b4c0e78 elementor-section-boxed elementor-section-height-default elementor-section-height-default\" data-id=\"b4c0e78\" data-element_type=\"section\" data-e-type=\"section\">\n\t\t\t\t\t\t<div class=\"elementor-container elementor-column-gap-default\">\n\t\t\t\t\t<div class=\"elementor-column elementor-col-100 elementor-top-column elementor-element elementor-element-792ddd3\" data-id=\"792ddd3\" data-element_type=\"column\" data-e-type=\"column\">\n\t\t\t<div class=\"elementor-widget-wrap elementor-element-populated\">\n\t\t\t\t\t\t<div class=\"elementor-element elementor-element-2cd973c elementor-widget elementor-widget-text-editor\" data-id=\"2cd973c\" data-element_type=\"widget\" data-e-type=\"widget\" data-widget_type=\"text-editor.default\">\n\t\t\t\t<div class=\"elementor-widget-container\">\n\t\t\t\t\t\t\t\t\t<h5><strong>PROGRAM<\/strong><\/h5><h5><strong>2021. j\u00fanius 24. cs\u00fct\u00f6rt\u00f6k (budapesti id\u0151z\u00f3na szerint)<\/strong><\/h5><h5><strong>\u00a0<\/strong><\/h5><h5><strong>09:50\u201310:00 Regisztr\u00e1ci\u00f3 (<a href=\"https:\/\/us02web.zoom.us\/j\/83962495285?pwd=MG1sc2VsRndTaHRKNWlqY2RVbGE2dz09\" data-wplink-edit=\"true\">Zoom bejelentkez\u00e9s<\/a>)<\/strong><\/h5><h5><strong>10:00\u201310:30 Megnyit\u00f3, bemutatkoz\u00e1s Bartha Csilla moder\u00e1l\u00e1s\u00e1val<\/strong><\/h5><h5><strong>10:30\u201311:00 Bartha Csilla (Nyelvtudom\u00e1nyi Kutat\u00f3k\u00f6zpont): A projekt feladatainak ismertet\u00e9se<\/strong><\/h5><h5><strong>11:00\u201312:00 Munkamegoszt\u00e1s megbesz\u00e9l\u00e9se, a partnerek saj\u00e1t feladatainak kijel\u00f6l\u00e9se \u00e9s egyeztet\u00e9se<\/strong><\/h5><h5><strong>12:00\u201313:00 Eb\u00e9dsz\u00fcnet<\/strong><\/h5><h5><strong>\u00a0<\/strong><\/h5><h5><strong>13:00\u201313:20 Iv\u00e1nyin\u00e9 Liszi Katalin (Nyelvtudom\u00e1nyi Kutat\u00f3k\u00f6zpont): P\u00e9nz\u00fcgyi tudnival\u00f3k \u2013 a folyamatos nyomon k\u00f6vet\u00e9s, a bizonylatol\u00e1s szab\u00e1lyai<\/strong><\/h5><h5>\u00a0<strong>13:20\u201313:40 Tima P\u00e9ter (Nyelvtudom\u00e1nyi Kutat\u00f3k\u00f6zpont): \u00dctemez\u00e9s (feladatok, tal\u00e1lkoz\u00f3k, rendezv\u00e9ny \u00e9s besz\u00e1mol\u00f3k)<\/strong><\/h5><h5>\u00a0<strong>13:40\u201314:00 A kapcsolattart\u00f3k, az operat\u00edv bizotts\u00e1g \u00e9s a szakmai bizotts\u00e1g tagjainak megv\u00e1laszt\u00e1sa<\/strong><\/h5><h5>\u00a0<\/h5><h5><strong>Szervez\u0151bizotts\u00e1g:<\/strong><\/h5><h5>\u00a0<\/h5><h5>\u00a0<\/h5><h5><strong>Projektvezet\u0151: Bartha Csilla\u00a0\u00a0\u00a0\u00a0\u00a0\u00a0\u00a0\u00a0\u00a0\u00a0\u00a0\u00a0\u00a0 Informatikai koordin\u00e1tor: Tarr Zolt\u00e1n<\/strong><\/h5><h5><strong>Szervez\u0151k: Iv\u00e1nyin\u00e9 Liszi Katalin, Tima P\u00e9ter, T\u00fccs\u00f6k Dorottya (titk\u00e1r)<\/strong><\/h5>\t\t\t\t\t\t\t\t<\/div>\n\t\t\t\t<\/div>\n\t\t\t\t\t<\/div>\n\t\t<\/div>\n\t\t\t\t\t<\/div>\n\t\t<\/section>\n\t\t\t\t<section class=\"elementor-section elementor-top-section elementor-element elementor-element-2fd7f9a elementor-section-boxed elementor-section-height-default elementor-section-height-default\" data-id=\"2fd7f9a\" data-element_type=\"section\" data-e-type=\"section\">\n\t\t\t\t\t\t<div class=\"elementor-container elementor-column-gap-default\">\n\t\t\t\t\t<div class=\"elementor-column elementor-col-50 elementor-top-column elementor-element elementor-element-297447a\" data-id=\"297447a\" data-element_type=\"column\" data-e-type=\"column\">\n\t\t\t<div class=\"elementor-widget-wrap elementor-element-populated\">\n\t\t\t\t\t\t<div class=\"elementor-element elementor-element-21ca544 elementor-widget elementor-widget-text-editor\" data-id=\"21ca544\" data-element_type=\"widget\" data-e-type=\"widget\" data-widget_type=\"text-editor.default\">\n\t\t\t\t<div class=\"elementor-widget-container\">\n\t\t\t\t\t\t\t\t\t<h5><strong>Zoom bel\u00e9p\u00e9s QR k\u00f3d beolvas\u00e1s\u00e1val (okostelefonr\u00f3l\/tabletr\u0151l), illetve a k\u00f3dra klikkelve is lehets\u00e9ges.\u00a0<\/strong><\/h5>\t\t\t\t\t\t\t\t<\/div>\n\t\t\t\t<\/div>\n\t\t\t\t\t<\/div>\n\t\t<\/div>\n\t\t\t\t<div class=\"elementor-column elementor-col-50 elementor-top-column elementor-element elementor-element-f4c121f\" data-id=\"f4c121f\" data-element_type=\"column\" data-e-type=\"column\">\n\t\t\t<div class=\"elementor-widget-wrap elementor-element-populated\">\n\t\t\t\t\t\t<div class=\"elementor-element elementor-element-33aba7c elementor-invisible elementor-widget elementor-widget-image\" data-id=\"33aba7c\" data-element_type=\"widget\" data-e-type=\"widget\" data-settings=\"{&quot;_animation&quot;:&quot;bounceIn&quot;}\" data-widget_type=\"image.default\">\n\t\t\t\t<div class=\"elementor-widget-container\">\n\t\t\t\t\t\t\t\t\t\t\t\t\t\t\t\t<a href=\"https:\/\/us02web.zoom.us\/j\/83962495285?pwd=MG1sc2VsRndTaHRKNWlqY2RVbGE2dz09\">\n\t\t\t\t\t\t\t<img loading=\"lazy\" decoding=\"async\" width=\"244\" height=\"240\" src=\"https:\/\/edulingua.net\/edupage\/wp-content\/uploads\/2021\/06\/ERASMUS_ZOOM_sm.jpg\" class=\"attachment-large size-large wp-image-3512\" alt=\"\" \/>\t\t\t\t\t\t\t\t<\/a>\n\t\t\t\t\t\t\t\t\t\t\t\t\t\t\t<\/div>\n\t\t\t\t<\/div>\n\t\t\t\t\t<\/div>\n\t\t<\/div>\n\t\t\t\t\t<\/div>\n\t\t<\/section>\n\t\t\t\t<\/div>\n\t\t","protected":false},"excerpt":{"rendered":"<p>Erasmus +: Romani Digit\u00e1lis Tud\u00e1st\u00e9r: Innovat\u00edv romani\u2013magyar digit\u00e1lis oktat\u00e1si-kultur\u00e1lis kompetenciafejleszt\u00e9s \u00e9s seg\u00e9danyag-csomag l\u00e9trehoz\u00e1sa region\u00e1lis modellek alkalmaz\u00e1s\u00e1val (2020-1-HU01-KA226-SCH-094146) Projektind\u00edt\u00f3 nemzetk\u00f6zi partnertal\u00e1lkoz\u00f3\u00a0\u00a0 Budapest (Zoom), 2021.06.24. 2022 PROGRAM 2022. m\u00e1rcius 31. cs\u00fct\u00f6rt\u00f6k (budapesti id\u0151z\u00f3na szerint) \u00a0 09:50\u201310:00\u00a0Regisztr\u00e1ci\u00f3 (Zoom bejelentkez\u00e9s) 10:00\u201310:20\u00a0Bartha Csilla (NYTK NYANYI &hellip; <\/p>\n","protected":false},"author":1,"featured_media":0,"parent":0,"menu_order":0,"comment_status":"closed","ping_status":"closed","template":"","meta":{"footnotes":""},"class_list":["post-3506","page","type-page","status-publish","hentry"],"jetpack_sharing_enabled":true,"_links":{"self":[{"href":"https:\/\/edulingua.net\/edupage\/wp-json\/wp\/v2\/pages\/3506","targetHints":{"allow":["GET"]}}],"collection":[{"href":"https:\/\/edulingua.net\/edupage\/wp-json\/wp\/v2\/pages"}],"about":[{"href":"https:\/\/edulingua.net\/edupage\/wp-json\/wp\/v2\/types\/page"}],"author":[{"embeddable":true,"href":"https:\/\/edulingua.net\/edupage\/wp-json\/wp\/v2\/users\/1"}],"replies":[{"embeddable":true,"href":"https:\/\/edulingua.net\/edupage\/wp-json\/wp\/v2\/comments?post=3506"}],"version-history":[{"count":14,"href":"https:\/\/edulingua.net\/edupage\/wp-json\/wp\/v2\/pages\/3506\/revisions"}],"predecessor-version":[{"id":4038,"href":"https:\/\/edulingua.net\/edupage\/wp-json\/wp\/v2\/pages\/3506\/revisions\/4038"}],"wp:attachment":[{"href":"https:\/\/edulingua.net\/edupage\/wp-json\/wp\/v2\/media?parent=3506"}],"curies":[{"name":"wp","href":"https:\/\/api.w.org\/{rel}","templated":true}]}}