{"id":264,"date":"2021-03-07T10:05:04","date_gmt":"2021-03-07T10:05:04","guid":{"rendered":"http:\/\/edulingua.net\/edupage\/?page_id=264"},"modified":"2021-03-27T08:14:27","modified_gmt":"2021-03-27T08:14:27","slug":"matematikai-oktatasi-instrukciok","status":"publish","type":"page","link":"https:\/\/edulingua.net\/edupage\/matematikai-oktatasi-instrukciok\/","title":{"rendered":"MATEMATIKA OKTAT\u00c1SI INSTRUKCI\u00d3K"},"content":{"rendered":"\n<div id=\"footable_parent_291\"\n         class=\" footable_parent ninja_table_wrapper loading_ninja_table wp_table_data_press_parent semantic_ui colored_table\">\n                        <div\n                class=\"table_description footable_description\"><\/div>\n                    <table data-ninja_table_instance=\"ninja_table_instance_0\" data-footable_id=\"291\" data-filter-delay=\"1000\" aria-label=\"MATEMATIKA OKTAT\u00c1SI INSTRUKCI\u00d3K JELNYELVEN - V\u00c9GLEGES\"            id=\"footable_291\"\n           data-unique_identifier=\"ninja_table_unique_id_1067980099_291\"\n           class=\" foo-table ninja_footable foo_table_291 ninja_table_unique_id_1067980099_291 ui table  ninja_search_left nt_search_full_width nt_type_ajax_table fixed vertical_centered ninja_custom_color inverted footable-paging-center ninja_table_pro\">\n                <colgroup>\n                            <col class=\"ninja_column_0 \">\n                            <col class=\"ninja_column_1 \">\n                    <\/colgroup>\n            <\/table>\n    \n    \n    \n<\/div>\n\n","protected":false},"excerpt":{"rendered":"","protected":false},"author":1,"featured_media":0,"parent":0,"menu_order":0,"comment_status":"closed","ping_status":"closed","template":"","meta":{"footnotes":""},"class_list":["post-264","page","type-page","status-publish","hentry"],"jetpack_sharing_enabled":true,"_links":{"self":[{"href":"https:\/\/edulingua.net\/edupage\/wp-json\/wp\/v2\/pages\/264","targetHints":{"allow":["GET"]}}],"collection":[{"href":"https:\/\/edulingua.net\/edupage\/wp-json\/wp\/v2\/pages"}],"about":[{"href":"https:\/\/edulingua.net\/edupage\/wp-json\/wp\/v2\/types\/page"}],"author":[{"embeddable":true,"href":"https:\/\/edulingua.net\/edupage\/wp-json\/wp\/v2\/users\/1"}],"replies":[{"embeddable":true,"href":"https:\/\/edulingua.net\/edupage\/wp-json\/wp\/v2\/comments?post=264"}],"version-history":[{"count":17,"href":"https:\/\/edulingua.net\/edupage\/wp-json\/wp\/v2\/pages\/264\/revisions"}],"predecessor-version":[{"id":428,"href":"https:\/\/edulingua.net\/edupage\/wp-json\/wp\/v2\/pages\/264\/revisions\/428"}],"wp:attachment":[{"href":"https:\/\/edulingua.net\/edupage\/wp-json\/wp\/v2\/media?parent=264"}],"curies":[{"name":"wp","href":"https:\/\/api.w.org\/{rel}","templated":true}]}}