{"id":1136,"date":"2021-04-10T11:42:00","date_gmt":"2021-04-10T11:42:00","guid":{"rendered":"http:\/\/edulingua.net\/edupage\/?page_id=1136"},"modified":"2021-08-18T11:07:29","modified_gmt":"2021-08-18T11:07:29","slug":"ovodai-tesztelt-oktatasi-csomagok","status":"publish","type":"page","link":"https:\/\/edulingua.net\/edupage\/ovodai-tesztelt-oktatasi-csomagok\/","title":{"rendered":"\u00d3vodai tesztelt oktat\u00e1si csomagok"},"content":{"rendered":"\t\t<div data-elementor-type=\"wp-page\" data-elementor-id=\"1136\" class=\"elementor elementor-1136\" data-elementor-post-type=\"page\">\n\t\t\t\t\t\t<section class=\"elementor-section elementor-top-section elementor-element elementor-element-dbc4b8b elementor-section-boxed elementor-section-height-default elementor-section-height-default\" data-id=\"dbc4b8b\" data-element_type=\"section\" data-e-type=\"section\">\n\t\t\t\t\t\t<div class=\"elementor-container elementor-column-gap-default\">\n\t\t\t\t\t<div class=\"elementor-column elementor-col-100 elementor-top-column elementor-element elementor-element-e6efe72\" data-id=\"e6efe72\" data-element_type=\"column\" data-e-type=\"column\">\n\t\t\t<div class=\"elementor-widget-wrap elementor-element-populated\">\n\t\t\t\t\t\t<div class=\"elementor-element elementor-element-921cad5 elementor-widget elementor-widget-text-editor\" data-id=\"921cad5\" data-element_type=\"widget\" data-e-type=\"widget\" data-widget_type=\"text-editor.default\">\n\t\t\t\t<div class=\"elementor-widget-container\">\n\t\t\t\t\t\t\t\t\t<h2><b><span style=\"font-family: arial, sans-serif;\">Jelnyelvi tananyagok \u00f3vod\u00e1soknak<\/span><\/b><\/h2>\n<div><strong><span style=\"font-family: arial, sans-serif;\">(a budapesti Hall\u00e1ss\u00e9r\u00fcltek \u00d3vod\u00e1ja, \u00c1ltal\u00e1nos Iskol\u00e1ja, Speci\u00e1lis Szakiskol\u00e1ja,\u00a0Egys\u00e9ges Gy\u00f3gypedag\u00f3giai M\u00f3dszertani Int\u00e9zm\u00e9nye \u00e9s Koll\u00e9gium\u00e1ban\u00a0kipr\u00f3b\u00e1lt \u00e9s bev\u00e1lt m\u00f3dszerek)\u00a0<\/span><\/strong><\/div>\t\t\t\t\t\t\t\t<\/div>\n\t\t\t\t<\/div>\n\t\t\t\t\t<\/div>\n\t\t<\/div>\n\t\t\t\t\t<\/div>\n\t\t<\/section>\n\t\t\t\t<section class=\"elementor-section elementor-top-section elementor-element elementor-element-7125d23 elementor-section-boxed elementor-section-height-default elementor-section-height-default\" data-id=\"7125d23\" data-element_type=\"section\" data-e-type=\"section\">\n\t\t\t\t\t\t<div class=\"elementor-container elementor-column-gap-default\">\n\t\t\t\t\t<div class=\"elementor-column elementor-col-100 elementor-top-column elementor-element elementor-element-63f2fb0\" data-id=\"63f2fb0\" data-element_type=\"column\" data-e-type=\"column\">\n\t\t\t<div class=\"elementor-widget-wrap elementor-element-populated\">\n\t\t\t\t\t\t<div class=\"elementor-element elementor-element-a14351c elementor-widget elementor-widget-text-editor\" data-id=\"a14351c\" data-element_type=\"widget\" data-e-type=\"widget\" data-widget_type=\"text-editor.default\">\n\t\t\t\t<div class=\"elementor-widget-container\">\n\t\t\t\t\t\t\t\t\t<h2><strong>\u00d3vodai fejleszt\u0151 \u00e9s gyakorl\u00f3 feladatok &#8211; \u00d3vodai Jelnyelvi M\u00f3dszertani Csomag<\/strong><em>\u00a0\u00a0\u00a0\u00a0\u00a0\u00a0 <\/em><\/h2>\t\t\t\t\t\t\t\t<\/div>\n\t\t\t\t<\/div>\n\t\t\t\t\t<\/div>\n\t\t<\/div>\n\t\t\t\t\t<\/div>\n\t\t<\/section>\n\t\t\t\t<section class=\"elementor-section elementor-top-section elementor-element elementor-element-a9ad536 elementor-section-boxed elementor-section-height-default elementor-section-height-default\" data-id=\"a9ad536\" data-element_type=\"section\" data-e-type=\"section\">\n\t\t\t\t\t\t<div class=\"elementor-container elementor-column-gap-default\">\n\t\t\t\t\t<div class=\"elementor-column elementor-col-100 elementor-top-column elementor-element elementor-element-f5ea3ae\" data-id=\"f5ea3ae\" data-element_type=\"column\" data-e-type=\"column\">\n\t\t\t<div class=\"elementor-widget-wrap elementor-element-populated\">\n\t\t\t\t\t\t<div class=\"elementor-element elementor-element-a1c67dd elementor-widget elementor-widget-image\" data-id=\"a1c67dd\" data-element_type=\"widget\" data-e-type=\"widget\" data-widget_type=\"image.default\">\n\t\t\t\t<div class=\"elementor-widget-container\">\n\t\t\t\t\t\t\t\t\t\t\t\t<figure class=\"wp-caption\">\n\t\t\t\t\t\t\t\t\t\t\t<a href=\"http:\/\/edulingua.net\/document\/\u00d3vodai%20fejleszt\u0151%20munka.pdf\">\n\t\t\t\t\t\t\t<img fetchpriority=\"high\" decoding=\"async\" width=\"230\" height=\"300\" src=\"https:\/\/edulingua.net\/edupage\/wp-content\/uploads\/2021\/04\/Edu_fuzet-230x300.jpg\" class=\"attachment-medium size-medium wp-image-998\" alt=\"\" srcset=\"https:\/\/edulingua.net\/edupage\/wp-content\/uploads\/2021\/04\/Edu_fuzet-230x300.jpg 230w, https:\/\/edulingua.net\/edupage\/wp-content\/uploads\/2021\/04\/Edu_fuzet.jpg 508w\" sizes=\"(max-width: 230px) 100vw, 230px\" \/>\t\t\t\t\t\t\t\t<\/a>\n\t\t\t\t\t\t\t\t\t\t\t<figcaption class=\"widget-image-caption wp-caption-text\">\u00d3vodai fejleszt\u0151 munka<\/figcaption>\n\t\t\t\t\t\t\t\t\t\t<\/figure>\n\t\t\t\t\t\t\t\t\t<\/div>\n\t\t\t\t<\/div>\n\t\t\t\t\t<\/div>\n\t\t<\/div>\n\t\t\t\t\t<\/div>\n\t\t<\/section>\n\t\t\t\t<section class=\"elementor-section elementor-top-section elementor-element elementor-element-ea6d1fe elementor-section-boxed elementor-section-height-default elementor-section-height-default\" data-id=\"ea6d1fe\" data-element_type=\"section\" data-e-type=\"section\">\n\t\t\t\t\t\t<div class=\"elementor-container elementor-column-gap-default\">\n\t\t\t\t\t<div class=\"elementor-column elementor-col-100 elementor-top-column elementor-element elementor-element-bd05f3b\" data-id=\"bd05f3b\" data-element_type=\"column\" data-e-type=\"column\">\n\t\t\t<div class=\"elementor-widget-wrap\">\n\t\t\t\t\t\t\t<\/div>\n\t\t<\/div>\n\t\t\t\t\t<\/div>\n\t\t<\/section>\n\t\t\t\t<section class=\"elementor-section elementor-top-section elementor-element elementor-element-e9b6b8f elementor-section-boxed elementor-section-height-default elementor-section-height-default\" data-id=\"e9b6b8f\" data-element_type=\"section\" data-e-type=\"section\">\n\t\t\t\t\t\t<div class=\"elementor-container elementor-column-gap-default\">\n\t\t\t\t\t<div class=\"elementor-column elementor-col-100 elementor-top-column elementor-element elementor-element-3fbf361\" data-id=\"3fbf361\" data-element_type=\"column\" data-e-type=\"column\">\n\t\t\t<div class=\"elementor-widget-wrap\">\n\t\t\t\t\t\t\t<\/div>\n\t\t<\/div>\n\t\t\t\t\t<\/div>\n\t\t<\/section>\n\t\t\t\t<section class=\"elementor-section elementor-top-section elementor-element elementor-element-a88572d elementor-section-boxed elementor-section-height-default elementor-section-height-default\" data-id=\"a88572d\" data-element_type=\"section\" data-e-type=\"section\">\n\t\t\t\t\t\t<div class=\"elementor-container elementor-column-gap-default\">\n\t\t\t\t\t<div class=\"elementor-column elementor-col-100 elementor-top-column elementor-element elementor-element-058151b\" data-id=\"058151b\" data-element_type=\"column\" data-e-type=\"column\">\n\t\t\t<div class=\"elementor-widget-wrap\">\n\t\t\t\t\t\t\t<\/div>\n\t\t<\/div>\n\t\t\t\t\t<\/div>\n\t\t<\/section>\n\t\t\t\t<section class=\"elementor-section elementor-top-section elementor-element elementor-element-1f50497 elementor-section-boxed elementor-section-height-default elementor-section-height-default\" data-id=\"1f50497\" data-element_type=\"section\" data-e-type=\"section\">\n\t\t\t\t\t\t<div class=\"elementor-container elementor-column-gap-default\">\n\t\t\t\t\t<div class=\"elementor-column elementor-col-100 elementor-top-column elementor-element elementor-element-7903d7b\" data-id=\"7903d7b\" data-element_type=\"column\" data-e-type=\"column\">\n\t\t\t<div class=\"elementor-widget-wrap elementor-element-populated\">\n\t\t\t\t\t\t<div class=\"elementor-element elementor-element-5969387 elementor-widget elementor-widget-text-editor\" data-id=\"5969387\" data-element_type=\"widget\" data-e-type=\"widget\" data-widget_type=\"text-editor.default\">\n\t\t\t\t<div class=\"elementor-widget-container\">\n\t\t\t\t\t\t\t\t\t<h2><strong>Mes\u00e9k, r\u00f6vid t\u00f6rt\u00e9netek kisebbeknek\u00a0\u00a0\u00a0\u00a0\u00a0\u00a0\u00a0 <\/strong><\/h2>\t\t\t\t\t\t\t\t<\/div>\n\t\t\t\t<\/div>\n\t\t\t\t\t<\/div>\n\t\t<\/div>\n\t\t\t\t\t<\/div>\n\t\t<\/section>\n\t\t\t\t<section class=\"elementor-section elementor-top-section elementor-element elementor-element-40595506 elementor-section-boxed elementor-section-height-default elementor-section-height-default\" data-id=\"40595506\" data-element_type=\"section\" data-e-type=\"section\">\n\t\t\t\t\t\t<div class=\"elementor-container elementor-column-gap-default\">\n\t\t\t\t\t<div class=\"elementor-column elementor-col-100 elementor-top-column elementor-element elementor-element-935c3ce\" data-id=\"935c3ce\" data-element_type=\"column\" data-e-type=\"column\">\n\t\t\t<div class=\"elementor-widget-wrap\">\n\t\t\t\t\t\t\t<\/div>\n\t\t<\/div>\n\t\t\t\t\t<\/div>\n\t\t<\/section>\n\t\t\t\t<\/div>\n\t\t","protected":false},"excerpt":{"rendered":"<p>Jelnyelvi tananyagok \u00f3vod\u00e1soknak (a budapesti Hall\u00e1ss\u00e9r\u00fcltek \u00d3vod\u00e1ja, \u00c1ltal\u00e1nos Iskol\u00e1ja, Speci\u00e1lis Szakiskol\u00e1ja,\u00a0Egys\u00e9ges Gy\u00f3gypedag\u00f3giai M\u00f3dszertani Int\u00e9zm\u00e9nye \u00e9s Koll\u00e9gium\u00e1ban\u00a0kipr\u00f3b\u00e1lt \u00e9s bev\u00e1lt m\u00f3dszerek)\u00a0 \u00d3vodai fejleszt\u0151 \u00e9s gyakorl\u00f3 feladatok &#8211; \u00d3vodai Jelnyelvi M\u00f3dszertani Csomag\u00a0\u00a0\u00a0\u00a0\u00a0\u00a0 \u00d3vodai fejleszt\u0151 munka Mes\u00e9k, r\u00f6vid t\u00f6rt\u00e9netek kisebbeknek\u00a0\u00a0\u00a0\u00a0\u00a0\u00a0\u00a0 A h\u00e1rom feny\u0151 Peti &hellip; <\/p>\n","protected":false},"author":1,"featured_media":0,"parent":0,"menu_order":0,"comment_status":"closed","ping_status":"closed","template":"","meta":{"footnotes":""},"class_list":["post-1136","page","type-page","status-publish","hentry"],"jetpack_sharing_enabled":true,"_links":{"self":[{"href":"https:\/\/edulingua.net\/edupage\/wp-json\/wp\/v2\/pages\/1136","targetHints":{"allow":["GET"]}}],"collection":[{"href":"https:\/\/edulingua.net\/edupage\/wp-json\/wp\/v2\/pages"}],"about":[{"href":"https:\/\/edulingua.net\/edupage\/wp-json\/wp\/v2\/types\/page"}],"author":[{"embeddable":true,"href":"https:\/\/edulingua.net\/edupage\/wp-json\/wp\/v2\/users\/1"}],"replies":[{"embeddable":true,"href":"https:\/\/edulingua.net\/edupage\/wp-json\/wp\/v2\/comments?post=1136"}],"version-history":[{"count":16,"href":"https:\/\/edulingua.net\/edupage\/wp-json\/wp\/v2\/pages\/1136\/revisions"}],"predecessor-version":[{"id":3594,"href":"https:\/\/edulingua.net\/edupage\/wp-json\/wp\/v2\/pages\/1136\/revisions\/3594"}],"wp:attachment":[{"href":"https:\/\/edulingua.net\/edupage\/wp-json\/wp\/v2\/media?parent=1136"}],"curies":[{"name":"wp","href":"https:\/\/api.w.org\/{rel}","templated":true}]}}