{"id":1128,"date":"2021-04-09T09:31:45","date_gmt":"2021-04-09T09:31:45","guid":{"rendered":"http:\/\/edulingua.net\/edupage\/?page_id=1128"},"modified":"2021-04-09T09:31:47","modified_gmt":"2021-04-09T09:31:47","slug":"udvozles-es-udvariassagi-formak-jelnyelven","status":"publish","type":"page","link":"https:\/\/edulingua.net\/edupage\/udvozles-es-udvariassagi-formak-jelnyelven\/","title":{"rendered":"\u00dcdv\u00f6zl\u00e9s \u00e9s udvariass\u00e1gi form\u00e1k jelnyelven"},"content":{"rendered":"\n<div id=\"footable_parent_1127\"\n         class=\" footable_parent ninja_table_wrapper loading_ninja_table wp_table_data_press_parent semantic_ui colored_table\">\n                <table data-ninja_table_instance=\"ninja_table_instance_0\" data-footable_id=\"1127\" data-filter-delay=\"1000\" aria-label=\"\u00dcdv\u00f6zl\u00e9s \u00e9s udvariass\u00e1gi form\u00e1k\"            id=\"footable_1127\"\n           data-unique_identifier=\"ninja_table_unique_id_3326941397_1127\"\n           class=\" foo-table ninja_footable foo_table_1127 ninja_table_unique_id_3326941397_1127 ui table  ninja_search_center nt_search_full_width nt_type_legacy_table selectable celled striped vertical_centered ninja_custom_color inverted footable-paging-right ninja_table_pro\">\n                <colgroup>\n                            <col class=\"ninja_column_0 \">\n                            <col class=\"ninja_column_1 \">\n                    <\/colgroup>\n        <thead>\n<tr class=\"footable-header\">\n                                        <th scope=\"col\"  class=\"ninja_column_0 ninja_clmn_nm_fogalom \">K\u00f6sz\u00f6n\u00e9s \u00e9s udvariass\u00e1gi form\u00e1k:<\/th><th scope=\"col\"  class=\"ninja_column_1 ninja_clmn_nm_video \">Jelnyelvi vide\u00f3:<\/th><\/tr>\n<\/thead>\n<tbody>\n\n        <tr data-row_id=\"36286\" class=\"ninja_table_row_0 nt_row_id_36286\">\n            <td><h4>A kedvem\u00e9rt!<\/h4><\/td><td><video width=\"535\" height=\"300\" controls=\"controls\" preload=\"none\" poster=\"http:\/\/edulingua.net\/images\/poster_2.jpg\" loop=\"loop\"><source src=\"http:\/\/edulingua.net\/udv\/kedvem\u00e9rt_2k_l.mp4\" type=\"video\/mp4\" \/> B\u00f6ng\u00e9sz\u0151je nem t\u00e1mogatja a vide\u00f3 form\u00e1tumot.. <\/video><\/td>        <\/tr>\n            <tr data-row_id=\"36287\" class=\"ninja_table_row_1 nt_row_id_36287\">\n            <td><h4>Bocs\u00e1nat!\u00a0<\/h4><\/td><td><video width=\"535\" height=\"300\" controls=\"controls\" preload=\"none\" poster=\"http:\/\/edulingua.net\/images\/poster_2.jpg\" loop=\"loop\"><source src=\"http:\/\/edulingua.net\/udv\/bocs\u00e1nat_2k_l.mp4\" type=\"video\/mp4\" \/> B\u00f6ng\u00e9sz\u0151je nem t\u00e1mogatja a vide\u00f3 form\u00e1tumot.. <\/video><\/td>        <\/tr>\n            <tr data-row_id=\"36288\" class=\"ninja_table_row_2 nt_row_id_36288\">\n            <td><h4>Eg\u00e9szs\u00e9gedre!<\/h4><\/td><td><video width=\"535\" height=\"300\" controls=\"controls\" preload=\"none\" poster=\"http:\/\/edulingua.net\/images\/poster_2.jpg\" loop=\"loop\"><source src=\"http:\/\/edulingua.net\/udv\/eg\u00e9szs\u00e9gedre_2k_l.mp4\" type=\"video\/mp4\" \/> B\u00f6ng\u00e9sz\u0151je nem t\u00e1mogatja a vide\u00f3 form\u00e1tumot.. <\/video><\/td>        <\/tr>\n            <tr data-row_id=\"36289\" class=\"ninja_table_row_3 nt_row_id_36289\">\n            <td><h4>Egy pillanat!<\/h4><\/td><td><video width=\"535\" height=\"300\" controls=\"controls\" preload=\"none\" poster=\"http:\/\/edulingua.net\/images\/poster_2.jpg\" loop=\"loop\"><source src=\"http:\/\/edulingua.net\/udv\/egy_pillanat_2k_l.mp4\" type=\"video\/mp4\" \/> B\u00f6ng\u00e9sz\u0151je nem t\u00e1mogatja a vide\u00f3 form\u00e1tumot.. <\/video><\/td>        <\/tr>\n            <tr data-row_id=\"36290\" class=\"ninja_table_row_4 nt_row_id_36290\">\n            <td><h4>Eln\u00e9z\u00e9st!<\/h4><\/td><td><video width=\"535\" height=\"300\" controls=\"controls\" preload=\"none\" poster=\"http:\/\/edulingua.net\/images\/poster_2.jpg\" loop=\"loop\"><source src=\"http:\/\/edulingua.net\/udv\/eln\u00e9z\u00e9st_2k_l.mp4\" type=\"video\/mp4\" \/> B\u00f6ng\u00e9sz\u0151je nem t\u00e1mogatja a vide\u00f3 form\u00e1tumot.. <\/video><\/td>        <\/tr>\n            <tr data-row_id=\"36291\" class=\"ninja_table_row_5 nt_row_id_36291\">\n            <td><h4>Fogadd \u0151szinte r\u00e9szv\u00e9tem!<\/h4><\/td><td><video width=\"535\" height=\"300\" controls=\"controls\" preload=\"none\" poster=\"http:\/\/edulingua.net\/images\/poster_2.jpg\" loop=\"loop\"><source src=\"http:\/\/edulingua.net\/udv\/fogadd_\u0151szinte_r\u00e9szv\u00e9tem_2k_l.mp4\" type=\"video\/mp4\" \/> B\u00f6ng\u00e9sz\u0151je nem t\u00e1mogatja a vide\u00f3 form\u00e1tumot.. <\/video><\/td>        <\/tr>\n            <tr data-row_id=\"36292\" class=\"ninja_table_row_6 nt_row_id_36292\">\n            <td><h4>gratul\u00e1l<\/h4><\/td><td><video width=\"535\" height=\"300\" controls=\"controls\" preload=\"none\" poster=\"http:\/\/edulingua.net\/images\/poster_2.jpg\" loop=\"loop\"><source src=\"http:\/\/edulingua.net\/udv\/gratul\u00e1l_2k_l.mp4\" type=\"video\/mp4\" \/> B\u00f6ng\u00e9sz\u0151je nem t\u00e1mogatja a vide\u00f3 form\u00e1tumot.. <\/video><\/td>        <\/tr>\n            <tr data-row_id=\"36293\" class=\"ninja_table_row_7 nt_row_id_36293\">\n            <td><h4>Gratul\u00e1lok!<\/h4><\/td><td><video width=\"535\" height=\"300\" controls=\"controls\" preload=\"none\" poster=\"http:\/\/edulingua.net\/images\/poster_2.jpg\" loop=\"loop\"><source src=\"http:\/\/edulingua.net\/udv\/5428_Gratul\u00e1lok_T015.mp4\" type=\"video\/mp4\" \/> B\u00f6ng\u00e9sz\u0151je nem t\u00e1mogatja a vide\u00f3 form\u00e1tumot.. <\/video><\/td>        <\/tr>\n            <tr data-row_id=\"36294\" class=\"ninja_table_row_8 nt_row_id_36294\">\n            <td><h4>Hell\u00f3!<\/h4><\/td><td><video width=\"535\" height=\"300\" controls=\"controls\" preload=\"none\" poster=\"http:\/\/edulingua.net\/images\/poster_2.jpg\" loop=\"loop\"><source src=\"http:\/\/edulingua.net\/udv\/hell\u00f3_2k_l.mp4\" type=\"video\/mp4\" \/> B\u00f6ng\u00e9sz\u0151je nem t\u00e1mogatja a vide\u00f3 form\u00e1tumot.. <\/video><\/td>        <\/tr>\n            <tr data-row_id=\"36295\" class=\"ninja_table_row_9 nt_row_id_36295\">\n            <td><h4>Hogy vagy?<\/h4><\/td><td><video width=\"535\" height=\"300\" controls=\"controls\" preload=\"none\" poster=\"http:\/\/edulingua.net\/images\/poster_2.jpg\" loop=\"loop\"><source src=\"http:\/\/edulingua.net\/udv\/hogy_vagy_2k_l.mp4\" type=\"video\/mp4\" \/> B\u00f6ng\u00e9sz\u0151je nem t\u00e1mogatja a vide\u00f3 form\u00e1tumot.. <\/video><\/td>        <\/tr>\n            <tr data-row_id=\"36296\" class=\"ninja_table_row_10 nt_row_id_36296\">\n            <td><h4>J\u00f3 \u00e9jszak\u00e1t!<\/h4><\/td><td><video width=\"535\" height=\"300\" controls=\"controls\" preload=\"none\" poster=\"http:\/\/edulingua.net\/images\/poster_2.jpg\" loop=\"loop\"><source src=\"http:\/\/edulingua.net\/udv\/j\u00f3_\u00e9jszak\u00e1t_2k_l.mp4\" type=\"video\/mp4\" \/> B\u00f6ng\u00e9sz\u0151je nem t\u00e1mogatja a vide\u00f3 form\u00e1tumot.. <\/video><\/td>        <\/tr>\n            <tr data-row_id=\"36297\" class=\"ninja_table_row_11 nt_row_id_36297\">\n            <td><h4>J\u00f3 est\u00e9t!<\/h4><\/td><td><video width=\"535\" height=\"300\" controls=\"controls\" preload=\"none\" poster=\"http:\/\/edulingua.net\/images\/poster_2.jpg\" loop=\"loop\"><source src=\"http:\/\/edulingua.net\/udv\/j\u00f3_est\u00e9t_2k_l.mp4\" type=\"video\/mp4\" \/> B\u00f6ng\u00e9sz\u0151je nem t\u00e1mogatja a vide\u00f3 form\u00e1tumot.. <\/video><\/td>        <\/tr>\n            <tr data-row_id=\"36298\" class=\"ninja_table_row_12 nt_row_id_36298\">\n            <td><h4>J\u00f3 \u00e9tv\u00e1gyat!<\/h4><\/td><td><video width=\"535\" height=\"300\" controls=\"controls\" preload=\"none\" poster=\"http:\/\/edulingua.net\/images\/poster_2.jpg\" loop=\"loop\"><source src=\"http:\/\/edulingua.net\/udv\/j\u00f3_\u00e9tv\u00e1gyat_2_2k_l.mp4\" type=\"video\/mp4\" \/> B\u00f6ng\u00e9sz\u0151je nem t\u00e1mogatja a vide\u00f3 form\u00e1tumot.. <\/video><\/td>        <\/tr>\n            <tr data-row_id=\"36299\" class=\"ninja_table_row_13 nt_row_id_36299\">\n            <td><h4>J\u00f3 \u00e9tv\u00e1gyat! 2<\/h4><\/td><td><video width=\"535\" height=\"300\" controls=\"controls\" preload=\"none\" poster=\"http:\/\/edulingua.net\/images\/poster_2.jpg\" loop=\"loop\"><source src=\"http:\/\/edulingua.net\/udv\/j\u00f3_\u00e9tv\u00e1gyat_2k_l.mp4\" type=\"video\/mp4\" \/> B\u00f6ng\u00e9sz\u0151je nem t\u00e1mogatja a vide\u00f3 form\u00e1tumot.. <\/video><\/td>        <\/tr>\n            <tr data-row_id=\"36300\" class=\"ninja_table_row_14 nt_row_id_36300\">\n            <td><h4>J\u00f3 napot!<\/h4><\/td><td><video width=\"535\" height=\"300\" controls=\"controls\" preload=\"none\" poster=\"http:\/\/edulingua.net\/images\/poster_2.jpg\" loop=\"loop\"><source src=\"http:\/\/edulingua.net\/udv\/j\u00f3_napot_2k_l.mp4\" type=\"video\/mp4\" \/> B\u00f6ng\u00e9sz\u0151je nem t\u00e1mogatja a vide\u00f3 form\u00e1tumot.. <\/video><\/td>        <\/tr>\n            <tr data-row_id=\"36301\" class=\"ninja_table_row_15 nt_row_id_36301\">\n            <td><h4>J\u00f3 reggelt!<\/h4><\/td><td><video width=\"535\" height=\"300\" controls=\"controls\" preload=\"none\" poster=\"http:\/\/edulingua.net\/images\/poster_2.jpg\" loop=\"loop\"><source src=\"http:\/\/edulingua.net\/udv\/j\u00f3_reggelt_2k_l.mp4\" type=\"video\/mp4\" \/> B\u00f6ng\u00e9sz\u0151je nem t\u00e1mogatja a vide\u00f3 form\u00e1tumot.. <\/video><\/td>        <\/tr>\n            <tr data-row_id=\"36302\" class=\"ninja_table_row_16 nt_row_id_36302\">\n            <td><h4>k\u00e9r<\/h4><\/td><td><video width=\"535\" height=\"300\" controls=\"controls\" preload=\"none\" poster=\"http:\/\/edulingua.net\/images\/poster_2.jpg\" loop=\"loop\"><source src=\"http:\/\/edulingua.net\/udv\/4531_k\u00e9r_T014.mp4\" type=\"video\/mp4\" \/> B\u00f6ng\u00e9sz\u0151je nem t\u00e1mogatja a vide\u00f3 form\u00e1tumot.. <\/video><\/td>        <\/tr>\n            <tr data-row_id=\"36303\" class=\"ninja_table_row_17 nt_row_id_36303\">\n            <td><h4>Kez\u00e9t cs\u00f3kolom!<\/h4><\/td><td><video width=\"535\" height=\"300\" controls=\"controls\" preload=\"none\" poster=\"http:\/\/edulingua.net\/images\/poster_2.jpg\" loop=\"loop\"><source src=\"http:\/\/edulingua.net\/udv\/kezics\u00f3kolom_2k_l.mp4\" type=\"video\/mp4\" \/> B\u00f6ng\u00e9sz\u0151je nem t\u00e1mogatja a vide\u00f3 form\u00e1tumot.. <\/video><\/td>        <\/tr>\n            <tr data-row_id=\"36304\" class=\"ninja_table_row_18 nt_row_id_36304\">\n            <td><h4>K\u00f6szi.<\/h4><\/td><td><video width=\"535\" height=\"300\" controls=\"controls\" preload=\"none\" poster=\"http:\/\/edulingua.net\/images\/poster_2.jpg\" loop=\"loop\"><source src=\"http:\/\/edulingua.net\/udv\/k\u00f6szi_2k_l.mp4\" type=\"video\/mp4\" \/> B\u00f6ng\u00e9sz\u0151je nem t\u00e1mogatja a vide\u00f3 form\u00e1tumot.. <\/video><\/td>        <\/tr>\n            <tr data-row_id=\"36305\" class=\"ninja_table_row_19 nt_row_id_36305\">\n            <td><h4>k\u00f6sz\u00f6n<\/h4><\/td><td><video width=\"535\" height=\"300\" controls=\"controls\" preload=\"none\" poster=\"http:\/\/edulingua.net\/images\/poster_2.jpg\" loop=\"loop\"><source src=\"http:\/\/edulingua.net\/udv\/1142_k\u00f6sz\u00f6n_T022.mp4\" type=\"video\/mp4\" \/> B\u00f6ng\u00e9sz\u0151je nem t\u00e1mogatja a vide\u00f3 form\u00e1tumot.. <\/video><\/td>        <\/tr>\n            <tr data-row_id=\"36306\" class=\"ninja_table_row_20 nt_row_id_36306\">\n            <td><h4>K\u00f6sz\u00f6n\u00f6m sz\u00e9pen.<\/h4><\/td><td><video width=\"535\" height=\"300\" controls=\"controls\" preload=\"none\" poster=\"http:\/\/edulingua.net\/images\/poster_2.jpg\" loop=\"loop\"><source src=\"http:\/\/edulingua.net\/udv\/k\u00f6sz\u00f6n\u00f6m_sz\u00e9pen_2k_l.mp4\" type=\"video\/mp4\" \/> B\u00f6ng\u00e9sz\u0151je nem t\u00e1mogatja a vide\u00f3 form\u00e1tumot.. <\/video><\/td>        <\/tr>\n            <tr data-row_id=\"36307\" class=\"ninja_table_row_21 nt_row_id_36307\">\n            <td><h4>K\u00f6sz\u00f6n\u00f6m.<\/h4><\/td><td><video width=\"535\" height=\"300\" controls=\"controls\" preload=\"none\" poster=\"http:\/\/edulingua.net\/images\/poster_2.jpg\" loop=\"loop\"><source src=\"http:\/\/edulingua.net\/udv\/k\u00f6sz\u00f6n\u00f6m_2k_l.mp4\" type=\"video\/mp4\" \/> B\u00f6ng\u00e9sz\u0151je nem t\u00e1mogatja a vide\u00f3 form\u00e1tumot.. <\/video><\/td>        <\/tr>\n            <tr data-row_id=\"36308\" class=\"ninja_table_row_22 nt_row_id_36308\">\n            <td><h4>L\u00e9gy sz\u00edves!<\/h4><\/td><td><video width=\"535\" height=\"300\" controls=\"controls\" preload=\"none\" poster=\"http:\/\/edulingua.net\/images\/poster_2.jpg\" loop=\"loop\"><source src=\"http:\/\/edulingua.net\/udv\/l\u00e9gy_sz\u00edves_2k_l.mp4\" type=\"video\/mp4\" \/> B\u00f6ng\u00e9sz\u0151je nem t\u00e1mogatja a vide\u00f3 form\u00e1tumot.. <\/video><\/td>        <\/tr>\n            <tr data-row_id=\"36309\" class=\"ninja_table_row_23 nt_row_id_36309\">\n            <td><h4>Szabad...<\/h4><\/td><td><video width=\"535\" height=\"300\" controls=\"controls\" preload=\"none\" poster=\"http:\/\/edulingua.net\/images\/poster_2.jpg\" loop=\"loop\"><source src=\"http:\/\/edulingua.net\/udv\/szabad_2k_l.mp4\" type=\"video\/mp4\" \/> B\u00f6ng\u00e9sz\u0151je nem t\u00e1mogatja a vide\u00f3 form\u00e1tumot.. <\/video><\/td>        <\/tr>\n            <tr data-row_id=\"36310\" class=\"ninja_table_row_24 nt_row_id_36310\">\n            <td><h4>Szabad?<\/h4><\/td><td><video width=\"535\" height=\"300\" controls=\"controls\" preload=\"none\" poster=\"http:\/\/edulingua.net\/images\/poster_2.jpg\" loop=\"loop\"><source src=\"http:\/\/edulingua.net\/udv\/szabad_k\u00e9rd_2k_l.mp4\" type=\"video\/mp4\" \/> B\u00f6ng\u00e9sz\u0151je nem t\u00e1mogatja a vide\u00f3 form\u00e1tumot.. <\/video><\/td>        <\/tr>\n            <tr data-row_id=\"36311\" class=\"ninja_table_row_25 nt_row_id_36311\">\n            <td><h4>Szervusz!<\/h4><\/td><td><video width=\"535\" height=\"300\" controls=\"controls\" preload=\"none\" poster=\"http:\/\/edulingua.net\/images\/poster_2.jpg\" loop=\"loop\"><source src=\"http:\/\/edulingua.net\/udv\/szervusz_2k_l.mp4\" type=\"video\/mp4\" \/> B\u00f6ng\u00e9sz\u0151je nem t\u00e1mogatja a vide\u00f3 form\u00e1tumot.. <\/video><\/td>        <\/tr>\n            <tr data-row_id=\"36312\" class=\"ninja_table_row_26 nt_row_id_36312\">\n            <td><h4>Szia!<\/h4><\/td><td><video width=\"535\" height=\"300\" controls=\"controls\" preload=\"none\" poster=\"http:\/\/edulingua.net\/images\/poster_2.jpg\" loop=\"loop\"><source src=\"http:\/\/edulingua.net\/udv\/szia_2k_l.mp4\" type=\"video\/mp4\" \/> B\u00f6ng\u00e9sz\u0151je nem t\u00e1mogatja a vide\u00f3 form\u00e1tumot.. <\/video><\/td>        <\/tr>\n            <tr data-row_id=\"36313\" class=\"ninja_table_row_27 nt_row_id_36313\">\n            <td><h4>Sz\u00edvesen.<\/h4><\/td><td><video width=\"535\" height=\"300\" controls=\"controls\" preload=\"none\" poster=\"http:\/\/edulingua.net\/images\/poster_2.jpg\" loop=\"loop\"><source src=\"http:\/\/edulingua.net\/udv\/sz\u00edvesen_2k_l.mp4\" type=\"video\/mp4\" \/> B\u00f6ng\u00e9sz\u0151je nem t\u00e1mogatja a vide\u00f3 form\u00e1tumot.. <\/video><\/td>        <\/tr>\n            <tr data-row_id=\"36314\" class=\"ninja_table_row_28 nt_row_id_36314\">\n            <td><h4>Tess\u00e9k!<\/h4><\/td><td><video width=\"535\" height=\"300\" controls=\"controls\" preload=\"none\" poster=\"http:\/\/edulingua.net\/images\/poster_2.jpg\" loop=\"loop\"><source src=\"http:\/\/edulingua.net\/udv\/tess\u00e9k_2k_l.mp4\" type=\"video\/mp4\" \/> B\u00f6ng\u00e9sz\u0151je nem t\u00e1mogatja a vide\u00f3 form\u00e1tumot.. <\/video><\/td>        <\/tr>\n            <tr data-row_id=\"36315\" class=\"ninja_table_row_29 nt_row_id_36315\">\n            <td><h4>tiszteleg<\/h4><\/td><td><video width=\"535\" height=\"300\" controls=\"controls\" preload=\"none\" poster=\"http:\/\/edulingua.net\/images\/poster_2.jpg\" loop=\"loop\"><source src=\"http:\/\/edulingua.net\/udv\/4324_tiszteleg_T040.mp4\" type=\"video\/mp4\" \/> B\u00f6ng\u00e9sz\u0151je nem t\u00e1mogatja a vide\u00f3 form\u00e1tumot.. <\/video><\/td>        <\/tr>\n            <tr data-row_id=\"36316\" class=\"ninja_table_row_30 nt_row_id_36316\">\n            <td><h4>tisztelet<\/h4><\/td><td><video width=\"535\" height=\"300\" controls=\"controls\" preload=\"none\" poster=\"http:\/\/edulingua.net\/images\/poster_2.jpg\" loop=\"loop\"><source src=\"http:\/\/edulingua.net\/udv\/tisztelet_2k_l.mp4\" type=\"video\/mp4\" \/> B\u00f6ng\u00e9sz\u0151je nem t\u00e1mogatja a vide\u00f3 form\u00e1tumot.. <\/video><\/td>        <\/tr>\n            <tr data-row_id=\"36317\" class=\"ninja_table_row_31 nt_row_id_36317\">\n            <td><h4>Tisztelt...!<\/h4><\/td><td><video width=\"535\" height=\"300\" controls=\"controls\" preload=\"none\" poster=\"http:\/\/edulingua.net\/images\/poster_2.jpg\" loop=\"loop\"><source src=\"http:\/\/edulingua.net\/udv\/tisztelt_2k_l.mp4\" type=\"video\/mp4\" \/> B\u00f6ng\u00e9sz\u0151je nem t\u00e1mogatja a vide\u00f3 form\u00e1tumot.. <\/video><\/td>        <\/tr>\n            <tr data-row_id=\"36318\" class=\"ninja_table_row_32 nt_row_id_36318\">\n            <td><h4>udvarias<\/h4><\/td><td><video width=\"535\" height=\"300\" controls=\"controls\" preload=\"none\" poster=\"http:\/\/edulingua.net\/images\/poster_2.jpg\" loop=\"loop\"><source src=\"http:\/\/edulingua.net\/udv\/2023_udvarias_T034.mp4\" type=\"video\/mp4\" \/> B\u00f6ng\u00e9sz\u0151je nem t\u00e1mogatja a vide\u00f3 form\u00e1tumot.. <\/video><\/td>        <\/tr>\n            <tr data-row_id=\"36319\" class=\"ninja_table_row_33 nt_row_id_36319\">\n            <td><h4>udvarias 2<\/h4><\/td><td><video width=\"535\" height=\"300\" controls=\"controls\" preload=\"none\" poster=\"http:\/\/edulingua.net\/images\/poster_2.jpg\" loop=\"loop\"><source src=\"http:\/\/edulingua.net\/udv\/2024_udvarias_T040.mp4\" type=\"video\/mp4\" \/> B\u00f6ng\u00e9sz\u0151je nem t\u00e1mogatja a vide\u00f3 form\u00e1tumot.. <\/video><\/td>        <\/tr>\n            <tr data-row_id=\"36320\" class=\"ninja_table_row_34 nt_row_id_36320\">\n            <td><h4>Vigy\u00e1zz magadra!<\/h4><\/td><td><video width=\"535\" height=\"300\" controls=\"controls\" preload=\"none\" poster=\"http:\/\/edulingua.net\/images\/poster_2.jpg\" loop=\"loop\"><source src=\"http:\/\/edulingua.net\/udv\/vigy\u00e1zz_magadra_2k_l.mp4\" type=\"video\/mp4\" \/> B\u00f6ng\u00e9sz\u0151je nem t\u00e1mogatja a vide\u00f3 form\u00e1tumot.. <\/video><\/td>        <\/tr>\n            <tr data-row_id=\"36321\" class=\"ninja_table_row_35 nt_row_id_36321\">\n            <td><h4>Viszontl\u00e1t\u00e1sra!<\/h4><\/td><td><video width=\"535\" height=\"300\" controls=\"controls\" preload=\"none\" poster=\"http:\/\/edulingua.net\/images\/poster_2.jpg\" loop=\"loop\"><source src=\"http:\/\/edulingua.net\/udv\/viszontl\u00e1t\u00e1sra_2k_l.mp4\" type=\"video\/mp4\" \/> B\u00f6ng\u00e9sz\u0151je nem t\u00e1mogatja a vide\u00f3 form\u00e1tumot.. <\/video><\/td>        <\/tr>\n    <\/tbody><!--ninja_tobody_rendering_done-->\n    <\/table>\n    \n    \n    \n<\/div>\n\n","protected":false},"excerpt":{"rendered":"","protected":false},"author":1,"featured_media":0,"parent":0,"menu_order":0,"comment_status":"closed","ping_status":"closed","template":"","meta":{"footnotes":""},"class_list":["post-1128","page","type-page","status-publish","hentry"],"jetpack_sharing_enabled":true,"_links":{"self":[{"href":"https:\/\/edulingua.net\/edupage\/wp-json\/wp\/v2\/pages\/1128","targetHints":{"allow":["GET"]}}],"collection":[{"href":"https:\/\/edulingua.net\/edupage\/wp-json\/wp\/v2\/pages"}],"about":[{"href":"https:\/\/edulingua.net\/edupage\/wp-json\/wp\/v2\/types\/page"}],"author":[{"embeddable":true,"href":"https:\/\/edulingua.net\/edupage\/wp-json\/wp\/v2\/users\/1"}],"replies":[{"embeddable":true,"href":"https:\/\/edulingua.net\/edupage\/wp-json\/wp\/v2\/comments?post=1128"}],"version-history":[{"count":1,"href":"https:\/\/edulingua.net\/edupage\/wp-json\/wp\/v2\/pages\/1128\/revisions"}],"predecessor-version":[{"id":1129,"href":"https:\/\/edulingua.net\/edupage\/wp-json\/wp\/v2\/pages\/1128\/revisions\/1129"}],"wp:attachment":[{"href":"https:\/\/edulingua.net\/edupage\/wp-json\/wp\/v2\/media?parent=1128"}],"curies":[{"name":"wp","href":"https:\/\/api.w.org\/{rel}","templated":true}]}}